{"id":6563,"date":"2016-09-22T07:53:59","date_gmt":"2016-09-22T07:53:59","guid":{"rendered":"https:\/\/www.micro4asia.eu\/business-home\/"},"modified":"2026-03-20T22:40:35","modified_gmt":"2026-03-20T22:40:35","slug":"business-home","status":"publish","type":"page","link":"https:\/\/www.micro4asia.eu\/vi\/","title":{"rendered":"Trang ch\u1ee7"},"content":{"rendered":"<div class=\"wpb-content-wrapper\"><p>[vc_row][vc_column][rev_slider_vc alias=&#8221;micro4asia-home-lao-1&#8243;][\/vc_column][\/vc_row][vc_row css=&#8221;.vc_custom_1746737614999{background-image: url(https:\/\/www.micro4asia.eu\/wp-content\/uploads\/2025\/05\/pozadina-home.jpg?id=5516) !important;}&#8221;][vc_column]<div class=\"eltdf-elements-holder eltdf-three-columns eltdf-responsive-mode-768\" ><div class=\"eltdf-eh-item \" data-item-class=\"eltdf-eh-custom-107520\" data-1024-1280=\"14% 11% 14% 11%\" data-600-768=\"14% 30% 14% 16%\" data-480=\"14% 10% 14% 10%\" >\n\t<div class=\"eltdf-eh-item-inner\" >\n\t\t<div class=\"eltdf-eh-item-content eltdf-eh-custom-107520\" style=\"padding: 14% 16% 14% 16%\">\n\t\t\t[vc_empty_space height=&#8221;20&#8243;][vc_column_text css=&#8221;&#8221;]<\/p>\n<h4 style=\"text-align: center;\">Th\u00f4ng tin li\u00ean h\u1ec7<\/h4>\n<p style=\"text-align: center;\"><strong><a href=\"mailto:micro4asia@econ.muni.cz\">micro4asia@econ.muni.cz<\/a><\/strong><\/p>\n<p style=\"text-align: center;\"><strong>Du\u0161an Mladenovi\u0107<\/strong><\/p>\n<p style=\"text-align: center;\"><a class=\"decorated-link cursor-pointer\" rel=\"noopener\" data-start=\"592\" data-end=\"621\">dusan.mladenovic@econ.muni.cz<\/a><\/p>\n<p>[\/vc_column_text][vc_empty_space height=&#8221;65&#8243;]\t\t<\/div>\n\t<\/div>\n<\/div><div class=\"eltdf-eh-item \" data-item-class=\"eltdf-eh-custom-456513\" data-1024-1280=\"14% 11% 14% 11%\" data-600-768=\"14% 30% 14% 16%\" data-480=\"14% 10% 14% 10%\" >\n\t<div class=\"eltdf-eh-item-inner\" style=\"background-color: #00000000\">\n\t\t<div class=\"eltdf-eh-item-content eltdf-eh-custom-456513\" style=\"padding: 14% 16% 14% 16%\">\n\t\t\t[vc_empty_space height=&#8221;15&#8243;][vc_column_text css=&#8221;&#8221;]<img loading=\"lazy\" decoding=\"async\" class=\"size-medium wp-image-5466 aligncenter\" src=\"https:\/\/www.micro4asia.eu\/wp-content\/uploads\/2025\/05\/EN-Co-funded-by-the-EU_POS-300x67.png\" alt=\"\" width=\"300\" height=\"67\" srcset=\"https:\/\/www.micro4asia.eu\/wp-content\/uploads\/2025\/05\/EN-Co-funded-by-the-EU_POS-300x67.png 300w, https:\/\/www.micro4asia.eu\/wp-content\/uploads\/2025\/05\/EN-Co-funded-by-the-EU_POS.png 596w\" sizes=\"auto, (max-width: 300px) 100vw, 300px\" \/>[\/vc_column_text][vc_empty_space height=&#8221;64&#8243;]\t\t<\/div>\n\t<\/div>\n<\/div><div class=\"eltdf-eh-item \" data-item-class=\"eltdf-eh-custom-673345\" data-1024-1280=\"14% 11% 14% 11%\" data-600-768=\"14% 30% 14% 16%\" data-480=\"14% 10% 14% 10%\" >\n\t<div class=\"eltdf-eh-item-inner\" style=\"background-color: #F8F7F700\">\n\t\t<div class=\"eltdf-eh-item-content eltdf-eh-custom-673345\" style=\"padding: 14% 16% 14% 16%\">\n\t\t\t[vc_empty_space height=&#8221;4&#8243;][vc_column_text css=&#8221;&#8221;]<a href=\"https:\/\/www.facebook.com\/Micro4Asia\/\"><img loading=\"lazy\" decoding=\"async\" class=\"alignnone wp-image-5496\" src=\"https:\/\/www.micro4asia.eu\/wp-content\/uploads\/2025\/05\/icons8-facebook-150.png\" alt=\"\" width=\"110\" height=\"110\" \/><\/a><a href=\"https:\/\/www.linkedin.com\/company\/micro4asia\/\"><img loading=\"lazy\" decoding=\"async\" class=\"alignnone wp-image-5495\" src=\"https:\/\/www.micro4asia.eu\/wp-content\/uploads\/2025\/05\/icons8-linkedin-150.png\" alt=\"\" width=\"110\" height=\"110\" \/><\/a>[\/vc_column_text][vc_empty_space height=&#8221;31&#8243;]\t\t<\/div>\n\t<\/div>\n<\/div><\/div>[\/vc_column][\/vc_row][vc_row css=&#8221;.vc_custom_1746740266048{padding-top: 15px !important;padding-bottom: 5px !important;}&#8221;][vc_column css=&#8221;.vc_custom_1474281536962{padding-top: 0px !important;}&#8221;][vc_row_inner row_content_width=&#8221;grid&#8221; css=&#8221;.vc_custom_1748951722375{padding-top: 20px !important;padding-right: 20px !important;padding-bottom: 20px !important;padding-left: 20px !important;background-color: #FAFAFA !important;}&#8221;][vc_column_inner][vc_basic_grid post_type=&#8221;post&#8221; max_items=&#8221;10&#8243; element_width=&#8221;12&#8243; item=&#8221;6455&#8243; css=&#8221;&#8221; grid_id=&#8221;vc_gid:1774046312314-0b466f80-666f-9&#8243; taxonomies=&#8221;101&#8243;][\/vc_column_inner][\/vc_row_inner][\/vc_column][\/vc_row][vc_row css=&#8221;.vc_custom_1746737660996{padding-top: 66px !important;padding-bottom: 66px !important;background-color: #F7FAFB !important;}&#8221;][vc_column css=&#8221;.vc_custom_1474285720223{padding-top: 0px !important;}&#8221;][vc_row_inner css=&#8221;.vc_custom_1769069904450{padding-right: 10% !important;padding-left: 10% !important;}&#8221;][vc_column_inner width=&#8221;1\/4&#8243;][vc_single_image image=&#8221;6898&#8243; img_size=&#8221;&#8221; alignment=&#8221;center&#8221; css=&#8221;&#8221;][\/vc_column_inner][vc_column_inner width=&#8221;1\/4&#8243;][vc_single_image image=&#8221;5502&#8243; img_size=&#8221;&#8221; alignment=&#8221;center&#8221; css=&#8221;&#8221;][\/vc_column_inner][vc_column_inner width=&#8221;1\/2&#8243;][vc_column_text css=&#8221;&#8221;]\u0110\u01b0\u1ee3c t\u00e0i tr\u1ee3 b\u1edfi Li\u00ean minh ch\u00e2u \u00c2u. Tuy nhi\u00ean, c\u00e1c quan \u0111i\u1ec3m v\u00e0 \u00fd ki\u1ebfn \u0111\u01b0\u1ee3c th\u1ec3 hi\u1ec7n ch\u1ec9 ph\u1ea3n \u00e1nh quan \u0111i\u1ec3m c\u1ee7a (c\u00e1c) t\u00e1c gi\u1ea3 v\u00e0 kh\u00f4ng nh\u1ea5t thi\u1ebft ph\u1ea3n \u00e1nh quan \u0111i\u1ec3m c\u1ee7a Li\u00ean minh ch\u00e2u \u00c2u ho\u1eb7c C\u01a1 quan \u0110i\u1ec1u h\u00e0nh Gi\u00e1o d\u1ee5c v\u00e0 V\u0103n h\u00f3a ch\u00e2u \u00c2u (EACEA). Li\u00ean minh ch\u00e2u \u00c2u c\u0169ng nh\u01b0 c\u01a1 quan c\u1ea5p t\u00e0i tr\u1ee3 kh\u00f4ng ch\u1ecbu tr\u00e1ch nhi\u1ec7m \u0111\u1ed1i v\u1edbi c\u00e1c quan \u0111i\u1ec3m v\u00e0 \u00fd ki\u1ebfn \u0111\u00f3.[\/vc_column_text][\/vc_column_inner][\/vc_row_inner][vc_row_inner css=&#8221;.vc_custom_1769031519980{padding-right: 10% !important;padding-left: 10% !important;}&#8221;][vc_column_inner width=&#8221;2\/3&#8243;][\/vc_column_inner][vc_column_inner width=&#8221;1\/3&#8243;][vc_empty_space][vc_raw_html css=&#8221;&#8221;]JTNDZGl2JTIwY2xhc3MlM0QlMjJtaWNybzRhc2lhLXNoYXJlJTIyJTNFJTBBJTIwJTIwJTNDJTIxLS0lMjBGYWNlYm9vayUyMFNIQVJFJTIwLS0lM0UlMEElMjAlMjAlM0NhJTIwY2xhc3MlM0QlMjJtaWNybzRhc2lhLXNoYXJlX19hJTIyJTBBJTIwJTIwJTIwJTIwJTIwaHJlZiUzRCUyMmh0dHBzJTNBJTJGJTJGd3d3LmZhY2Vib29rLmNvbSUyRk1JQ1JPNEFTSUElMkYlMjIlMjB0YXJnZXQlM0QlMjJfYmxhbmslMjIlMjByZWwlM0QlMjJub29wZW5lciUyMiUyMiUwQSUyMCUyMCUyMCUyMCUyMHRhcmdldCUzRCUyMl9ibGFuayUyMiUyMHJlbCUzRCUyMm5vb3BlbmVyJTIwbm9yZWZlcnJlciUyMiUyMGFyaWEtbGFiZWwlM0QlMjJTaGFyZSUyMG9uJTIwRmFjZWJvb2slMjIlM0UlMEElMjAlMjAlMjAlMjAlM0NzdmclMjBjbGFzcyUzRCUyMm1pY3JvNGFzaWEtc2hhcmVfX2klMjIlMjB2aWV3Qm94JTNEJTIyMCUyMDAlMjAyNCUyMDI0JTIyJTIwYXJpYS1oaWRkZW4lM0QlMjJ0cnVlJTIyJTNFJTBBJTIwJTIwJTIwJTIwJTIwJTIwJTNDcGF0aCUyMGQlM0QlMjJNMjIlMjAxMmExMCUyMDEwJTIwMCUyMDElMjAwLTExLjUlMjA5Ljl2LTdoLTJ2LTNoMlY5LjVjMC0yJTIwMS4yLTMuMSUyMDMtMy4xLjklMjAwJTIwMS44LjElMjAxLjguMXYyaC0xYy0xJTIwMC0xLjMuNi0xLjMlMjAxLjJWMTJoMi4zbC0uNCUyMDNoLTEuOXY3QTEwJTIwMTAlMjAwJTIwMCUyMDAlMjAyMiUyMDEyeiUyMiUyRiUzRSUwQSUyMCUyMCUyMCUyMCUzQyUyRnN2ZyUzRSUwQSUyMCUyMCUzQyUyRmElM0UlMEElMEElMjAlMjAlM0MlMjEtLSUyMExpbmtlZEluJTIwU0hBUkUlMjAtLSUzRSUwQSUyMCUyMCUzQ2ElMjBjbGFzcyUzRCUyMm1pY3JvNGFzaWEtc2hhcmVfX2ElMjIlMEElMjAlMjAlMjAlMjAlMjBocmVmJTNEJTIyaHR0cHMlM0ElMkYlMkZ3d3cubGlua2VkaW4uY29tJTJGY29tcGFueSUyRm1pY3JvNGFzaWElMkYlMjIlMjAlMjJ0YXJnZXQlM0QlMjJfYmxhbmslMjIlMjByZWwlM0QlMjJub29wZW5lciUyMiUyMiUwQSUyMCUyMCUyMCUyMCUyMHRhcmdldCUzRCUyMl9ibGFuayUyMiUyMHJlbCUzRCUyMm5vb3BlbmVyJTIwbm9yZWZlcnJlciUyMiUyMGFyaWEtbGFiZWwlM0QlMjJTaGFyZSUyMG9uJTIwTGlua2VkSW4lMjIlM0UlMEElMjAlMjAlMjAlMjAlM0NzdmclMjBjbGFzcyUzRCUyMm1pY3JvNGFzaWEtc2hhcmVfX2klMjIlMjB2aWV3Qm94JTNEJTIyMCUyMDAlMjAyNCUyMDI0JTIyJTIwYXJpYS1oaWRkZW4lM0QlMjJ0cnVlJTIyJTNFJTBBJTIwJTIwJTIwJTIwJTIwJTIwJTNDcGF0aCUyMGQlM0QlMjJNNC45OCUyMDMuNWEyLjUlMjAyLjUlMjAwJTIwMSUyMDAlMjAwJTIwNSUyMDIuNSUyMDIuNSUyMDAlMjAwJTIwMCUyMDAtNXpNMyUyMDloNHYxMkgzek05JTIwOWgzLjh2MS42aC4xYy41LS45JTIwMS44LTEuOSUyMDMuNy0xLjklMjA0JTIwMCUyMDQuNyUyMDIuNiUyMDQuNyUyMDZWMjFoLTR2LTUuM2MwLTEuMyUyMDAtMy0xLjktM3MtMi4yJTIwMS40LTIuMiUyMDIuOVYyMUg5eiUyMiUyRiUzRSUwQSUyMCUyMCUyMCUyMCUzQyUyRnN2ZyUzRSUwQSUyMCUyMCUzQyUyRmElM0UlMEElM0MlMkZkaXYlM0UlMEE=[\/vc_raw_html][\/vc_column_inner][\/vc_row_inner][\/vc_column][\/vc_row]<\/p>\n<\/div>","protected":false},"excerpt":{"rendered":"<p>[vc_row][vc_column][rev_slider_vc alias=&#8221;micro4asia-home-lao-1&#8243;][\/vc_column][\/vc_row][vc_row css=&#8221;.vc_custom_1746737614999{background-image: url(https:\/\/www.micro4asia.eu\/wp-content\/uploads\/2025\/05\/pozadina-home.jpg?id=5516) !important;}&#8221;][vc_column][\/vc_column][\/vc_row][vc_row css=&#8221;.vc_custom_1746740266048{padding-top: 15px !important;padding-bottom: 5px !important;}&#8221;][vc_column css=&#8221;.vc_custom_1474281536962{padding-top: 0px !important;}&#8221;][vc_row_inner row_content_width=&#8221;grid&#8221; css=&#8221;.vc_custom_1748951722375{padding-top: 20px !important;padding-right: 20px !important;padding-bottom: 20px !important;padding-left: 20px !important;background-color: #FAFAFA !important;}&#8221;][vc_column_inner][vc_basic_grid post_type=&#8221;post&#8221; max_items=&#8221;10&#8243; element_width=&#8221;12&#8243; item=&#8221;6455&#8243; css=&#8221;&#8221; grid_id=&#8221;vc_gid:1774046312314-0b466f80-666f-9&#8243; taxonomies=&#8221;101&#8243;][\/vc_column_inner][\/vc_row_inner][\/vc_column][\/vc_row][vc_row css=&#8221;.vc_custom_1746737660996{padding-top: 66px !important;padding-bottom: 66px !important;background-color: #F7FAFB !important;}&#8221;][vc_column css=&#8221;.vc_custom_1474285720223{padding-top: 0px !important;}&#8221;][vc_row_inner css=&#8221;.vc_custom_1769069904450{padding-right: 10% !important;padding-left: 10% !important;}&#8221;][vc_column_inner width=&#8221;1\/4&#8243;][vc_single_image image=&#8221;6898&#8243; img_size=&#8221;&#8221; alignment=&#8221;center&#8221; css=&#8221;&#8221;][\/vc_column_inner][vc_column_inner width=&#8221;1\/4&#8243;][vc_single_image image=&#8221;5502&#8243; img_size=&#8221;&#8221; alignment=&#8221;center&#8221; css=&#8221;&#8221;][\/vc_column_inner][vc_column_inner width=&#8221;1\/2&#8243;][vc_column_text css=&#8221;&#8221;]\u0110\u01b0\u1ee3c t\u00e0i tr\u1ee3 b\u1edfi Li\u00ean minh ch\u00e2u \u00c2u. Tuy nhi\u00ean, c\u00e1c quan \u0111i\u1ec3m v\u00e0 \u00fd ki\u1ebfn \u0111\u01b0\u1ee3c th\u1ec3 hi\u1ec7n ch\u1ec9 ph\u1ea3n \u00e1nh quan \u0111i\u1ec3m c\u1ee7a (c\u00e1c) t\u00e1c gi\u1ea3 v\u00e0 kh\u00f4ng nh\u1ea5t thi\u1ebft ph\u1ea3n \u00e1nh quan \u0111i\u1ec3m c\u1ee7a Li\u00ean minh ch\u00e2u \u00c2u ho\u1eb7c C\u01a1 quan \u0110i\u1ec1u h\u00e0nh Gi\u00e1o d\u1ee5c v\u00e0 V\u0103n h\u00f3a ch\u00e2u \u00c2u (EACEA). Li\u00ean minh ch\u00e2u \u00c2u c\u0169ng nh\u01b0 c\u01a1 quan c\u1ea5p t\u00e0i tr\u1ee3 kh\u00f4ng ch\u1ecbu tr\u00e1ch nhi\u1ec7m \u0111\u1ed1i v\u1edbi c\u00e1c quan \u0111i\u1ec3m v\u00e0 \u00fd ki\u1ebfn \u0111\u00f3.[\/vc_column_text][\/vc_column_inner][\/vc_row_inner][vc_row_inner css=&#8221;.vc_custom_1769031519980{padding-right: 10% !important;padding-left: 10% !important;}&#8221;][vc_column_inner width=&#8221;2\/3&#8243;][\/vc_column_inner][vc_column_inner width=&#8221;1\/3&#8243;][vc_empty_space][vc_raw_html css=&#8221;&#8221;]JTNDZGl2JTIwY2xhc3MlM0QlMjJtaWNybzRhc2lhLXNoYXJlJTIyJTNFJTBBJTIwJTIwJTNDJTIxLS0lMjBGYWNlYm9vayUyMFNIQVJFJTIwLS0lM0UlMEElMjAlMjAlM0NhJTIwY2xhc3MlM0QlMjJtaWNybzRhc2lhLXNoYXJlX19hJTIyJTBBJTIwJTIwJTIwJTIwJTIwaHJlZiUzRCUyMmh0dHBzJTNBJTJGJTJGd3d3LmZhY2Vib29rLmNvbSUyRk1JQ1JPNEFTSUElMkYlMjIlMjB0YXJnZXQlM0QlMjJfYmxhbmslMjIlMjByZWwlM0QlMjJub29wZW5lciUyMiUyMiUwQSUyMCUyMCUyMCUyMCUyMHRhcmdldCUzRCUyMl9ibGFuayUyMiUyMHJlbCUzRCUyMm5vb3BlbmVyJTIwbm9yZWZlcnJlciUyMiUyMGFyaWEtbGFiZWwlM0QlMjJTaGFyZSUyMG9uJTIwRmFjZWJvb2slMjIlM0UlMEElMjAlMjAlMjAlMjAlM0NzdmclMjBjbGFzcyUzRCUyMm1pY3JvNGFzaWEtc2hhcmVfX2klMjIlMjB2aWV3Qm94JTNEJTIyMCUyMDAlMjAyNCUyMDI0JTIyJTIwYXJpYS1oaWRkZW4lM0QlMjJ0cnVlJTIyJTNFJTBBJTIwJTIwJTIwJTIwJTIwJTIwJTNDcGF0aCUyMGQlM0QlMjJNMjIlMjAxMmExMCUyMDEwJTIwMCUyMDElMjAwLTExLjUlMjA5Ljl2LTdoLTJ2LTNoMlY5LjVjMC0yJTIwMS4yLTMuMSUyMDMtMy4xLjklMjAwJTIwMS44LjElMjAxLjguMXYyaC0xYy0xJTIwMC0xLjMuNi0xLjMlMjAxLjJWMTJoMi4zbC0uNCUyMDNoLTEuOXY3QTEwJTIwMTAlMjAwJTIwMCUyMDAlMjAyMiUyMDEyeiUyMiUyRiUzRSUwQSUyMCUyMCUyMCUyMCUzQyUyRnN2ZyUzRSUwQSUyMCUyMCUzQyUyRmElM0UlMEElMEElMjAlMjAlM0MlMjEtLSUyMExpbmtlZEluJTIwU0hBUkUlMjAtLSUzRSUwQSUyMCUyMCUzQ2ElMjBjbGFzcyUzRCUyMm1pY3JvNGFzaWEtc2hhcmVfX2ElMjIlMEElMjAlMjAlMjAlMjAlMjBocmVmJTNEJTIyaHR0cHMlM0ElMkYlMkZ3d3cubGlua2VkaW4uY29tJTJGY29tcGFueSUyRm1pY3JvNGFzaWElMkYlMjIlMjAlMjJ0YXJnZXQlM0QlMjJfYmxhbmslMjIlMjByZWwlM0QlMjJub29wZW5lciUyMiUyMiUwQSUyMCUyMCUyMCUyMCUyMHRhcmdldCUzRCUyMl9ibGFuayUyMiUyMHJlbCUzRCUyMm5vb3BlbmVyJTIwbm9yZWZlcnJlciUyMiUyMGFyaWEtbGFiZWwlM0QlMjJTaGFyZSUyMG9uJTIwTGlua2VkSW4lMjIlM0UlMEElMjAlMjAlMjAlMjAlM0NzdmclMjBjbGFzcyUzRCUyMm1pY3JvNGFzaWEtc2hhcmVfX2klMjIlMjB2aWV3Qm94JTNEJTIyMCUyMDAlMjAyNCUyMDI0JTIyJTIwYXJpYS1oaWRkZW4lM0QlMjJ0cnVlJTIyJTNFJTBBJTIwJTIwJTIwJTIwJTIwJTIwJTNDcGF0aCUyMGQlM0QlMjJNNC45OCUyMDMuNWEyLjUlMjAyLjUlMjAwJTIwMSUyMDAlMjAwJTIwNSUyMDIuNSUyMDIuNSUyMDAlMjAwJTIwMCUyMDAtNXpNMyUyMDloNHYxMkgzek05JTIwOWgzLjh2MS42aC4xYy41LS45JTIwMS44LTEuOSUyMDMuNy0xLjklMjA0JTIwMCUyMDQuNyUyMDIuNiUyMDQuNyUyMDZWMjFoLTR2LTUuM2MwLTEuMyUyMDAtMy0xLjktM3MtMi4yJTIwMS40LTIuMiUyMDIuOVYyMUg5eiUyMiUyRiUzRSUwQSUyMCUyMCUyMCUyMCUzQyUyRnN2ZyUzRSUwQSUyMCUyMCUzQyUyRmElM0UlMEElM0MlMkZkaXYlM0UlMEE=[\/vc_raw_html][\/vc_column_inner][\/vc_row_inner][\/vc_column][\/vc_row]<\/p>\n","protected":false},"author":1,"featured_media":0,"parent":0,"menu_order":0,"comment_status":"closed","ping_status":"closed","template":"full-width.php","meta":{"footnotes":""},"class_list":["post-6563","page","type-page","status-publish","hentry"],"_links":{"self":[{"href":"https:\/\/www.micro4asia.eu\/vi\/wp-json\/wp\/v2\/pages\/6563","targetHints":{"allow":["GET"]}}],"collection":[{"href":"https:\/\/www.micro4asia.eu\/vi\/wp-json\/wp\/v2\/pages"}],"about":[{"href":"https:\/\/www.micro4asia.eu\/vi\/wp-json\/wp\/v2\/types\/page"}],"author":[{"embeddable":true,"href":"https:\/\/www.micro4asia.eu\/vi\/wp-json\/wp\/v2\/users\/1"}],"replies":[{"embeddable":true,"href":"https:\/\/www.micro4asia.eu\/vi\/wp-json\/wp\/v2\/comments?post=6563"}],"version-history":[{"count":18,"href":"https:\/\/www.micro4asia.eu\/vi\/wp-json\/wp\/v2\/pages\/6563\/revisions"}],"predecessor-version":[{"id":7025,"href":"https:\/\/www.micro4asia.eu\/vi\/wp-json\/wp\/v2\/pages\/6563\/revisions\/7025"}],"wp:attachment":[{"href":"https:\/\/www.micro4asia.eu\/vi\/wp-json\/wp\/v2\/media?parent=6563"}],"curies":[{"name":"wp","href":"https:\/\/api.w.org\/{rel}","templated":true}]}}