{"id":6579,"date":"2025-06-03T11:03:43","date_gmt":"2025-06-03T11:03:43","guid":{"rendered":"https:\/\/www.micro4asia.eu\/about-the-project\/"},"modified":"2026-03-16T14:10:32","modified_gmt":"2026-03-16T14:10:32","slug":"about-the-project","status":"publish","type":"page","link":"https:\/\/www.micro4asia.eu\/vi\/about-the-project\/","title":{"rendered":"Gi\u1edbi thi\u1ec7u v\u1ec1 d\u1ef1 \u00e1n"},"content":{"rendered":"<div class=\"wpb-content-wrapper\"><p>[vc_row css=&#8221;.vc_custom_1746740266048{padding-top: 15px !important;padding-bottom: 5px !important;}&#8221;][vc_column css=&#8221;.vc_custom_1474281536962{padding-top: 0px !important;}&#8221;][vc_row_inner row_content_width=&#8221;grid&#8221; css=&#8221;.vc_custom_1748952162764{padding-right: 20px !important;padding-bottom: 20px !important;padding-left: 20px !important;background-color: #FAFAFA !important;}&#8221;][vc_column_inner][vc_column_text css=&#8221;&#8221;]<\/p>\n<h2>T\u1ed5ng quan d\u1ef1 \u00e1n<\/h2>\n<p>MICRO4ASIA l\u00e0 d\u1ef1 \u00e1n X\u00e2y d\u1ef1ng n\u0103ng l\u1ef1c trong gi\u00e1o d\u1ee5c \u0111\u1ea1i h\u1ecdc (CBHE) \u0111\u01b0\u1ee3c t\u00e0i tr\u1ee3 b\u1edfi ch\u01b0\u01a1ng tr\u00ecnh Erasmus+ c\u1ee7a Li\u00ean minh Ch\u00e2u \u00c2u. D\u1ef1 \u00e1n nh\u1eb1m m\u1ee5c \u0111\u00edch h\u1ed7 tr\u1ee3 c\u00e1c c\u01a1 s\u1edf gi\u00e1o d\u1ee5c \u0111\u1ea1i h\u1ecdc c\u1ee7a Vi\u1ec7t Nam v\u00e0 L\u00e0o trong vi\u1ec7c t\u0103ng c\u01b0\u1eddng c\u00e1c chi\u1ebfn l\u01b0\u1ee3c qu\u1ed1c t\u1ebf h\u00f3a th\u00f4ng qua vi\u1ec7c thi\u1ebft k\u1ebf, tri\u1ec3n khai v\u00e0 c\u00f4ng nh\u1eadn l\u1eabn nhau c\u00e1c ch\u1ee9ng ch\u1ec9 vi m\u00f4. MICRO4ASIA k\u1ebft n\u1ed1i c\u00e1c \u0111\u1ed1i t\u00e1c \u1edf Ch\u00e2u \u00c2u v\u00e0 \u0110\u00f4ng Nam \u00c1 \u0111\u1ec3 th\u00fac \u0111\u1ea9y c\u00e1c l\u1ed9 tr\u00ecnh h\u1ecdc t\u1eadp linh ho\u1ea1t, ph\u00e1t tri\u1ec3n c\u00e1c ch\u01b0\u01a1ng tr\u00ecnh trao \u0111\u1ed5i c\u00e1n b\u1ed9, gi\u1ea3ng vi\u00ean v\u00e0 sinh vi\u00ean, th\u00fac \u0111\u1ea9y s\u1ef1 h\u1ee3p t\u00e1c gi\u1eefa c\u00e1c s\u1edf s\u1edf gi\u00e1o d\u1ee5c v\u00e0 th\u1ecb tr\u01b0\u1eddng lao \u0111\u1ed9ng.[\/vc_column_text][\/vc_column_inner][\/vc_row_inner][\/vc_column][\/vc_row][vc_row css=&#8221;.vc_custom_1746741504264{padding-top: 5px !important;padding-bottom: 5px !important;}&#8221;][vc_column css=&#8221;.vc_custom_1474281536962{padding-top: 0px !important;}&#8221;][vc_row_inner row_content_width=&#8221;grid&#8221; css=&#8221;.vc_custom_1748952169538{padding-right: 20px !important;padding-bottom: 20px !important;padding-left: 20px !important;background-color: #FAFAFA !important;}&#8221;][vc_column_inner][vc_column_text css=&#8221;&#8221;]<\/p>\n<h2>M\u1ee5c ti\u00eau<\/h2>\n<p>M\u1ee5c ti\u00eau ch\u00ednh c\u1ee7a d\u1ef1 \u00e1n MICRO4ASIA l\u00e0:<\/p>\n<p>&nbsp;<\/p>\n<ul>\n<li>H\u1ed7 tr\u1ee3 vi\u1ec7c \u00e1p d\u1ee5ng c\u00e1c ch\u1ee9ng ch\u1ec9 vi m\u00f4 nh\u01b0 c\u00f4ng c\u1ee5 cho qu\u1ed1c t\u1ebf h\u00f3a v\u00e0 h\u1ecdc t\u1eadp su\u1ed1t \u0111\u1eddi.<\/li>\n<li>Ph\u00e1t tri\u1ec3n 36 ch\u1ee9ng ch\u1ec9 vi m\u00f4 trong c\u00e1c l\u0129nh v\u1ef1c c\u00f3 li\u00ean quan \u0111\u1ebfn nhu c\u1ea7u c\u1ee7a th\u1ecb tr\u01b0\u1eddng lao \u0111\u1ed9ng.<\/li>\n<li>Th\u00fac \u0111\u1ea9y h\u1ee3p t\u00e1c gi\u1eefa c\u00e1c c\u01a1 s\u1edf gi\u00e1o d\u1ee5c v\u00e0 khu\u00f4n kh\u1ed5 c\u00f4ng nh\u1eadn l\u1eabn nhau c\u00e1c ch\u1ee9ng ch\u1ec9 vi m\u00f4.<\/li>\n<li>X\u00e2y d\u1ef1ng n\u0103ng l\u1ef1c trong ph\u00e1t tri\u1ec3n c\u00e1c ch\u01b0\u01a1ng tr\u00ecnh gi\u1ea3ng day v\u00e0 s\u1eed d\u1ee5ng c\u00f4ng ngh\u1ec7 s\u1ed1.<\/li>\n<li>N\u00e2ng cao vai tr\u00f2 c\u1ee7a c\u00e1c c\u01a1 s\u1edf gi\u00e1o d\u1ee5c \u0111\u1ea1i h\u1ecdc trong c\u00f4ng t\u00e1c th\u00fac \u0111\u1ea9y kh\u1ea3 n\u0103ng tuy\u1ec3n d\u1ee5ng v\u00e0 ph\u00e1t tri\u1ec3n k\u1ef9 n\u0103ng.<\/li>\n<\/ul>\n<p>[\/vc_column_text][\/vc_column_inner][\/vc_row_inner][\/vc_column][\/vc_row][vc_row css=&#8221;.vc_custom_1746740271353{padding-top: 5px !important;padding-bottom: 15px !important;}&#8221;][vc_column css=&#8221;.vc_custom_1474281536962{padding-top: 0px !important;}&#8221;][vc_row_inner row_content_width=&#8221;grid&#8221; css=&#8221;.vc_custom_1748952179843{padding-right: 20px !important;padding-bottom: 20px !important;padding-left: 20px !important;background-color: #FAFAFA !important;}&#8221;][vc_column_inner][vc_single_image image=&#8221;5560&#8243; img_size=&#8221;full&#8221; alignment=&#8221;center&#8221; onclick=&#8221;link_image&#8221; css=&#8221;&#8221;][\/vc_column_inner][\/vc_row_inner][\/vc_column][\/vc_row][vc_row css=&#8221;.vc_custom_1746737660996{padding-top: 66px !important;padding-bottom: 66px !important;background-color: #F7FAFB !important;}&#8221;][vc_column css=&#8221;.vc_custom_1474285720223{padding-top: 0px !important;}&#8221;][vc_row_inner css=&#8221;.vc_custom_1769069904450{padding-right: 10% !important;padding-left: 10% !important;}&#8221;][vc_column_inner width=&#8221;1\/4&#8243;][vc_single_image image=&#8221;6898&#8243; img_size=&#8221;&#8221; alignment=&#8221;center&#8221; css=&#8221;&#8221;][\/vc_column_inner][vc_column_inner width=&#8221;1\/4&#8243;][vc_single_image image=&#8221;5502&#8243; img_size=&#8221;&#8221; alignment=&#8221;center&#8221; css=&#8221;&#8221;][\/vc_column_inner][vc_column_inner width=&#8221;1\/2&#8243;][vc_column_text css=&#8221;&#8221;]\u0110\u01b0\u1ee3c t\u00e0i tr\u1ee3 b\u1edfi Li\u00ean minh ch\u00e2u \u00c2u. Tuy nhi\u00ean, c\u00e1c quan \u0111i\u1ec3m v\u00e0 \u00fd ki\u1ebfn \u0111\u01b0\u1ee3c th\u1ec3 hi\u1ec7n ch\u1ec9 ph\u1ea3n \u00e1nh quan \u0111i\u1ec3m c\u1ee7a (c\u00e1c) t\u00e1c gi\u1ea3 v\u00e0 kh\u00f4ng nh\u1ea5t thi\u1ebft ph\u1ea3n \u00e1nh quan \u0111i\u1ec3m c\u1ee7a Li\u00ean minh ch\u00e2u \u00c2u ho\u1eb7c C\u01a1 quan \u0110i\u1ec1u h\u00e0nh Gi\u00e1o d\u1ee5c v\u00e0 V\u0103n h\u00f3a ch\u00e2u \u00c2u (EACEA). Li\u00ean minh ch\u00e2u \u00c2u c\u0169ng nh\u01b0 c\u01a1 quan c\u1ea5p t\u00e0i tr\u1ee3 kh\u00f4ng ch\u1ecbu tr\u00e1ch nhi\u1ec7m \u0111\u1ed1i v\u1edbi c\u00e1c quan \u0111i\u1ec3m v\u00e0 \u00fd ki\u1ebfn \u0111\u00f3.[\/vc_column_text][\/vc_column_inner][\/vc_row_inner][vc_row_inner css=&#8221;.vc_custom_1769031519980{padding-right: 10% !important;padding-left: 10% !important;}&#8221;][vc_column_inner width=&#8221;2\/3&#8243;][\/vc_column_inner][vc_column_inner width=&#8221;1\/3&#8243;][vc_empty_space][vc_raw_html css=&#8221;&#8221;]JTNDZGl2JTIwY2xhc3MlM0QlMjJtaWNybzRhc2lhLXNoYXJlJTIyJTNFJTBBJTIwJTIwJTNDJTIxLS0lMjBGYWNlYm9vayUyMFNIQVJFJTIwLS0lM0UlMEElMjAlMjAlM0NhJTIwY2xhc3MlM0QlMjJtaWNybzRhc2lhLXNoYXJlX19hJTIyJTBBJTIwJTIwJTIwJTIwJTIwaHJlZiUzRCUyMmh0dHBzJTNBJTJGJTJGd3d3LmZhY2Vib29rLmNvbSUyRk1JQ1JPNEFTSUElMkYlMjIlMjB0YXJnZXQlM0QlMjJfYmxhbmslMjIlMjByZWwlM0QlMjJub29wZW5lciUyMiUyMiUwQSUyMCUyMCUyMCUyMCUyMHRhcmdldCUzRCUyMl9ibGFuayUyMiUyMHJlbCUzRCUyMm5vb3BlbmVyJTIwbm9yZWZlcnJlciUyMiUyMGFyaWEtbGFiZWwlM0QlMjJTaGFyZSUyMG9uJTIwRmFjZWJvb2slMjIlM0UlMEElMjAlMjAlMjAlMjAlM0NzdmclMjBjbGFzcyUzRCUyMm1pY3JvNGFzaWEtc2hhcmVfX2klMjIlMjB2aWV3Qm94JTNEJTIyMCUyMDAlMjAyNCUyMDI0JTIyJTIwYXJpYS1oaWRkZW4lM0QlMjJ0cnVlJTIyJTNFJTBBJTIwJTIwJTIwJTIwJTIwJTIwJTNDcGF0aCUyMGQlM0QlMjJNMjIlMjAxMmExMCUyMDEwJTIwMCUyMDElMjAwLTExLjUlMjA5Ljl2LTdoLTJ2LTNoMlY5LjVjMC0yJTIwMS4yLTMuMSUyMDMtMy4xLjklMjAwJTIwMS44LjElMjAxLjguMXYyaC0xYy0xJTIwMC0xLjMuNi0xLjMlMjAxLjJWMTJoMi4zbC0uNCUyMDNoLTEuOXY3QTEwJTIwMTAlMjAwJTIwMCUyMDAlMjAyMiUyMDEyeiUyMiUyRiUzRSUwQSUyMCUyMCUyMCUyMCUzQyUyRnN2ZyUzRSUwQSUyMCUyMCUzQyUyRmElM0UlMEElMEElMjAlMjAlM0MlMjEtLSUyMExpbmtlZEluJTIwU0hBUkUlMjAtLSUzRSUwQSUyMCUyMCUzQ2ElMjBjbGFzcyUzRCUyMm1pY3JvNGFzaWEtc2hhcmVfX2ElMjIlMEElMjAlMjAlMjAlMjAlMjBocmVmJTNEJTIyaHR0cHMlM0ElMkYlMkZ3d3cubGlua2VkaW4uY29tJTJGY29tcGFueSUyRm1pY3JvNGFzaWElMkYlMjIlMjAlMjJ0YXJnZXQlM0QlMjJfYmxhbmslMjIlMjByZWwlM0QlMjJub29wZW5lciUyMiUyMiUwQSUyMCUyMCUyMCUyMCUyMHRhcmdldCUzRCUyMl9ibGFuayUyMiUyMHJlbCUzRCUyMm5vb3BlbmVyJTIwbm9yZWZlcnJlciUyMiUyMGFyaWEtbGFiZWwlM0QlMjJTaGFyZSUyMG9uJTIwTGlua2VkSW4lMjIlM0UlMEElMjAlMjAlMjAlMjAlM0NzdmclMjBjbGFzcyUzRCUyMm1pY3JvNGFzaWEtc2hhcmVfX2klMjIlMjB2aWV3Qm94JTNEJTIyMCUyMDAlMjAyNCUyMDI0JTIyJTIwYXJpYS1oaWRkZW4lM0QlMjJ0cnVlJTIyJTNFJTBBJTIwJTIwJTIwJTIwJTIwJTIwJTNDcGF0aCUyMGQlM0QlMjJNNC45OCUyMDMuNWEyLjUlMjAyLjUlMjAwJTIwMSUyMDAlMjAwJTIwNSUyMDIuNSUyMDIuNSUyMDAlMjAwJTIwMCUyMDAtNXpNMyUyMDloNHYxMkgzek05JTIwOWgzLjh2MS42aC4xYy41LS45JTIwMS44LTEuOSUyMDMuNy0xLjklMjA0JTIwMCUyMDQuNyUyMDIuNiUyMDQuNyUyMDZWMjFoLTR2LTUuM2MwLTEuMyUyMDAtMy0xLjktM3MtMi4yJTIwMS40LTIuMiUyMDIuOVYyMUg5eiUyMiUyRiUzRSUwQSUyMCUyMCUyMCUyMCUzQyUyRnN2ZyUzRSUwQSUyMCUyMCUzQyUyRmElM0UlMEElM0MlMkZkaXYlM0UlMEE=[\/vc_raw_html][\/vc_column_inner][\/vc_row_inner][\/vc_column][\/vc_row]<\/p>\n<\/div>","protected":false},"excerpt":{"rendered":"<p>[vc_row css=&#8221;.vc_custom_1746740266048{padding-top: 15px !important;padding-bottom: 5px !important;}&#8221;][vc_column css=&#8221;.vc_custom_1474281536962{padding-top: 0px !important;}&#8221;][vc_row_inner row_content_width=&#8221;grid&#8221; css=&#8221;.vc_custom_1748952162764{padding-right: 20px !important;padding-bottom: 20px !important;padding-left: 20px !important;background-color: #FAFAFA !important;}&#8221;][vc_column_inner][vc_column_text css=&#8221;&#8221;] T\u1ed5ng quan d\u1ef1 \u00e1n MICRO4ASIA l\u00e0 d\u1ef1 \u00e1n X\u00e2y d\u1ef1ng n\u0103ng l\u1ef1c trong gi\u00e1o d\u1ee5c \u0111\u1ea1i h\u1ecdc (CBHE) \u0111\u01b0\u1ee3c t\u00e0i tr\u1ee3 b\u1edfi ch\u01b0\u01a1ng tr\u00ecnh Erasmus+ c\u1ee7a Li\u00ean minh Ch\u00e2u \u00c2u. D\u1ef1 \u00e1n nh\u1eb1m m\u1ee5c \u0111\u00edch h\u1ed7 tr\u1ee3 c\u00e1c c\u01a1 s\u1edf gi\u00e1o d\u1ee5c \u0111\u1ea1i h\u1ecdc c\u1ee7a Vi\u1ec7t Nam v\u00e0 L\u00e0o trong vi\u1ec7c t\u0103ng c\u01b0\u1eddng c\u00e1c chi\u1ebfn l\u01b0\u1ee3c qu\u1ed1c t\u1ebf h\u00f3a th\u00f4ng qua vi\u1ec7c thi\u1ebft k\u1ebf, tri\u1ec3n khai v\u00e0 c\u00f4ng nh\u1eadn l\u1eabn nhau c\u00e1c ch\u1ee9ng ch\u1ec9 vi m\u00f4. MICRO4ASIA k\u1ebft n\u1ed1i c\u00e1c \u0111\u1ed1i t\u00e1c \u1edf Ch\u00e2u \u00c2u v\u00e0 \u0110\u00f4ng Nam \u00c1 \u0111\u1ec3 th\u00fac \u0111\u1ea9y c\u00e1c l\u1ed9 tr\u00ecnh h\u1ecdc t\u1eadp linh ho\u1ea1t, ph\u00e1t tri\u1ec3n c\u00e1c ch\u01b0\u01a1ng tr\u00ecnh trao \u0111\u1ed5i c\u00e1n b\u1ed9, gi\u1ea3ng vi\u00ean v\u00e0 sinh vi\u00ean, th\u00fac \u0111\u1ea9y s\u1ef1 h\u1ee3p t\u00e1c gi\u1eefa c\u00e1c s\u1edf s\u1edf gi\u00e1o d\u1ee5c v\u00e0 th\u1ecb tr\u01b0\u1eddng lao \u0111\u1ed9ng.[\/vc_column_text][\/vc_column_inner][\/vc_row_inner][\/vc_column][\/vc_row][vc_row css=&#8221;.vc_custom_1746741504264{padding-top: [&hellip;]<\/p>\n","protected":false},"author":1,"featured_media":0,"parent":0,"menu_order":0,"comment_status":"closed","ping_status":"closed","template":"full-width.php","meta":{"footnotes":""},"class_list":["post-6579","page","type-page","status-publish","hentry"],"_links":{"self":[{"href":"https:\/\/www.micro4asia.eu\/vi\/wp-json\/wp\/v2\/pages\/6579","targetHints":{"allow":["GET"]}}],"collection":[{"href":"https:\/\/www.micro4asia.eu\/vi\/wp-json\/wp\/v2\/pages"}],"about":[{"href":"https:\/\/www.micro4asia.eu\/vi\/wp-json\/wp\/v2\/types\/page"}],"author":[{"embeddable":true,"href":"https:\/\/www.micro4asia.eu\/vi\/wp-json\/wp\/v2\/users\/1"}],"replies":[{"embeddable":true,"href":"https:\/\/www.micro4asia.eu\/vi\/wp-json\/wp\/v2\/comments?post=6579"}],"version-history":[{"count":3,"href":"https:\/\/www.micro4asia.eu\/vi\/wp-json\/wp\/v2\/pages\/6579\/revisions"}],"predecessor-version":[{"id":7015,"href":"https:\/\/www.micro4asia.eu\/vi\/wp-json\/wp\/v2\/pages\/6579\/revisions\/7015"}],"wp:attachment":[{"href":"https:\/\/www.micro4asia.eu\/vi\/wp-json\/wp\/v2\/media?parent=6579"}],"curies":[{"name":"wp","href":"https:\/\/api.w.org\/{rel}","templated":true}]}}