{"id":6768,"date":"2025-06-03T11:05:05","date_gmt":"2025-06-03T11:05:05","guid":{"rendered":"https:\/\/www.micro4asia.eu\/news\/"},"modified":"2026-03-16T14:10:48","modified_gmt":"2026-03-16T14:10:48","slug":"tin-tuc","status":"publish","type":"page","link":"https:\/\/www.micro4asia.eu\/vi\/tin-tuc\/","title":{"rendered":"Tin t\u1ee9c"},"content":{"rendered":"<div class=\"wpb-content-wrapper\"><p>[vc_row css=&#8221;.vc_custom_1746740266048{padding-top: 15px !important;padding-bottom: 5px !important;}&#8221;][vc_column css=&#8221;.vc_custom_1474281536962{padding-top: 0px !important;}&#8221;][vc_row_inner row_content_width=&#8221;grid&#8221; css=&#8221;.vc_custom_1748951714337{padding-right: 20px !important;padding-bottom: 20px !important;padding-left: 20px !important;background-color: #FAFAFA !important;}&#8221;][vc_column_inner][vc_column_text css=&#8221;&#8221;]<\/p>\n<h3>Tin t\u1ee9c<\/h3>\n<p>[\/vc_column_text][\/vc_column_inner][\/vc_row_inner][\/vc_column][\/vc_row][vc_row css=&#8221;.vc_custom_1746740266048{padding-top: 15px !important;padding-bottom: 5px !important;}&#8221;][vc_column css=&#8221;.vc_custom_1474281536962{padding-top: 0px !important;}&#8221;][vc_row_inner row_content_width=&#8221;grid&#8221; css=&#8221;.vc_custom_1748951722375{padding-top: 20px !important;padding-right: 20px !important;padding-bottom: 20px !important;padding-left: 20px !important;background-color: #FAFAFA !important;}&#8221;][vc_column_inner][vc_basic_grid post_type=&#8221;post&#8221; max_items=&#8221;10&#8243; element_width=&#8221;12&#8243; item=&#8221;6455&#8243; css=&#8221;&#8221; grid_id=&#8221;vc_gid:1773670234938-52ec8e62-b08f-2&#8243; taxonomies=&#8221;7&#8243;][\/vc_column_inner][\/vc_row_inner][\/vc_column][\/vc_row][vc_row css=&#8221;.vc_custom_1746737660996{padding-top: 66px !important;padding-bottom: 66px !important;background-color: #F7FAFB !important;}&#8221;][vc_column css=&#8221;.vc_custom_1474285720223{padding-top: 0px !important;}&#8221;][vc_row_inner css=&#8221;.vc_custom_1769069904450{padding-right: 10% !important;padding-left: 10% !important;}&#8221;][vc_column_inner width=&#8221;1\/4&#8243;][vc_single_image image=&#8221;6898&#8243; img_size=&#8221;&#8221; alignment=&#8221;center&#8221; css=&#8221;&#8221;][\/vc_column_inner][vc_column_inner width=&#8221;1\/4&#8243;][vc_single_image image=&#8221;5502&#8243; img_size=&#8221;&#8221; alignment=&#8221;center&#8221; css=&#8221;&#8221;][\/vc_column_inner][vc_column_inner width=&#8221;1\/2&#8243;][vc_column_text css=&#8221;&#8221;]\u0110\u01b0\u1ee3c t\u00e0i tr\u1ee3 b\u1edfi Li\u00ean minh ch\u00e2u \u00c2u. Tuy nhi\u00ean, c\u00e1c quan \u0111i\u1ec3m v\u00e0 \u00fd ki\u1ebfn \u0111\u01b0\u1ee3c th\u1ec3 hi\u1ec7n ch\u1ec9 ph\u1ea3n \u00e1nh quan \u0111i\u1ec3m c\u1ee7a (c\u00e1c) t\u00e1c gi\u1ea3 v\u00e0 kh\u00f4ng nh\u1ea5t thi\u1ebft ph\u1ea3n \u00e1nh quan \u0111i\u1ec3m c\u1ee7a Li\u00ean minh ch\u00e2u \u00c2u ho\u1eb7c C\u01a1 quan \u0110i\u1ec1u h\u00e0nh Gi\u00e1o d\u1ee5c v\u00e0 V\u0103n h\u00f3a ch\u00e2u \u00c2u (EACEA). Li\u00ean minh ch\u00e2u \u00c2u c\u0169ng nh\u01b0 c\u01a1 quan c\u1ea5p t\u00e0i tr\u1ee3 kh\u00f4ng ch\u1ecbu tr\u00e1ch nhi\u1ec7m \u0111\u1ed1i v\u1edbi c\u00e1c quan \u0111i\u1ec3m v\u00e0 \u00fd ki\u1ebfn \u0111\u00f3.[\/vc_column_text][\/vc_column_inner][\/vc_row_inner][vc_row_inner css=&#8221;.vc_custom_1769031519980{padding-right: 10% !important;padding-left: 10% !important;}&#8221;][vc_column_inner width=&#8221;2\/3&#8243;][\/vc_column_inner][vc_column_inner width=&#8221;1\/3&#8243;][vc_empty_space][vc_raw_html css=&#8221;&#8221;]JTNDZGl2JTIwY2xhc3MlM0QlMjJtaWNybzRhc2lhLXNoYXJlJTIyJTNFJTBBJTIwJTIwJTNDJTIxLS0lMjBGYWNlYm9vayUyMFNIQVJFJTIwLS0lM0UlMEElMjAlMjAlM0NhJTIwY2xhc3MlM0QlMjJtaWNybzRhc2lhLXNoYXJlX19hJTIyJTBBJTIwJTIwJTIwJTIwJTIwaHJlZiUzRCUyMmh0dHBzJTNBJTJGJTJGd3d3LmZhY2Vib29rLmNvbSUyRk1JQ1JPNEFTSUElMkYlMjIlMjB0YXJnZXQlM0QlMjJfYmxhbmslMjIlMjByZWwlM0QlMjJub29wZW5lciUyMiUyMiUwQSUyMCUyMCUyMCUyMCUyMHRhcmdldCUzRCUyMl9ibGFuayUyMiUyMHJlbCUzRCUyMm5vb3BlbmVyJTIwbm9yZWZlcnJlciUyMiUyMGFyaWEtbGFiZWwlM0QlMjJTaGFyZSUyMG9uJTIwRmFjZWJvb2slMjIlM0UlMEElMjAlMjAlMjAlMjAlM0NzdmclMjBjbGFzcyUzRCUyMm1pY3JvNGFzaWEtc2hhcmVfX2klMjIlMjB2aWV3Qm94JTNEJTIyMCUyMDAlMjAyNCUyMDI0JTIyJTIwYXJpYS1oaWRkZW4lM0QlMjJ0cnVlJTIyJTNFJTBBJTIwJTIwJTIwJTIwJTIwJTIwJTNDcGF0aCUyMGQlM0QlMjJNMjIlMjAxMmExMCUyMDEwJTIwMCUyMDElMjAwLTExLjUlMjA5Ljl2LTdoLTJ2LTNoMlY5LjVjMC0yJTIwMS4yLTMuMSUyMDMtMy4xLjklMjAwJTIwMS44LjElMjAxLjguMXYyaC0xYy0xJTIwMC0xLjMuNi0xLjMlMjAxLjJWMTJoMi4zbC0uNCUyMDNoLTEuOXY3QTEwJTIwMTAlMjAwJTIwMCUyMDAlMjAyMiUyMDEyeiUyMiUyRiUzRSUwQSUyMCUyMCUyMCUyMCUzQyUyRnN2ZyUzRSUwQSUyMCUyMCUzQyUyRmElM0UlMEElMEElMjAlMjAlM0MlMjEtLSUyMExpbmtlZEluJTIwU0hBUkUlMjAtLSUzRSUwQSUyMCUyMCUzQ2ElMjBjbGFzcyUzRCUyMm1pY3JvNGFzaWEtc2hhcmVfX2ElMjIlMEElMjAlMjAlMjAlMjAlMjBocmVmJTNEJTIyaHR0cHMlM0ElMkYlMkZ3d3cubGlua2VkaW4uY29tJTJGY29tcGFueSUyRm1pY3JvNGFzaWElMkYlMjIlMjAlMjJ0YXJnZXQlM0QlMjJfYmxhbmslMjIlMjByZWwlM0QlMjJub29wZW5lciUyMiUyMiUwQSUyMCUyMCUyMCUyMCUyMHRhcmdldCUzRCUyMl9ibGFuayUyMiUyMHJlbCUzRCUyMm5vb3BlbmVyJTIwbm9yZWZlcnJlciUyMiUyMGFyaWEtbGFiZWwlM0QlMjJTaGFyZSUyMG9uJTIwTGlua2VkSW4lMjIlM0UlMEElMjAlMjAlMjAlMjAlM0NzdmclMjBjbGFzcyUzRCUyMm1pY3JvNGFzaWEtc2hhcmVfX2klMjIlMjB2aWV3Qm94JTNEJTIyMCUyMDAlMjAyNCUyMDI0JTIyJTIwYXJpYS1oaWRkZW4lM0QlMjJ0cnVlJTIyJTNFJTBBJTIwJTIwJTIwJTIwJTIwJTIwJTNDcGF0aCUyMGQlM0QlMjJNNC45OCUyMDMuNWEyLjUlMjAyLjUlMjAwJTIwMSUyMDAlMjAwJTIwNSUyMDIuNSUyMDIuNSUyMDAlMjAwJTIwMCUyMDAtNXpNMyUyMDloNHYxMkgzek05JTIwOWgzLjh2MS42aC4xYy41LS45JTIwMS44LTEuOSUyMDMuNy0xLjklMjA0JTIwMCUyMDQuNyUyMDIuNiUyMDQuNyUyMDZWMjFoLTR2LTUuM2MwLTEuMyUyMDAtMy0xLjktM3MtMi4yJTIwMS40LTIuMiUyMDIuOVYyMUg5eiUyMiUyRiUzRSUwQSUyMCUyMCUyMCUyMCUzQyUyRnN2ZyUzRSUwQSUyMCUyMCUzQyUyRmElM0UlMEElM0MlMkZkaXYlM0UlMEE=[\/vc_raw_html][\/vc_column_inner][\/vc_row_inner][\/vc_column][\/vc_row]<\/p>\n<\/div>","protected":false},"excerpt":{"rendered":"<p>[vc_row css=&#8221;.vc_custom_1746740266048{padding-top: 15px !important;padding-bottom: 5px !important;}&#8221;][vc_column css=&#8221;.vc_custom_1474281536962{padding-top: 0px !important;}&#8221;][vc_row_inner row_content_width=&#8221;grid&#8221; css=&#8221;.vc_custom_1748951714337{padding-right: 20px !important;padding-bottom: 20px !important;padding-left: 20px !important;background-color: #FAFAFA !important;}&#8221;][vc_column_inner][vc_column_text css=&#8221;&#8221;] Tin t\u1ee9c [\/vc_column_text][\/vc_column_inner][\/vc_row_inner][\/vc_column][\/vc_row][vc_row css=&#8221;.vc_custom_1746740266048{padding-top: 15px !important;padding-bottom: 5px !important;}&#8221;][vc_column css=&#8221;.vc_custom_1474281536962{padding-top: 0px !important;}&#8221;][vc_row_inner row_content_width=&#8221;grid&#8221; css=&#8221;.vc_custom_1748951722375{padding-top: 20px !important;padding-right: 20px !important;padding-bottom: 20px !important;padding-left: 20px !important;background-color: #FAFAFA !important;}&#8221;][vc_column_inner][vc_basic_grid post_type=&#8221;post&#8221; max_items=&#8221;10&#8243; element_width=&#8221;12&#8243; item=&#8221;6455&#8243; css=&#8221;&#8221; grid_id=&#8221;vc_gid:1773670234938-52ec8e62-b08f-2&#8243; taxonomies=&#8221;7&#8243;][\/vc_column_inner][\/vc_row_inner][\/vc_column][\/vc_row][vc_row css=&#8221;.vc_custom_1746737660996{padding-top: 66px !important;padding-bottom: 66px !important;background-color: #F7FAFB !important;}&#8221;][vc_column css=&#8221;.vc_custom_1474285720223{padding-top: 0px !important;}&#8221;][vc_row_inner css=&#8221;.vc_custom_1769069904450{padding-right: 10% !important;padding-left: 10% !important;}&#8221;][vc_column_inner width=&#8221;1\/4&#8243;][vc_single_image image=&#8221;6898&#8243; img_size=&#8221;&#8221; alignment=&#8221;center&#8221; css=&#8221;&#8221;][\/vc_column_inner][vc_column_inner width=&#8221;1\/4&#8243;][vc_single_image image=&#8221;5502&#8243; img_size=&#8221;&#8221; alignment=&#8221;center&#8221; css=&#8221;&#8221;][\/vc_column_inner][vc_column_inner width=&#8221;1\/2&#8243;][vc_column_text css=&#8221;&#8221;]\u0110\u01b0\u1ee3c t\u00e0i tr\u1ee3 b\u1edfi Li\u00ean minh ch\u00e2u \u00c2u. Tuy nhi\u00ean, c\u00e1c quan \u0111i\u1ec3m v\u00e0 \u00fd ki\u1ebfn \u0111\u01b0\u1ee3c th\u1ec3 hi\u1ec7n ch\u1ec9 ph\u1ea3n \u00e1nh quan \u0111i\u1ec3m c\u1ee7a (c\u00e1c) t\u00e1c gi\u1ea3 v\u00e0 kh\u00f4ng nh\u1ea5t thi\u1ebft ph\u1ea3n \u00e1nh quan \u0111i\u1ec3m c\u1ee7a Li\u00ean minh ch\u00e2u \u00c2u ho\u1eb7c C\u01a1 quan \u0110i\u1ec1u h\u00e0nh Gi\u00e1o d\u1ee5c v\u00e0 V\u0103n h\u00f3a ch\u00e2u \u00c2u (EACEA). Li\u00ean minh ch\u00e2u \u00c2u c\u0169ng nh\u01b0 c\u01a1 quan c\u1ea5p t\u00e0i tr\u1ee3 kh\u00f4ng ch\u1ecbu tr\u00e1ch nhi\u1ec7m \u0111\u1ed1i v\u1edbi c\u00e1c quan \u0111i\u1ec3m [&hellip;]<\/p>\n","protected":false},"author":1,"featured_media":0,"parent":0,"menu_order":0,"comment_status":"closed","ping_status":"closed","template":"full-width.php","meta":{"footnotes":""},"class_list":["post-6768","page","type-page","status-publish","hentry"],"_links":{"self":[{"href":"https:\/\/www.micro4asia.eu\/vi\/wp-json\/wp\/v2\/pages\/6768","targetHints":{"allow":["GET"]}}],"collection":[{"href":"https:\/\/www.micro4asia.eu\/vi\/wp-json\/wp\/v2\/pages"}],"about":[{"href":"https:\/\/www.micro4asia.eu\/vi\/wp-json\/wp\/v2\/types\/page"}],"author":[{"embeddable":true,"href":"https:\/\/www.micro4asia.eu\/vi\/wp-json\/wp\/v2\/users\/1"}],"replies":[{"embeddable":true,"href":"https:\/\/www.micro4asia.eu\/vi\/wp-json\/wp\/v2\/comments?post=6768"}],"version-history":[{"count":3,"href":"https:\/\/www.micro4asia.eu\/vi\/wp-json\/wp\/v2\/pages\/6768\/revisions"}],"predecessor-version":[{"id":7017,"href":"https:\/\/www.micro4asia.eu\/vi\/wp-json\/wp\/v2\/pages\/6768\/revisions\/7017"}],"wp:attachment":[{"href":"https:\/\/www.micro4asia.eu\/vi\/wp-json\/wp\/v2\/media?parent=6768"}],"curies":[{"name":"wp","href":"https:\/\/api.w.org\/{rel}","templated":true}]}}