{"id":7263,"date":"2026-03-27T08:22:56","date_gmt":"2026-03-27T08:22:56","guid":{"rendered":"https:\/\/www.micro4asia.eu\/activities-results\/"},"modified":"2026-05-06T11:40:44","modified_gmt":"2026-05-06T11:40:44","slug":"activities-results","status":"publish","type":"page","link":"https:\/\/www.micro4asia.eu\/vi\/activities-results\/","title":{"rendered":"Ho\u1ea1t \u0111\u1ed9ng &#038; K\u1ebft qu\u1ea3"},"content":{"rendered":"<div class=\"wpb-content-wrapper\"><p>[vc_row css=&#8221;.vc_custom_1746740266048{padding-top: 15px !important;padding-bottom: 5px !important;}&#8221;][vc_column css=&#8221;.vc_custom_1474281536962{padding-top: 0px !important;}&#8221;][vc_row_inner row_content_width=&#8221;grid&#8221; css=&#8221;.vc_custom_1748952076130{padding-right: 20px !important;padding-bottom: 20px !important;padding-left: 20px !important;background-color: #FAFAFA !important;}&#8221;][vc_column_inner][vc_column_text css=&#8221;&#8221;]<\/p>\n<h3><strong>Ho\u1ea1t \u0111\u1ed9ng<\/strong><\/h3>\n<p>[\/vc_column_text][\/vc_column_inner][\/vc_row_inner][\/vc_column][\/vc_row]<\/p>\n<p>[vc_row][vc_column css=&#8221;.vc_custom_1474281536962{padding-top: 0px !important;}&#8221;][vc_row_inner row_content_width=&#8221;grid&#8221; css=&#8221;.vc_custom_1748952083092{margin-top: 5px !important;margin-right: 20px !important;margin-bottom: 5px !important;margin-left: 20px !important;padding-bottom: 10px !important;background-color: #FAFAFA !important;}&#8221;][vc_column_inner el_class=&#8221;vertical-line&#8221;][vc_column_text css=&#8221;&#8221;]<\/p>\n<h3><strong>G\u00f3i c\u00f4ng vi\u1ec7c 1<\/strong><\/h3>\n<p>[\/vc_column_text][vc_column_text css=&#8221;.vc_custom_1768990560870{background-image: url(https:\/\/www.micro4asia.eu\/wp-content\/uploads\/2025\/05\/vertikalna-linija.png?id=5624) !important;}&#8221;]<\/p>\n<p style=\"padding-left: 40px;\">1.1 \u2013 Chu\u1ea9n b\u1ecb K\u1ebf ho\u1ea1ch qu\u1ea3n l\u00fd d\u1ef1 \u00e1n (PMP)<\/p>\n<p style=\"padding-left: 40px;\">1.2 \u2013 X\u00e2y d\u1ef1ng D\u1ef1 th\u1ea3o v\u00e0 c\u00e1c quy \u0111\u1ecbnh c\u1ee7aTh\u1ecfa thu\u1eadn h\u1ee3p t\u00e1c (PA)<\/p>\n<p style=\"padding-left: 40px;\">1.3 \u2013 H\u1ecdp d\u1ef1 \u00e1n<\/p>\n<ul>\n<li style=\"list-style-type: none;\">\n<ul>\n<li style=\"list-style-type: none;\">\n<ul>\n<li style=\"list-style-type: none;\">\n<ul>\n<li><a href=\"https:\/\/www.micro4asia.eu\/wp-content\/uploads\/2026\/01\/5.VN-Online-meeting-20.05.2025-1.docx\">Cu\u1ed9c h\u1ecdp tr\u1ef1c tuy\u1ebfn ng\u00e0y 20.05.2025<\/a><\/li>\n<li><a href=\"https:\/\/www.micro4asia.eu\/wp-content\/uploads\/2026\/01\/7.VN-Online-meeting-15.07.2025.docx\">Cu\u1ed9c h\u1ecdp tr\u1ef1c tuy\u1ebfn ng\u00e0y 15.07.2025<\/a><\/li>\n<\/ul>\n<\/li>\n<\/ul>\n<\/li>\n<\/ul>\n<\/li>\n<\/ul>\n<p style=\"padding-left: 40px;\">1.4 \u2013 Qu\u1ea3n l\u00fd d\u1ef1 \u00e1n<\/p>\n<p>[\/vc_column_text][\/vc_column_inner][\/vc_row_inner][\/vc_column][\/vc_row]<\/p>\n<p>[vc_row][vc_column css=&#8221;.vc_custom_1474281536962{padding-top: 0px !important;}&#8221;][vc_row_inner row_content_width=&#8221;grid&#8221; css=&#8221;.vc_custom_1748952090330{margin-top: 5px !important;margin-right: 20px !important;margin-bottom: 5px !important;margin-left: 20px !important;padding-bottom: 10px !important;background-color: #FAFAFA !important;}&#8221;][vc_column_inner el_class=&#8221;vertical-line&#8221;][vc_column_text css=&#8221;&#8221;]<\/p>\n<h3><strong>G\u00f3i c\u00f4ng vi\u1ec7c 2<\/strong><\/h3>\n<p>[\/vc_column_text][vc_column_text css=&#8221;.vc_custom_1768990610342{background-image: url(https:\/\/www.micro4asia.eu\/wp-content\/uploads\/2025\/05\/vertikalna-linija.png?id=5624) !important;}&#8221;]<\/p>\n<p style=\"padding-left: 40px;\">2.1 \u2013 Tinh ch\u1ec9nh c\u00e1c kho\u1ea3ng c\u00e1ch n\u0103ng l\u1ef1c \u0111\u01b0\u1ee3c x\u00e1c \u0111\u1ecbnh khi chu\u1ea9n b\u1ecb v\u00e0 ho\u00e0n thi\u1ec7n k\u1ebf ho\u1ea1ch x\u00e2y d\u1ef1ng n\u0103ng l\u1ef1c<\/p>\n<ul>\n<li style=\"list-style-type: none;\">\n<ul>\n<li style=\"list-style-type: none;\">\n<ul>\n<li style=\"list-style-type: none;\">\n<ul>\n<li><a href=\"https:\/\/www.micro4asia.eu\/wp-content\/uploads\/2026\/01\/2.VN-Workshop-03.04.2025-1.docx\">H\u1ed9i th\u1ea3o 03.04.2025<\/a><\/li>\n<li><a href=\"https:\/\/www.micro4asia.eu\/wp-content\/uploads\/2026\/01\/3.VN-Workshop-24.04.2025-1.docx\">H\u1ed9i th\u1ea3o 24.04.2025<\/a><\/li>\n<li><a href=\"https:\/\/www.micro4asia.eu\/wp-content\/uploads\/2026\/01\/4.VN_.Workshop-13.05.2025-1.docx\">H\u1ed9i th\u1ea3o 13.05.2025<\/a><\/li>\n<\/ul>\n<\/li>\n<\/ul>\n<\/li>\n<\/ul>\n<\/li>\n<\/ul>\n<p style=\"padding-left: 40px;\">2.2 \u2013 Ph\u00e1t tri\u1ec3n n\u1ed9i dung X\u00e2y d\u1ef1ng n\u0103ng l\u1ef1c<\/p>\n<p style=\"padding-left: 40px;\">2.3 \u2013 Tri\u1ec3n khai x\u00e2y d\u1ef1ng n\u0103ng l\u1ef1c cho \u0111\u1ed9i ng\u0169 gi\u1ea3ng vi\u00ean<\/p>\n<ul>\n<li style=\"list-style-type: none;\">\n<ul>\n<li style=\"list-style-type: none;\">\n<ul>\n<li style=\"list-style-type: none;\">\n<ul>\n<li><a href=\"https:\/\/www.micro4asia.eu\/wp-content\/uploads\/2026\/01\/11.VN-Workshop-23.10.2025.docx\">H\u1ed9i th\u1ea3o tr\u1ef1c tuy\u1ebfn 23.10.2025<\/a><\/li>\n<\/ul>\n<\/li>\n<\/ul>\n<\/li>\n<\/ul>\n<\/li>\n<\/ul>\n<p style=\"padding-left: 40px;\">2.4 \u2013 H\u1ee3p nh\u1ea5t n\u1ed9i dung x\u00e2y d\u1ef1ng n\u0103ng l\u1ef1c<\/p>\n<h4 style=\"padding-left: 40px;\">C\u00e1c s\u1ea3n ph\u1ea9m c\u00f4ng khai trong G\u00f3i c\u00f4ng vi\u1ec7c 2<\/h4>\n<ul>\n<li style=\"list-style-type: none;\">\n<ul>\n<li style=\"list-style-type: none;\">\n<ul>\n<li style=\"list-style-type: none;\">\n<ul>\n<li>T\u00e0i li\u1ec7u x\u00e2y d\u1ef1ng n\u0103ng l\u1ef1c ph\u1ee5c v\u1ee5 gi\u1ea3ng d\u1ea1y<\/li>\n<li>B\u1ed9 c\u00f4ng c\u1ee5 Micro-credentials ph\u1ee5c v\u1ee5 gi\u1ea3ng d\u1ea1y<\/li>\n<\/ul>\n<\/li>\n<\/ul>\n<\/li>\n<\/ul>\n<\/li>\n<\/ul>\n<p>[\/vc_column_text][\/vc_column_inner][\/vc_row_inner][\/vc_column][\/vc_row]<\/p>\n<p>[vc_row][vc_column css=&#8221;.vc_custom_1474281536962{padding-top: 0px !important;}&#8221;][vc_row_inner row_content_width=&#8221;grid&#8221; css=&#8221;.vc_custom_1748952098667{margin-top: 5px !important;margin-right: 20px !important;margin-bottom: 5px !important;margin-left: 20px !important;padding-bottom: 10px !important;background-color: #FAFAFA !important;}&#8221;][vc_column_inner el_class=&#8221;vertical-line&#8221;][vc_column_text css=&#8221;&#8221;]<\/p>\n<h3><strong>G\u00f3i c\u00f4ng vi\u1ec7c 3<\/strong><\/h3>\n<p>[\/vc_column_text][vc_column_text css=&#8221;.vc_custom_1748984795915{background-image: url(https:\/\/www.micro4asia.eu\/wp-content\/uploads\/2025\/05\/vertikalna-linija.png?id=5624) !important;}&#8221;]<\/p>\n<p style=\"padding-left: 40px;\">3.1 \u2013 Mua v\u00e0 l\u1eafp \u0111\u1eb7t thi\u1ebft b\u1ecb<\/p>\n<p style=\"padding-left: 40px;\">3.2 \u2013 H\u1ed7 tr\u1ee3 k\u1ef9 thu\u1eadt \u0111\u1ec3 s\u1eed d\u1ee5ng thi\u1ebft b\u1ecb<\/p>\n<p style=\"padding-left: 40px;\">3.3 \u2013 Ph\u00e1t tri\u1ec3n ch\u1ee9ng ch\u1ec9 vi m\u00f4<\/p>\n<p style=\"padding-left: 40px;\">3.4 \u2013 X\u00e2y d\u1ef1ng k\u1ebf ho\u1ea1ch ph\u00ea duy\u1ec7t<\/p>\n<p style=\"padding-left: 40px;\">3.5 \u2013 Cung c\u1ea5p c\u00e1c kh\u00f3a h\u1ecdc ch\u1ee9ng ch\u1ec9 vi m\u00f4 cho sinh vi\u00ean<\/p>\n<p style=\"padding-left: 40px;\">3.6 \u2013 T\u1ed5ng h\u1ee3p ph\u1ea3n h\u1ed3i c\u1ee7a sinh vi\u00ean \u0111\u1ec3 ho\u00e0n thi\u1ec7n c\u00e1c kh\u00f3a h\u1ecdc \u0111\u00e3 ph\u00e1t tri\u1ec3n<\/p>\n<h4 style=\"padding-left: 40px;\">C\u00e1c s\u1ea3n ph\u1ea9m c\u00f4ng khai trong G\u00f3i c\u00f4ng vi\u1ec7c 3<\/h4>\n<ul>\n<li style=\"list-style-type: none;\">\n<ul>\n<li style=\"list-style-type: none;\">\n<ul>\n<li style=\"list-style-type: none;\">\n<ul>\n<li>Ph\u00e1t tri\u1ec3n 35 Micro-Credentials<\/li>\n<li>X\u00e2y d\u1ef1ng K\u1ebf ho\u1ea1ch ph\u00ea duy\u1ec7t<\/li>\n<li>Th\u1eed nghi\u1ec7m Micro-Credentials v\u1edbi 500 sinh vi\u00ean<\/li>\n<li>Ph\u00ea duy\u1ec7t Micro-Credentials<\/li>\n<\/ul>\n<\/li>\n<\/ul>\n<\/li>\n<\/ul>\n<\/li>\n<\/ul>\n<p>[\/vc_column_text][\/vc_column_inner][\/vc_row_inner][\/vc_column][\/vc_row]<\/p>\n<p>[vc_row][vc_column css=&#8221;.vc_custom_1474281536962{padding-top: 0px !important;}&#8221;][vc_row_inner row_content_width=&#8221;grid&#8221; css=&#8221;.vc_custom_1748952105577{margin-top: 5px !important;margin-right: 20px !important;margin-bottom: 5px !important;margin-left: 20px !important;padding-bottom: 10px !important;background-color: #FAFAFA !important;}&#8221;][vc_column_inner el_class=&#8221;vertical-line&#8221;][vc_column_text css=&#8221;&#8221;]<\/p>\n<h3><strong>G\u00f3i c\u00f4ng vi\u1ec7c 4<\/strong><\/h3>\n<p>[\/vc_column_text][vc_column_text css=&#8221;.vc_custom_1768990679727{background-image: url(https:\/\/www.micro4asia.eu\/wp-content\/uploads\/2025\/05\/vertikalna-linija.png?id=5624) !important;}&#8221;]<\/p>\n<p style=\"padding-left: 40px;\">4.1 \u2013 H\u1ed9i th\u1ea3o gi\u1edbi thi\u1ec7u v\u1ec1 vi\u1ec7c c\u00f4ng nh\u1eadn ch\u1ee9ng ch\u1ec9 vi m\u00f4 t\u1ea1i Ch\u00e2u \u00c2u<\/p>\n<ul>\n<li style=\"list-style-type: none;\">\n<ul>\n<li style=\"list-style-type: none;\">\n<ul>\n<li style=\"list-style-type: none;\">\n<ul>\n<li><a href=\"https:\/\/www.micro4asia.eu\/wp-content\/uploads\/2026\/01\/8.VN-Workshop-in-Brno-18.09.2025.docx\">H\u1ed9i th\u1ea3o t\u1ea1i Brno 18.09.2025<\/a><\/li>\n<\/ul>\n<\/li>\n<\/ul>\n<\/li>\n<\/ul>\n<\/li>\n<\/ul>\n<p style=\"padding-left: 40px;\">4.2 \u2013 So s\u00e1nh chu\u1ea9n m\u1ef1c v\u00e0 suy r\u1ed9ng c\u00e1c m\u1eabu s\u1ed1 chung cho C\u01a1 ch\u1ebf c\u00f4ng nh\u1eadn chung (CRM)<\/p>\n<ul>\n<li style=\"list-style-type: none;\">\n<ul>\n<li style=\"list-style-type: none;\">\n<ul>\n<li style=\"list-style-type: none;\">\n<ul>\n<li><a href=\"https:\/\/www.micro4asia.eu\/wp-content\/uploads\/2026\/03\/MICRO4ASIA-Deliverable-4.1-Identify-the-set-of-benchmarking-elementsindicators.pdf\">B\u00e1o c\u00e1o ph\u00e2n t\u00edch so s\u00e1nh: Micro-credentials trong gi\u00e1o d\u1ee5c \u0111\u1ea1i h\u1ecdc t\u1ea1i ch\u00e2u \u00c1<\/a><\/li>\n<\/ul>\n<\/li>\n<\/ul>\n<\/li>\n<\/ul>\n<\/li>\n<\/ul>\n<p style=\"padding-left: 40px;\">4.3 \u2013 Ph\u00e1t tri\u1ec3n c\u01a1 ch\u1ebf c\u00f4ng nh\u1eadn chung<\/p>\n<ul>\n<li style=\"list-style-type: none;\">\n<ul>\n<li style=\"list-style-type: none;\">\n<ul>\n<li style=\"list-style-type: none;\">\n<ul>\n<li><a href=\"https:\/\/www.micro4asia.eu\/wp-content\/uploads\/2026\/01\/6.VN-Meeting-with-MICROCASA-23.05.2025-1.docx\">Cu\u1ed9c h\u1ecdp v\u1edbi MICROCASA 23.05.2025<\/a><\/li>\n<li><a href=\"https:\/\/www.micro4asia.eu\/wp-content\/uploads\/2026\/01\/12.VN-Online-meeting-11.11.2025.docx\">Cu\u1ed9c h\u1ecdp tr\u1ef1c tuy\u1ebfn 11.11.2025<\/a><\/li>\n<\/ul>\n<\/li>\n<\/ul>\n<\/li>\n<\/ul>\n<\/li>\n<\/ul>\n<p style=\"padding-left: 40px;\">4.4 \u2013 Ph\u00ea duy\u1ec7t n\u1ed9i b\u1ed9 v\u00e0 b\u00ean ngo\u00e0i<\/p>\n<h4 style=\"padding-left: 40px;\">C\u00e1c s\u1ea3n ph\u1ea9m c\u00f4ng khai trong G\u00f3i c\u00f4ng vi\u1ec7c 4<\/h4>\n<ul>\n<li style=\"list-style-type: none;\">\n<ul>\n<li style=\"list-style-type: none;\">\n<ul>\n<li style=\"list-style-type: none;\">\n<ul>\n<li>X\u00e1c \u0111\u1ecbnh b\u1ed9 ti\u00eau ch\u00ed\/ch\u1ec9 s\u1ed1 \u0111\u1ed1i s\u00e1nh (benchmarking)<\/li>\n<li><strong><a href=\"https:\/\/www.micro4asia.eu\/wp-content\/uploads\/2026\/03\/MICRO4ASIA-Deliverable-4.1-Identify-the-set-of-benchmarking-elementsindicators.pdf\"><u>B\u00e1o c\u00e1o ph\u00e2n t\u00edch so s\u00e1nh: Micro-credentials trong gi\u00e1o d\u1ee5c \u0111\u1ea1i h\u1ecdc t\u1ea1i ch\u00e2u \u00c1<\/u><\/a><\/strong><\/li>\n<li>B\u00e1o c\u00e1o ph\u00ea duy\u1ec7t CRM<\/li>\n<\/ul>\n<\/li>\n<\/ul>\n<\/li>\n<\/ul>\n<\/li>\n<\/ul>\n<p>[\/vc_column_text][\/vc_column_inner][\/vc_row_inner][\/vc_column][\/vc_row]<\/p>\n<p>[vc_row][vc_column css=&#8221;.vc_custom_1474281536962{padding-top: 0px !important;}&#8221;][vc_row_inner row_content_width=&#8221;grid&#8221; css=&#8221;.vc_custom_1748952112214{margin-top: 5px !important;margin-right: 20px !important;margin-bottom: 5px !important;margin-left: 20px !important;padding-bottom: 10px !important;background-color: #FAFAFA !important;}&#8221;][vc_column_inner el_class=&#8221;vertical-line&#8221;][vc_column_text css=&#8221;&#8221;]<\/p>\n<h3><strong>G\u00f3i c\u00f4ng vi\u1ec7c 5<\/strong><\/h3>\n<p>[\/vc_column_text][vc_column_text css=&#8221;.vc_custom_1748984848014{background-image: url(https:\/\/www.micro4asia.eu\/wp-content\/uploads\/2025\/05\/vertikalna-linija.png?id=5624) !important;}&#8221;]<\/p>\n<p style=\"padding-left: 40px;\">5.1 \u2013 X\u00e2y d\u1ef1ng K\u1ebf ho\u1ea1ch \u0111\u1ea3m b\u1ea3o ch\u1ea5t l\u01b0\u1ee3ng<\/p>\n<p style=\"padding-left: 40px;\">5.2 \u2013 X\u00e2y d\u1ef1ng \u0111i\u1ec1u kho\u1ea3n tham chi\u1ebfu cho chuy\u00ean gia \u0111\u00e1nh gi\u00e1 ngo\u00e0i<\/p>\n<p style=\"padding-left: 40px;\">5.3 \u2013 Gi\u00e1m s\u00e1t v\u00e0 b\u00e1o c\u00e1o ch\u1ea5t l\u01b0\u1ee3ng th\u01b0\u1eddng xuy\u00ean<\/p>\n<p>[\/vc_column_text][\/vc_column_inner][\/vc_row_inner][\/vc_column][\/vc_row]<\/p>\n<p>[vc_row][vc_column css=&#8221;.vc_custom_1474281536962{padding-top: 0px !important;}&#8221;][vc_row_inner row_content_width=&#8221;grid&#8221; css=&#8221;.vc_custom_1748952119211{margin-top: 5px !important;margin-right: 20px !important;margin-bottom: 5px !important;margin-left: 20px !important;padding-bottom: 10px !important;background-color: #FAFAFA !important;}&#8221;][vc_column_inner el_class=&#8221;vertical-line&#8221;][vc_column_text css=&#8221;&#8221;]<\/p>\n<h3><strong>G\u00f3i c\u00f4ng vi\u1ec7c 6<\/strong><\/h3>\n<p>[\/vc_column_text][vc_column_text css=&#8221;.vc_custom_1768990702990{background-image: url(https:\/\/www.micro4asia.eu\/wp-content\/uploads\/2025\/05\/vertikalna-linija.png?id=5624) !important;}&#8221;]<\/p>\n<p style=\"padding-left: 40px;\">6.1 \u2013 X\u00e2y d\u1ef1ng K\u1ebf ho\u1ea1ch ph\u1ed5 bi\u1ebfn<\/p>\n<p style=\"padding-left: 40px;\">6.2 \u2013 Tri\u1ec3n khai c\u00e1c ho\u1ea1t \u0111\u1ed9ng ph\u1ed5 bi\u1ebfn<\/p>\n<ul>\n<li style=\"list-style-type: none;\">\n<ul>\n<li style=\"list-style-type: none;\">\n<ul>\n<li><a href=\"https:\/\/www.micro4asia.eu\/wp-content\/uploads\/2026\/01\/11.VN-Workshop-23.10.2025-1.docx\">Cu\u1ed9c h\u1ecdp v\u1edbi MICROCASA 23.10.2025<\/a><\/li>\n<\/ul>\n<\/li>\n<\/ul>\n<\/li>\n<\/ul>\n<p style=\"padding-left: 40px;\">6.3 \u2013 Gi\u00e1m s\u00e1t c\u00e1c ho\u1ea1t \u0111\u1ed9ng ph\u1ed5 bi\u1ebfn<\/p>\n<p style=\"padding-left: 40px;\">6.4 \u2013 X\u00e2y d\u1ef1ng K\u1ebf ho\u1ea1ch ph\u00e1t tri\u1ec3n b\u1ec1n v\u1eefng<\/p>\n<h4 style=\"padding-left: 40px;\">C\u00e1c s\u1ea3n ph\u1ea9m c\u00f4ng khai trong G\u00f3i c\u00f4ng vi\u1ec7c 6<\/h4>\n<ul>\n<li style=\"list-style-type: none;\">\n<ul>\n<li style=\"list-style-type: none;\">\n<ul>\n<li style=\"list-style-type: none;\">\n<ul>\n<li>Website v\u00e0 n\u1ec1n t\u1ea3ng \u2013 <a href=\"https:\/\/www.micro4asia.eu\/vi\/\">micro4asia.eu<\/a><\/li>\n<li>K\u1ebf ho\u1ea1ch ph\u00e1t tri\u1ec3n b\u1ec1n v\u1eefng<\/li>\n<\/ul>\n<\/li>\n<\/ul>\n<\/li>\n<\/ul>\n<\/li>\n<\/ul>\n<p>[\/vc_column_text][\/vc_column_inner][\/vc_row_inner][\/vc_column][\/vc_row]<\/p>\n<p>[vc_row css=&#8221;.vc_custom_1746737660996{padding-top: 66px !important;padding-bottom: 66px !important;background-color: #F7FAFB !important;}&#8221;][vc_column css=&#8221;.vc_custom_1474285720223{padding-top: 0px !important;}&#8221;][vc_row_inner css=&#8221;.vc_custom_1769069904450{padding-right: 10% !important;padding-left: 10% !important;}&#8221;][vc_column_inner width=&#8221;1\/4&#8243;][vc_single_image image=&#8221;6898&#8243; img_size=&#8221;&#8221; alignment=&#8221;center&#8221; css=&#8221;&#8221;][\/vc_column_inner][vc_column_inner width=&#8221;1\/4&#8243;][vc_single_image image=&#8221;5502&#8243; img_size=&#8221;&#8221; alignment=&#8221;center&#8221; css=&#8221;&#8221;][\/vc_column_inner][vc_column_inner width=&#8221;1\/2&#8243;][vc_column_text css=&#8221;&#8221;]\u0110\u01b0\u1ee3c t\u00e0i tr\u1ee3 b\u1edfi Li\u00ean minh ch\u00e2u \u00c2u. Tuy nhi\u00ean, c\u00e1c quan \u0111i\u1ec3m v\u00e0 \u00fd ki\u1ebfn \u0111\u01b0\u1ee3c th\u1ec3 hi\u1ec7n ch\u1ec9 ph\u1ea3n \u00e1nh quan \u0111i\u1ec3m c\u1ee7a (c\u00e1c) t\u00e1c gi\u1ea3 v\u00e0 kh\u00f4ng nh\u1ea5t thi\u1ebft ph\u1ea3n \u00e1nh quan \u0111i\u1ec3m c\u1ee7a Li\u00ean minh ch\u00e2u \u00c2u ho\u1eb7c C\u01a1 quan \u0110i\u1ec1u h\u00e0nh Gi\u00e1o d\u1ee5c v\u00e0 V\u0103n h\u00f3a ch\u00e2u \u00c2u (EACEA). Li\u00ean minh ch\u00e2u \u00c2u c\u0169ng nh\u01b0 c\u01a1 quan c\u1ea5p t\u00e0i tr\u1ee3 kh\u00f4ng ch\u1ecbu tr\u00e1ch nhi\u1ec7m \u0111\u1ed1i v\u1edbi c\u00e1c quan \u0111i\u1ec3m v\u00e0 \u00fd ki\u1ebfn \u0111\u00f3.[\/vc_column_text][\/vc_column_inner][\/vc_row_inner][vc_row_inner css=&#8221;.vc_custom_1769031519980{padding-right: 10% !important;padding-left: 10% !important;}&#8221;][vc_column_inner width=&#8221;2\/3&#8243;][\/vc_column_inner][vc_column_inner width=&#8221;1\/3&#8243;][vc_empty_space][vc_raw_html css=&#8221;&#8221;]JTNDZGl2JTIwY2xhc3MlM0QlMjJtaWNybzRhc2lhLXNoYXJlJTIyJTNFJTBBJTIwJTIwJTNDJTIxLS0lMjBGYWNlYm9vayUyMFNIQVJFJTIwLS0lM0UlMEElMjAlMjAlM0NhJTIwY2xhc3MlM0QlMjJtaWNybzRhc2lhLXNoYXJlX19hJTIyJTBBJTIwJTIwJTIwJTIwJTIwaHJlZiUzRCUyMmh0dHBzJTNBJTJGJTJGd3d3LmZhY2Vib29rLmNvbSUyRk1JQ1JPNEFTSUElMkYlMjIlMjB0YXJnZXQlM0QlMjJfYmxhbmslMjIlMjByZWwlM0QlMjJub29wZW5lciUyMiUyMiUwQSUyMCUyMCUyMCUyMCUyMHRhcmdldCUzRCUyMl9ibGFuayUyMiUyMHJlbCUzRCUyMm5vb3BlbmVyJTIwbm9yZWZlcnJlciUyMiUyMGFyaWEtbGFiZWwlM0QlMjJTaGFyZSUyMG9uJTIwRmFjZWJvb2slMjIlM0UlMEElMjAlMjAlMjAlMjAlM0NzdmclMjBjbGFzcyUzRCUyMm1pY3JvNGFzaWEtc2hhcmVfX2klMjIlMjB2aWV3Qm94JTNEJTIyMCUyMDAlMjAyNCUyMDI0JTIyJTIwYXJpYS1oaWRkZW4lM0QlMjJ0cnVlJTIyJTNFJTBBJTIwJTIwJTIwJTIwJTIwJTIwJTNDcGF0aCUyMGQlM0QlMjJNMjIlMjAxMmExMCUyMDEwJTIwMCUyMDElMjAwLTExLjUlMjA5Ljl2LTdoLTJ2LTNoMlY5LjVjMC0yJTIwMS4yLTMuMSUyMDMtMy4xLjklMjAwJTIwMS44LjElMjAxLjguMXYyaC0xYy0xJTIwMC0xLjMuNi0xLjMlMjAxLjJWMTJoMi4zbC0uNCUyMDNoLTEuOXY3QTEwJTIwMTAlMjAwJTIwMCUyMDAlMjAyMiUyMDEyeiUyMiUyRiUzRSUwQSUyMCUyMCUyMCUyMCUzQyUyRnN2ZyUzRSUwQSUyMCUyMCUzQyUyRmElM0UlMEElMEElMjAlMjAlM0MlMjEtLSUyMExpbmtlZEluJTIwU0hBUkUlMjAtLSUzRSUwQSUyMCUyMCUzQ2ElMjBjbGFzcyUzRCUyMm1pY3JvNGFzaWEtc2hhcmVfX2ElMjIlMEElMjAlMjAlMjAlMjAlMjBocmVmJTNEJTIyaHR0cHMlM0ElMkYlMkZ3d3cubGlua2VkaW4uY29tJTJGY29tcGFueSUyRm1pY3JvNGFzaWElMkYlMjIlMjAlMjJ0YXJnZXQlM0QlMjJfYmxhbmslMjIlMjByZWwlM0QlMjJub29wZW5lciUyMiUyMiUwQSUyMCUyMCUyMCUyMCUyMHRhcmdldCUzRCUyMl9ibGFuayUyMiUyMHJlbCUzRCUyMm5vb3BlbmVyJTIwbm9yZWZlcnJlciUyMiUyMGFyaWEtbGFiZWwlM0QlMjJTaGFyZSUyMG9uJTIwTGlua2VkSW4lMjIlM0UlMEElMjAlMjAlMjAlMjAlM0NzdmclMjBjbGFzcyUzRCUyMm1pY3JvNGFzaWEtc2hhcmVfX2klMjIlMjB2aWV3Qm94JTNEJTIyMCUyMDAlMjAyNCUyMDI0JTIyJTIwYXJpYS1oaWRkZW4lM0QlMjJ0cnVlJTIyJTNFJTBBJTIwJTIwJTIwJTIwJTIwJTIwJTNDcGF0aCUyMGQlM0QlMjJNNC45OCUyMDMuNWEyLjUlMjAyLjUlMjAwJTIwMSUyMDAlMjAwJTIwNSUyMDIuNSUyMDIuNSUyMDAlMjAwJTIwMCUyMDAtNXpNMyUyMDloNHYxMkgzek05JTIwOWgzLjh2MS42aC4xYy41LS45JTIwMS44LTEuOSUyMDMuNy0xLjklMjA0JTIwMCUyMDQuNyUyMDIuNiUyMDQuNyUyMDZWMjFoLTR2LTUuM2MwLTEuMyUyMDAtMy0xLjktM3MtMi4yJTIwMS40LTIuMiUyMDIuOVYyMUg5eiUyMiUyRiUzRSUwQSUyMCUyMCUyMCUyMCUzQyUyRnN2ZyUzRSUwQSUyMCUyMCUzQyUyRmElM0UlMEElM0MlMkZkaXYlM0UlMEE=[\/vc_raw_html][\/vc_column_inner][\/vc_row_inner][\/vc_column][\/vc_row]<\/p>\n<\/div>","protected":false},"excerpt":{"rendered":"<p>[vc_row css=&#8221;.vc_custom_1746740266048{padding-top: 15px !important;padding-bottom: 5px !important;}&#8221;][vc_column css=&#8221;.vc_custom_1474281536962{padding-top: 0px !important;}&#8221;][vc_row_inner row_content_width=&#8221;grid&#8221; css=&#8221;.vc_custom_1748952076130{padding-right: 20px !important;padding-bottom: 20px !important;padding-left: 20px !important;background-color: #FAFAFA !important;}&#8221;][vc_column_inner][vc_column_text css=&#8221;&#8221;] Ho\u1ea1t \u0111\u1ed9ng [\/vc_column_text][\/vc_column_inner][\/vc_row_inner][\/vc_column][\/vc_row] [vc_row][vc_column css=&#8221;.vc_custom_1474281536962{padding-top: 0px !important;}&#8221;][vc_row_inner row_content_width=&#8221;grid&#8221; css=&#8221;.vc_custom_1748952083092{margin-top: 5px !important;margin-right: 20px !important;margin-bottom: 5px !important;margin-left: 20px !important;padding-bottom: 10px !important;background-color: #FAFAFA !important;}&#8221;][vc_column_inner el_class=&#8221;vertical-line&#8221;][vc_column_text css=&#8221;&#8221;] G\u00f3i c\u00f4ng vi\u1ec7c 1 [\/vc_column_text][vc_column_text css=&#8221;.vc_custom_1768990560870{background-image: url(https:\/\/www.micro4asia.eu\/wp-content\/uploads\/2025\/05\/vertikalna-linija.png?id=5624) !important;}&#8221;] 1.1 \u2013 Chu\u1ea9n b\u1ecb K\u1ebf ho\u1ea1ch qu\u1ea3n l\u00fd d\u1ef1 \u00e1n (PMP) 1.2 \u2013 X\u00e2y d\u1ef1ng D\u1ef1 th\u1ea3o v\u00e0 c\u00e1c quy \u0111\u1ecbnh c\u1ee7aTh\u1ecfa thu\u1eadn h\u1ee3p t\u00e1c (PA) 1.3 \u2013 H\u1ecdp d\u1ef1 \u00e1n Cu\u1ed9c h\u1ecdp tr\u1ef1c tuy\u1ebfn ng\u00e0y 20.05.2025 Cu\u1ed9c h\u1ecdp tr\u1ef1c tuy\u1ebfn ng\u00e0y 15.07.2025 1.4 \u2013 Qu\u1ea3n l\u00fd d\u1ef1 \u00e1n [\/vc_column_text][\/vc_column_inner][\/vc_row_inner][\/vc_column][\/vc_row] [vc_row][vc_column css=&#8221;.vc_custom_1474281536962{padding-top: 0px !important;}&#8221;][vc_row_inner row_content_width=&#8221;grid&#8221; css=&#8221;.vc_custom_1748952090330{margin-top: 5px !important;margin-right: 20px !important;margin-bottom: 5px !important;margin-left: 20px !important;padding-bottom: 10px !important;background-color: #FAFAFA !important;}&#8221;][vc_column_inner el_class=&#8221;vertical-line&#8221;][vc_column_text css=&#8221;&#8221;] G\u00f3i c\u00f4ng vi\u1ec7c 2 [\/vc_column_text][vc_column_text css=&#8221;.vc_custom_1768990610342{background-image: url(https:\/\/www.micro4asia.eu\/wp-content\/uploads\/2025\/05\/vertikalna-linija.png?id=5624) !important;}&#8221;] 2.1 \u2013 Tinh ch\u1ec9nh c\u00e1c kho\u1ea3ng c\u00e1ch n\u0103ng l\u1ef1c \u0111\u01b0\u1ee3c x\u00e1c \u0111\u1ecbnh khi chu\u1ea9n b\u1ecb v\u00e0 ho\u00e0n thi\u1ec7n k\u1ebf ho\u1ea1ch x\u00e2y [&hellip;]<\/p>\n","protected":false},"author":1,"featured_media":0,"parent":0,"menu_order":0,"comment_status":"closed","ping_status":"closed","template":"full-width.php","meta":{"footnotes":""},"class_list":["post-7263","page","type-page","status-publish","hentry"],"_links":{"self":[{"href":"https:\/\/www.micro4asia.eu\/vi\/wp-json\/wp\/v2\/pages\/7263","targetHints":{"allow":["GET"]}}],"collection":[{"href":"https:\/\/www.micro4asia.eu\/vi\/wp-json\/wp\/v2\/pages"}],"about":[{"href":"https:\/\/www.micro4asia.eu\/vi\/wp-json\/wp\/v2\/types\/page"}],"author":[{"embeddable":true,"href":"https:\/\/www.micro4asia.eu\/vi\/wp-json\/wp\/v2\/users\/1"}],"replies":[{"embeddable":true,"href":"https:\/\/www.micro4asia.eu\/vi\/wp-json\/wp\/v2\/comments?post=7263"}],"version-history":[{"count":3,"href":"https:\/\/www.micro4asia.eu\/vi\/wp-json\/wp\/v2\/pages\/7263\/revisions"}],"predecessor-version":[{"id":7266,"href":"https:\/\/www.micro4asia.eu\/vi\/wp-json\/wp\/v2\/pages\/7263\/revisions\/7266"}],"wp:attachment":[{"href":"https:\/\/www.micro4asia.eu\/vi\/wp-json\/wp\/v2\/media?parent=7263"}],"curies":[{"name":"wp","href":"https:\/\/api.w.org\/{rel}","templated":true}]}}