{"id":7269,"date":"2026-03-21T22:12:56","date_gmt":"2026-03-21T22:12:56","guid":{"rendered":"https:\/\/www.micro4asia.eu\/partners-2\/"},"modified":"2026-05-09T18:40:11","modified_gmt":"2026-05-09T18:40:11","slug":"partners","status":"publish","type":"page","link":"https:\/\/www.micro4asia.eu\/vi\/partners\/","title":{"rendered":"\u0110\u1ed1i t\u00e1c"},"content":{"rendered":"<div class=\"wpb-content-wrapper\"><p>[vc_row css=&#8221;.vc_custom_1746740266048{padding-top: 15px !important;padding-bottom: 5px !important;}&#8221;][vc_column css=&#8221;.vc_custom_1474281536962{padding-top: 0px !important;}&#8221;][vc_row_inner row_content_width=&#8221;grid&#8221; css=&#8221;.vc_custom_1748951917721{padding-right: 20px !important;padding-bottom: 20px !important;padding-left: 20px !important;background-color: #FAFAFA !important;}&#8221;][vc_column_inner][vc_column_text css=&#8221;&#8221;]<\/p>\n<h3>C\u00e1c \u0111\u1ed1i t\u00e1c c\u1ee7a d\u1ef1 \u00e1n MICRO4ASIA<\/h3>\n<p>[\/vc_column_text][vc_empty_space height=&#8221;20px&#8221;][\/vc_column_inner][\/vc_row_inner][\/vc_column][\/vc_row][vc_row][vc_column][vc_column_text]<\/p>\n<p>[\/vc_column_text][\/vc_column][\/vc_row][vc_row row_content_width=&#8221;grid&#8221; css=&#8221;.vc_custom_1748952039591{padding-top: 15px !important;padding-right: 20px !important;padding-bottom: 15px !important;padding-left: 20px !important;background-color: #FAFAFA !important;}&#8221;][vc_column width=&#8221;1\/3&#8243;][vc_column_text]<\/p>\n<div class=\"partner-card\">\n<div class=\"partner-card-logo\"><a href=\"https:\/\/www.micro4asia.eu\/vi\/partners-2\/masaryk-university\/\"><br \/>\n<img decoding=\"async\" src=\"https:\/\/www.micro4asia.eu\/wp-content\/uploads\/2026\/03\/MUNI_transparent-300x96.png\" alt=\"Masaryk University (MUNI)\" \/><br \/>\n<\/a><\/div>\n<p><strong>\u0110\u1ea1i h\u1ecdc Masaryk (MUNI)<\/strong><br \/>\n<a class=\"partner-btn\" href=\"https:\/\/www.micro4asia.eu\/vi\/partners-2\/masaryk-university\/\">Xem h\u1ed3 s\u01a1<\/a><\/p>\n<\/div>\n<p>[\/vc_column_text][\/vc_column][vc_column width=&#8221;1\/3&#8243;][vc_column_text]<\/p>\n<div class=\"partner-card\">\n<div class=\"partner-card-logo\"><a href=\"https:\/\/www.micro4asia.eu\/vi\/partners-2\/university-of-dubrovnik\/\"><br \/>\n<img decoding=\"async\" src=\"https:\/\/www.micro4asia.eu\/wp-content\/uploads\/2026\/03\/UNIDU_transparent-300x96.png\" alt=\"University of Dubrovnik (UNIDU)\" \/><br \/>\n<\/a><\/div>\n<p><strong>\u0110\u1ea1i h\u1ecdc Dubrovnik (UNIDU)<\/strong><br \/>\n<a class=\"partner-btn\" href=\"https:\/\/www.micro4asia.eu\/vi\/partners-2\/university-of-dubrovnik\/\">Xem h\u1ed3 s\u01a1<\/a><\/p>\n<\/div>\n<p>[\/vc_column_text][\/vc_column][vc_column width=&#8221;1\/3&#8243;][vc_column_text css=&#8221;&#8221;]<\/p>\n<div class=\"partner-card\">\n<div class=\"partner-card-logo\"><a href=\"https:\/\/www.micro4asia.eu\/vi\/partners-2\/university-of-siena\/\"><br \/>\n<img decoding=\"async\" src=\"https:\/\/www.micro4asia.eu\/wp-content\/uploads\/2026\/03\/UNISI_transparent-300x96.png\" alt=\"University of Siena (UNISI)\" \/><br \/>\n<\/a><\/div>\n<p><strong>\u0110\u1ea1i h\u1ecdc Siena<br \/>\n(UNISI)<\/strong><br \/>\n<a class=\"partner-btn\" href=\"https:\/\/www.micro4asia.eu\/vi\/partners-2\/university-of-siena\/\">Xem h\u1ed3 s\u01a1<\/a><\/p>\n<\/div>\n<p>[\/vc_column_text][\/vc_column][\/vc_row][vc_row][vc_column][vc_column_text]<\/p>\n<p>[\/vc_column_text][\/vc_column][\/vc_row][vc_row][vc_column][vc_empty_space height=&#8221;25px&#8221;][\/vc_column][\/vc_row][vc_row][vc_column][vc_column_text]<\/p>\n<p>[\/vc_column_text][\/vc_column][\/vc_row][vc_row row_content_width=&#8221;grid&#8221; css=&#8221;.vc_custom_1748952039591{padding-top: 15px !important;padding-right: 20px !important;padding-bottom: 15px !important;padding-left: 20px !important;background-color: #FAFAFA !important;}&#8221;][vc_column width=&#8221;1\/3&#8243;][vc_column_text]<\/p>\n<div class=\"partner-card\">\n<div class=\"partner-card-logo\"><a href=\"https:\/\/www.micro4asia.eu\/vi\/partners-2\/ihf\/\"><br \/>\n<img decoding=\"async\" src=\"https:\/\/www.micro4asia.eu\/wp-content\/uploads\/2026\/01\/IHF-Logo_transparent-300x96.png\" alt=\"Institut de Haute Formation aux Politiques Communautaires (IHF)\" \/><br \/>\n<\/a><\/div>\n<p><strong>Vi\u1ec7n \u0110\u00e0o t\u1ea1o Cao c\u1ea5p v\u1ec1 Ch\u00ednh s\u00e1ch C\u1ed9ng \u0111\u1ed3ng (IHF)<\/strong><br \/>\n<a class=\"partner-btn\" href=\"https:\/\/www.micro4asia.eu\/vi\/partners-2\/ihf\/\">Xem h\u1ed3 s\u01a1<\/a><\/p>\n<\/div>\n<p>[\/vc_column_text][\/vc_column][vc_column width=&#8221;1\/3&#8243;][vc_column_text]<\/p>\n<div class=\"partner-card\">\n<div class=\"partner-card-logo\"><a href=\"https:\/\/www.micro4asia.eu\/vi\/partners-2\/ueh\/\"><br \/>\n<img decoding=\"async\" src=\"https:\/\/www.micro4asia.eu\/wp-content\/uploads\/2026\/03\/UEH_transparent-300x96.png\" alt=\"University of Economics of Ho Chi Minh City (UEH)\" \/><br \/>\n<\/a><\/div>\n<p><strong>\u0110\u1ea1i h\u1ecdc Kinh t\u1ebf TP. H\u1ed3 Ch\u00ed Minh (UEH)<\/strong><br \/>\n<a class=\"partner-btn\" href=\"https:\/\/www.micro4asia.eu\/vi\/partners-2\/ueh\/\">Xem h\u1ed3 s\u01a1<\/a><\/p>\n<\/div>\n<p>[\/vc_column_text][\/vc_column][vc_column width=&#8221;1\/3&#8243;][vc_column_text]<\/p>\n<div class=\"partner-card\">\n<div class=\"partner-card-logo\"><a href=\"https:\/\/www.micro4asia.eu\/vi\/partners-2\/buh\/\"><br \/>\n<img decoding=\"async\" src=\"https:\/\/www.micro4asia.eu\/wp-content\/uploads\/2026\/03\/BUH_transparent-300x96.png\" alt=\"Banking University of Ho Chi Minh City (BUH)\" \/><br \/>\n<\/a><\/div>\n<p><strong>\u0110\u1ea1i h\u1ecdc Ng\u00e2n h\u00e0ng TP. H\u1ed3 Ch\u00ed Minh (BUH)<\/strong><br \/>\n<a class=\"partner-btn\" href=\"https:\/\/www.micro4asia.eu\/vi\/partners-2\/buh\/\">Xem h\u1ed3 s\u01a1<\/a><\/p>\n<\/div>\n<p>[\/vc_column_text][\/vc_column][\/vc_row][vc_row][vc_column][vc_column_text]<\/p>\n<p>[\/vc_column_text][\/vc_column][\/vc_row][vc_row][vc_column][vc_empty_space height=&#8221;25px&#8221;][\/vc_column][\/vc_row][vc_row][vc_column][vc_column_text]<\/p>\n<p>[\/vc_column_text][\/vc_column][\/vc_row][vc_row row_content_width=&#8221;grid&#8221; css=&#8221;.vc_custom_1748952039591{padding-top: 15px !important;padding-right: 20px !important;padding-bottom: 15px !important;padding-left: 20px !important;background-color: #FAFAFA !important;}&#8221;][vc_column width=&#8221;1\/3&#8243;][vc_column_text]<\/p>\n<div class=\"partner-card\">\n<div class=\"partner-card-logo\"><a href=\"https:\/\/www.micro4asia.eu\/vi\/partners-2\/neu\/\"><br \/>\n<img decoding=\"async\" src=\"https:\/\/www.micro4asia.eu\/wp-content\/uploads\/2026\/03\/NEU_transparent-300x96.png\" alt=\"National Economics University of Hanoi (NEU)\" \/><br \/>\n<\/a><\/div>\n<p><strong>\u0110\u1ea1i h\u1ecdc Kinh t\u1ebf Qu\u1ed1c d\u00e2n H\u00e0 N\u1ed9i (NEU)<\/strong><br \/>\n<a class=\"partner-btn\" href=\"https:\/\/www.micro4asia.eu\/vi\/partners-2\/neu\/\">Xem h\u1ed3 s\u01a1<\/a><\/p>\n<\/div>\n<p>[\/vc_column_text][\/vc_column][vc_column width=&#8221;1\/3&#8243;][vc_column_text css=&#8221;&#8221;]<\/p>\n<div class=\"partner-card\">\n<div class=\"partner-card-logo\"><a href=\"https:\/\/www.micro4asia.eu\/vi\/partners-2\/nuol\/\"><br \/>\n<img decoding=\"async\" src=\"https:\/\/www.micro4asia.eu\/wp-content\/uploads\/2026\/03\/NUOL_transparent-1-300x96.png\" alt=\"National University of Laos (NUOL)\" \/><br \/>\n<\/a><\/div>\n<p><strong>\u0110\u1ea1i h\u1ecdc Qu\u1ed1c gia L\u00e0o (NUOL)<\/strong><br \/>\n<a class=\"partner-btn\" href=\"https:\/\/www.micro4asia.eu\/vi\/partners-2\/nuol\/\">Xem h\u1ed3 s\u01a1<\/a><\/p>\n<\/div>\n<p>[\/vc_column_text][\/vc_column][vc_column width=&#8221;1\/3&#8243;][vc_column_text]<\/p>\n<div class=\"partner-card\">\n<div class=\"partner-card-logo\"><a href=\"https:\/\/www.micro4asia.eu\/vi\/partners-2\/bibol\/\"><br \/>\n<img decoding=\"async\" src=\"https:\/\/www.micro4asia.eu\/wp-content\/uploads\/2026\/03\/BIBOL_transparent-300x96.png\" alt=\"Banking Institute of Laos (BIBOL)\" \/><br \/>\n<\/a><\/div>\n<p><strong>Vi\u1ec7n Ng\u00e2n h\u00e0ng L\u00e0o (BIBOL)<\/strong><br \/>\n<a class=\"partner-btn\" href=\"https:\/\/www.micro4asia.eu\/vi\/partners-2\/bibol\/\">Xem h\u1ed3 s\u01a1<\/a><\/p>\n<\/div>\n<p>[\/vc_column_text][\/vc_column][\/vc_row][vc_row][vc_column][vc_column_text]<\/p>\n<p>[\/vc_column_text][\/vc_column][\/vc_row][vc_row][vc_column][vc_empty_space height=&#8221;25px&#8221;][\/vc_column][\/vc_row][vc_row][vc_column][vc_column_text]<\/p>\n<p>[\/vc_column_text][\/vc_column][\/vc_row][vc_row row_content_width=&#8221;grid&#8221; css=&#8221;.vc_custom_1748952039591{padding-top: 15px !important;padding-right: 20px !important;padding-bottom: 15px !important;padding-left: 20px !important;background-color: #FAFAFA !important;}&#8221;][vc_column width=&#8221;1\/3&#8243;][vc_column_text css=&#8221;&#8221;]<\/p>\n<div class=\"partner-card\">\n<div class=\"partner-card-logo\"><a href=\"https:\/\/www.micro4asia.eu\/vi\/partners-2\/champassak-university\/\"><br \/>\n<img decoding=\"async\" src=\"https:\/\/www.micro4asia.eu\/wp-content\/uploads\/2026\/03\/CHAMPASSAK_transparent-300x96.png\" alt=\"Champassak University (CU)\" \/><br \/>\n<\/a><\/div>\n<p><strong>\u0110\u1ea1i h\u1ecdc Champassak (CU)<\/strong><br \/>\n<a class=\"partner-btn\" href=\"https:\/\/www.micro4asia.eu\/vi\/partners-2\/champassak-university\/\">Xem h\u1ed3 s\u01a1<\/a><\/p>\n<\/div>\n<p>[\/vc_column_text][\/vc_column][vc_column width=&#8221;1\/3&#8243;][\/vc_column][vc_column width=&#8221;1\/3&#8243;][\/vc_column][\/vc_row][vc_row][vc_column][vc_column_text]<\/p>\n<p>[\/vc_column_text][\/vc_column][\/vc_row][vc_row css=&#8221;.vc_custom_1746737660996{padding-top: 66px !important;padding-bottom: 66px !important;background-color: #F7FAFB !important;}&#8221;][vc_column css=&#8221;.vc_custom_1474285720223{padding-top: 0px !important;}&#8221;][vc_row_inner css=&#8221;.vc_custom_1769069904450{padding-right: 10% !important;padding-left: 10% !important;}&#8221;][vc_column_inner width=&#8221;1\/4&#8243;][vc_single_image image=&#8221;6898&#8243; img_size=&#8221;&#8221; alignment=&#8221;center&#8221; css=&#8221;&#8221;][\/vc_column_inner][vc_column_inner width=&#8221;1\/4&#8243;][vc_single_image image=&#8221;5502&#8243; img_size=&#8221;&#8221; alignment=&#8221;center&#8221; css=&#8221;&#8221;][\/vc_column_inner][vc_column_inner width=&#8221;1\/2&#8243;][vc_column_text css=&#8221;&#8221;]\u0110\u01b0\u1ee3c t\u00e0i tr\u1ee3 b\u1edfi Li\u00ean minh ch\u00e2u \u00c2u. Tuy nhi\u00ean, c\u00e1c quan \u0111i\u1ec3m v\u00e0 \u00fd ki\u1ebfn \u0111\u01b0\u1ee3c tr\u00ecnh b\u00e0y ch\u1ec9 thu\u1ed9c v\u1ec1 t\u00e1c gi\u1ea3 v\u00e0 kh\u00f4ng nh\u1ea5t thi\u1ebft ph\u1ea3n \u00e1nh quan \u0111i\u1ec3m c\u1ee7a Li\u00ean minh ch\u00e2u \u00c2u ho\u1eb7c C\u01a1 quan \u0110i\u1ec1u h\u00e0nh Gi\u00e1o d\u1ee5c v\u00e0 V\u0103n h\u00f3a ch\u00e2u \u00c2u (EACEA). Li\u00ean minh ch\u00e2u \u00c2u v\u00e0 c\u01a1 quan t\u00e0i tr\u1ee3 kh\u00f4ng ch\u1ecbu tr\u00e1ch nhi\u1ec7m v\u1ec1 nh\u1eefng n\u1ed9i dung n\u00e0y.[\/vc_column_text][\/vc_column_inner][\/vc_row_inner][vc_row_inner css=&#8221;.vc_custom_1769031519980{padding-right: 10% !important;padding-left: 10% !important;}&#8221;][vc_column_inner width=&#8221;2\/3&#8243;][\/vc_column_inner][vc_column_inner width=&#8221;1\/3&#8243;][vc_empty_space][vc_raw_html css=&#8221;&#8221;]JTNDZGl2JTIwY2xhc3MlM0QlMjJtaWNybzRhc2lhLXNoYXJlJTIyJTNFJTBBJTIwJTIwJTNDJTIxLS0lMjBGYWNlYm9vayUyMFNIQVJFJTIwLS0lM0UlMEElMjAlMjAlM0NhJTIwY2xhc3MlM0QlMjJtaWNybzRhc2lhLXNoYXJlX19hJTIyJTBBJTIwJTIwJTIwJTIwJTIwaHJlZiUzRCUyMmh0dHBzJTNBJTJGJTJGd3d3LmZhY2Vib29rLmNvbSUyRk1JQ1JPNEFTSUElMkYlMjIlMjB0YXJnZXQlM0QlMjJfYmxhbmslMjIlMjByZWwlM0QlMjJub29wZW5lciUyMiUyMiUwQSUyMCUyMCUyMCUyMCUyMHRhcmdldCUzRCUyMl9ibGFuayUyMiUyMHJlbCUzRCUyMm5vb3BlbmVyJTIwbm9yZWZlcnJlciUyMiUyMGFyaWEtbGFiZWwlM0QlMjJTaGFyZSUyMG9uJTIwRmFjZWJvb2slMjIlM0UlMEElMjAlMjAlMjAlMjAlM0NzdmclMjBjbGFzcyUzRCUyMm1pY3JvNGFzaWEtc2hhcmVfX2klMjIlMjB2aWV3Qm94JTNEJTIyMCUyMDAlMjAyNCUyMDI0JTIyJTIwYXJpYS1oaWRkZW4lM0QlMjJ0cnVlJTIyJTNFJTBBJTIwJTIwJTIwJTIwJTIwJTIwJTNDcGF0aCUyMGQlM0QlMjJNMjIlMjAxMmExMCUyMDEwJTIwMCUyMDElMjAwLTExLjUlMjA5Ljl2LTdoLTJ2LTNoMlY5LjVjMC0yJTIwMS4yLTMuMSUyMDMtMy4xLjklMjAwJTIwMS44LjElMjAxLjguMXYyaC0xYy0xJTIwMC0xLjMuNi0xLjMlMjAxLjJWMTJoMi4zbC0uNCUyMDNoLTEuOXY3QTEwJTIwMTAlMjAwJTIwMCUyMDAlMjAyMiUyMDEyeiUyMiUyRiUzRSUwQSUyMCUyMCUyMCUyMCUzQyUyRnN2ZyUzRSUwQSUyMCUyMCUzQyUyRmElM0UlMEElMEElMjAlMjAlM0MlMjEtLSUyMExpbmtlZEluJTIwU0hBUkUlMjAtLSUzRSUwQSUyMCUyMCUzQ2ElMjBjbGFzcyUzRCUyMm1pY3JvNGFzaWEtc2hhcmVfX2ElMjIlMEElMjAlMjAlMjAlMjAlMjBocmVmJTNEJTIyaHR0cHMlM0ElMkYlMkZ3d3cubGlua2VkaW4uY29tJTJGY29tcGFueSUyRm1pY3JvNGFzaWElMkYlMjIlMjAlMjJ0YXJnZXQlM0QlMjJfYmxhbmslMjIlMjByZWwlM0QlMjJub29wZW5lciUyMiUyMiUwQSUyMCUyMCUyMCUyMCUyMHRhcmdldCUzRCUyMl9ibGFuayUyMiUyMHJlbCUzRCUyMm5vb3BlbmVyJTIwbm9yZWZlcnJlciUyMiUyMGFyaWEtbGFiZWwlM0QlMjJTaGFyZSUyMG9uJTIwTGlua2VkSW4lMjIlM0UlMEElMjAlMjAlMjAlMjAlM0NzdmclMjBjbGFzcyUzRCUyMm1pY3JvNGFzaWEtc2hhcmVfX2klMjIlMjB2aWV3Qm94JTNEJTIyMCUyMDAlMjAyNCUyMDI0JTIyJTIwYXJpYS1oaWRkZW4lM0QlMjJ0cnVlJTIyJTNFJTBBJTIwJTIwJTIwJTIwJTIwJTIwJTNDcGF0aCUyMGQlM0QlMjJNNC45OCUyMDMuNWEyLjUlMjAyLjUlMjAwJTIwMSUyMDAlMjAwJTIwNSUyMDIuNSUyMDIuNSUyMDAlMjAwJTIwMCUyMDAtNXpNMyUyMDloNHYxMkgzek05JTIwOWgzLjh2MS42aC4xYy41LS45JTIwMS44LTEuOSUyMDMuNy0xLjklMjA0JTIwMCUyMDQuNyUyMDIuNiUyMDQuNyUyMDZWMjFoLTR2LTUuM2MwLTEuMyUyMDAtMy0xLjktM3MtMi4yJTIwMS40LTIuMiUyMDIuOVYyMUg5eiUyMiUyRiUzRSUwQSUyMCUyMCUyMCUyMCUzQyUyRnN2ZyUzRSUwQSUyMCUyMCUzQyUyRmElM0UlMEElM0MlMkZkaXYlM0UlMEE=[\/vc_raw_html][\/vc_column_inner][\/vc_row_inner][\/vc_column][\/vc_row]<\/p>\n<\/div>","protected":false},"excerpt":{"rendered":"<p>[vc_row css=&#8221;.vc_custom_1746740266048{padding-top: 15px !important;padding-bottom: 5px !important;}&#8221;][vc_column css=&#8221;.vc_custom_1474281536962{padding-top: 0px !important;}&#8221;][vc_row_inner row_content_width=&#8221;grid&#8221; css=&#8221;.vc_custom_1748951917721{padding-right: 20px !important;padding-bottom: 20px !important;padding-left: 20px !important;background-color: #FAFAFA !important;}&#8221;][vc_column_inner][vc_column_text css=&#8221;&#8221;] C\u00e1c \u0111\u1ed1i t\u00e1c c\u1ee7a d\u1ef1 \u00e1n MICRO4ASIA [\/vc_column_text][vc_empty_space height=&#8221;20px&#8221;][\/vc_column_inner][\/vc_row_inner][\/vc_column][\/vc_row][vc_row][vc_column][vc_column_text] [\/vc_column_text][\/vc_column][\/vc_row][vc_row row_content_width=&#8221;grid&#8221; css=&#8221;.vc_custom_1748952039591{padding-top: 15px !important;padding-right: 20px !important;padding-bottom: 15px !important;padding-left: 20px !important;background-color: #FAFAFA !important;}&#8221;][vc_column width=&#8221;1\/3&#8243;][vc_column_text] \u0110\u1ea1i h\u1ecdc Masaryk (MUNI) Xem h\u1ed3 s\u01a1 [\/vc_column_text][\/vc_column][vc_column width=&#8221;1\/3&#8243;][vc_column_text] \u0110\u1ea1i h\u1ecdc Dubrovnik (UNIDU) Xem h\u1ed3 s\u01a1 [\/vc_column_text][\/vc_column][vc_column width=&#8221;1\/3&#8243;][vc_column_text css=&#8221;&#8221;] \u0110\u1ea1i h\u1ecdc Siena (UNISI) Xem h\u1ed3 s\u01a1 [\/vc_column_text][\/vc_column][\/vc_row][vc_row][vc_column][vc_column_text] [\/vc_column_text][\/vc_column][\/vc_row][vc_row][vc_column][vc_empty_space height=&#8221;25px&#8221;][\/vc_column][\/vc_row][vc_row][vc_column][vc_column_text] [\/vc_column_text][\/vc_column][\/vc_row][vc_row row_content_width=&#8221;grid&#8221; css=&#8221;.vc_custom_1748952039591{padding-top: 15px !important;padding-right: 20px !important;padding-bottom: 15px !important;padding-left: 20px !important;background-color: #FAFAFA !important;}&#8221;][vc_column width=&#8221;1\/3&#8243;][vc_column_text] Vi\u1ec7n \u0110\u00e0o t\u1ea1o Cao c\u1ea5p v\u1ec1 Ch\u00ednh s\u00e1ch C\u1ed9ng \u0111\u1ed3ng (IHF) Xem h\u1ed3 s\u01a1 [\/vc_column_text][\/vc_column][vc_column width=&#8221;1\/3&#8243;][vc_column_text] \u0110\u1ea1i h\u1ecdc Kinh t\u1ebf TP. H\u1ed3 Ch\u00ed Minh (UEH) Xem h\u1ed3 s\u01a1 [\/vc_column_text][\/vc_column][vc_column width=&#8221;1\/3&#8243;][vc_column_text] \u0110\u1ea1i h\u1ecdc Ng\u00e2n h\u00e0ng TP. H\u1ed3 Ch\u00ed Minh (BUH) Xem h\u1ed3 s\u01a1 [\/vc_column_text][\/vc_column][\/vc_row][vc_row][vc_column][vc_column_text] [\/vc_column_text][\/vc_column][\/vc_row][vc_row][vc_column][vc_empty_space height=&#8221;25px&#8221;][\/vc_column][\/vc_row][vc_row][vc_column][vc_column_text] [\/vc_column_text][\/vc_column][\/vc_row][vc_row row_content_width=&#8221;grid&#8221; css=&#8221;.vc_custom_1748952039591{padding-top: 15px !important;padding-right: 20px !important;padding-bottom: 15px !important;padding-left: 20px !important;background-color: #FAFAFA !important;}&#8221;][vc_column width=&#8221;1\/3&#8243;][vc_column_text] \u0110\u1ea1i h\u1ecdc Kinh t\u1ebf Qu\u1ed1c [&hellip;]<\/p>\n","protected":false},"author":1,"featured_media":0,"parent":0,"menu_order":0,"comment_status":"closed","ping_status":"closed","template":"full-width.php","meta":{"footnotes":""},"class_list":["post-7269","page","type-page","status-publish","hentry"],"_links":{"self":[{"href":"https:\/\/www.micro4asia.eu\/vi\/wp-json\/wp\/v2\/pages\/7269","targetHints":{"allow":["GET"]}}],"collection":[{"href":"https:\/\/www.micro4asia.eu\/vi\/wp-json\/wp\/v2\/pages"}],"about":[{"href":"https:\/\/www.micro4asia.eu\/vi\/wp-json\/wp\/v2\/types\/page"}],"author":[{"embeddable":true,"href":"https:\/\/www.micro4asia.eu\/vi\/wp-json\/wp\/v2\/users\/1"}],"replies":[{"embeddable":true,"href":"https:\/\/www.micro4asia.eu\/vi\/wp-json\/wp\/v2\/comments?post=7269"}],"version-history":[{"count":4,"href":"https:\/\/www.micro4asia.eu\/vi\/wp-json\/wp\/v2\/pages\/7269\/revisions"}],"predecessor-version":[{"id":7317,"href":"https:\/\/www.micro4asia.eu\/vi\/wp-json\/wp\/v2\/pages\/7269\/revisions\/7317"}],"wp:attachment":[{"href":"https:\/\/www.micro4asia.eu\/vi\/wp-json\/wp\/v2\/media?parent=7269"}],"curies":[{"name":"wp","href":"https:\/\/api.w.org\/{rel}","templated":true}]}}