{"id":7271,"date":"2026-03-21T22:41:29","date_gmt":"2026-03-21T22:41:29","guid":{"rendered":"https:\/\/www.micro4asia.eu\/partners\/bibol\/"},"modified":"2026-05-09T18:29:11","modified_gmt":"2026-05-09T18:29:11","slug":"bibol","status":"publish","type":"page","link":"https:\/\/www.micro4asia.eu\/vi\/partners\/bibol\/","title":{"rendered":"Vi\u1ec7n Ng\u00e2n h\u00e0ng L\u00e0o (BIBOL)"},"content":{"rendered":"<div class=\"wpb-content-wrapper\"><p>[vc_row row_content_width=&#8221;grid&#8221; css=&#8221;.vc_custom_unidu_clean_wrap{padding-top:50px !important;padding-bottom:70px !important;}&#8221;][vc_column width=&#8221;1\/3&#8243;][vc_column_text css=&#8221;&#8221;]<\/p>\n<div class=\"micro4asia-partner-card-clean\">\n<div class=\"micro4asia-partner-card-logo\"><img decoding=\"async\" src=\"https:\/\/www.micro4asia.eu\/wp-content\/uploads\/2026\/03\/BIBOL_transparent-300x96.png\" alt=\"Banking Institute of Laos (BIBOL)\" \/><\/div>\n<div class=\"micro4asia-partner-card-divider\"><\/div>\n<p class=\"micro4asia-partner-card-btn-wrap\"><a class=\"micro4asia-partner-card-btn\" href=\"#\" target=\"_blank\" rel=\"noopener\">Truy c\u1eadp trang web<br \/>\n<\/a><\/p>\n<p class=\"micro4asia-partner-card-back-wrap\"><a class=\"micro4asia-partner-card-back\" href=\"https:\/\/www.micro4asia.eu\/vi\/partners\/\"><br \/>\n\u2190 Quay l\u1ea1i danh s\u00e1ch \u0111\u1ed1i t\u00e1c<br \/>\n<\/a><\/p>\n<\/div>\n<p>[\/vc_column_text][\/vc_column][vc_column width=&#8221;2\/3&#8243;][vc_column_text css=&#8221;&#8221;]<\/p>\n<div class=\"micro4asia-partner-content-clean\">\n<h2 class=\"micro4asia-partner-title-clean\">Vi\u1ec7n Ng\u00e2n h\u00e0ng L\u00e0o (BIBOL)<\/h2>\n<p>Vi\u1ec7n Ng\u00e2n h\u00e0ng L\u00e0o (BIBOL), \u0111\u01b0\u1ee3c th\u00e0nh l\u1eadp v\u00e0o n\u0103m 1979 tr\u1ef1c thu\u1ed9c Ng\u00e2n h\u00e0ng CHDCND L\u00e0o, l\u00e0 m\u1ed9t t\u1ed5 ch\u1ee9c quan tr\u1ecdng trong l\u0129nh v\u1ef1c gi\u00e1o d\u1ee5c \u0111\u1ea1i h\u1ecdc v\u00e0 \u0111\u00e0o t\u1ea1o chuy\u00ean m\u00f4n v\u1ec1 ng\u00e2n h\u00e0ng, t\u00e0i ch\u00ednh v\u00e0 k\u1ebf to\u00e1n t\u1ea1i L\u00e0o.<\/p>\n<p>BIBOL cung c\u1ea5p c\u00e1c ch\u01b0\u01a1ng tr\u00ecnh \u0111\u1ea1i h\u1ecdc v\u1ec1 ng\u00e2n h\u00e0ng, k\u1ebf to\u00e1n, t\u00e0i ch\u00ednh, t\u00e0i ch\u00ednh vi m\u00f4 v\u00e0 ki\u1ec3m to\u00e1n, c\u0169ng nh\u01b0 ch\u01b0\u01a1ng tr\u00ecnh th\u1ea1c s\u0129 v\u1ec1 ng\u00e2n h\u00e0ng v\u00e0 t\u00e0i ch\u00ednh. T\u1ed5 ch\u1ee9c n\u00e0y c\u0169ng tri\u1ec3n khai nhi\u1ec1u kh\u00f3a \u0111\u00e0o t\u1ea1o chuy\u00ean nghi\u1ec7p nh\u1eb1m n\u00e2ng cao k\u1ef9 n\u0103ng v\u00e0 n\u0103ng l\u1ef1c trong l\u0129nh v\u1ef1c t\u00e0i ch\u00ednh.<\/p>\n<p>Th\u00f4ng qua c\u00e1c ho\u1ea1t \u0111\u1ed9ng h\u1ecdc thu\u1eadt v\u00e0 \u0111\u00e0o t\u1ea1o, BIBOL \u0111\u00f3ng vai tr\u00f2 quan tr\u1ecdng trong vi\u1ec7c ph\u00e1t tri\u1ec3n chuy\u00ean m\u00f4n t\u00e0i ch\u00ednh v\u00e0 n\u00e2ng cao n\u0103ng l\u1ef1c t\u1ea1i L\u00e0o. Trong khu\u00f4n kh\u1ed5 d\u1ef1 \u00e1n MICRO4ASIA, BIBOL \u0111\u00f3ng g\u00f3p v\u00e0o vi\u1ec7c ph\u00e1t tri\u1ec3n c\u00e1c ch\u1ee9ng ch\u1ec9 vi m\u00f4 v\u00e0 h\u1ed7 tr\u1ee3 n\u00e2ng cao h\u1ec7 th\u1ed1ng gi\u00e1o d\u1ee5c v\u00e0 \u0111\u00e0o t\u1ea1o ph\u00f9 h\u1ee3p v\u1edbi c\u00e1c ti\u00eau chu\u1ea9n qu\u1ed1c t\u1ebf.<\/p>\n<p><strong>Ng\u01b0\u1eddi ph\u1ee5 tr\u00e1ch:<\/strong> Malavanh Phounseneouan<\/p>\n<p><strong>Email:<\/strong> phounseneouan@gmail.com<\/p>\n<p><strong>Website c\u1ee7a t\u1ed5 ch\u1ee9c:<\/strong><\/p>\n<\/div>\n<p>[\/vc_column_text][\/vc_column][\/vc_row]<\/p>\n<\/div>","protected":false},"excerpt":{"rendered":"<p>[vc_row row_content_width=&#8221;grid&#8221; css=&#8221;.vc_custom_unidu_clean_wrap{padding-top:50px !important;padding-bottom:70px !important;}&#8221;][vc_column width=&#8221;1\/3&#8243;][vc_column_text css=&#8221;&#8221;] Truy c\u1eadp trang web \u2190 Quay l\u1ea1i danh s\u00e1ch \u0111\u1ed1i t\u00e1c [\/vc_column_text][\/vc_column][vc_column width=&#8221;2\/3&#8243;][vc_column_text css=&#8221;&#8221;] Vi\u1ec7n Ng\u00e2n h\u00e0ng L\u00e0o (BIBOL) Vi\u1ec7n Ng\u00e2n h\u00e0ng L\u00e0o (BIBOL), \u0111\u01b0\u1ee3c th\u00e0nh l\u1eadp v\u00e0o n\u0103m 1979 tr\u1ef1c thu\u1ed9c Ng\u00e2n h\u00e0ng CHDCND L\u00e0o, l\u00e0 m\u1ed9t t\u1ed5 ch\u1ee9c quan tr\u1ecdng trong l\u0129nh v\u1ef1c gi\u00e1o d\u1ee5c \u0111\u1ea1i h\u1ecdc v\u00e0 \u0111\u00e0o t\u1ea1o chuy\u00ean m\u00f4n v\u1ec1 ng\u00e2n h\u00e0ng, t\u00e0i ch\u00ednh v\u00e0 k\u1ebf to\u00e1n t\u1ea1i L\u00e0o. BIBOL cung c\u1ea5p c\u00e1c ch\u01b0\u01a1ng tr\u00ecnh \u0111\u1ea1i h\u1ecdc v\u1ec1 ng\u00e2n h\u00e0ng, k\u1ebf to\u00e1n, t\u00e0i ch\u00ednh, t\u00e0i ch\u00ednh vi m\u00f4 v\u00e0 ki\u1ec3m to\u00e1n, c\u0169ng nh\u01b0 ch\u01b0\u01a1ng tr\u00ecnh th\u1ea1c s\u0129 v\u1ec1 ng\u00e2n h\u00e0ng v\u00e0 t\u00e0i ch\u00ednh. T\u1ed5 ch\u1ee9c n\u00e0y c\u0169ng tri\u1ec3n khai nhi\u1ec1u kh\u00f3a \u0111\u00e0o t\u1ea1o chuy\u00ean nghi\u1ec7p nh\u1eb1m n\u00e2ng cao k\u1ef9 n\u0103ng v\u00e0 n\u0103ng l\u1ef1c trong l\u0129nh v\u1ef1c t\u00e0i ch\u00ednh. Th\u00f4ng qua c\u00e1c ho\u1ea1t \u0111\u1ed9ng h\u1ecdc thu\u1eadt v\u00e0 \u0111\u00e0o t\u1ea1o, BIBOL \u0111\u00f3ng vai tr\u00f2 quan tr\u1ecdng trong vi\u1ec7c ph\u00e1t tri\u1ec3n [&hellip;]<\/p>\n","protected":false},"author":1,"featured_media":0,"parent":7269,"menu_order":0,"comment_status":"closed","ping_status":"closed","template":"","meta":{"footnotes":""},"class_list":["post-7271","page","type-page","status-publish","hentry"],"_links":{"self":[{"href":"https:\/\/www.micro4asia.eu\/vi\/wp-json\/wp\/v2\/pages\/7271","targetHints":{"allow":["GET"]}}],"collection":[{"href":"https:\/\/www.micro4asia.eu\/vi\/wp-json\/wp\/v2\/pages"}],"about":[{"href":"https:\/\/www.micro4asia.eu\/vi\/wp-json\/wp\/v2\/types\/page"}],"author":[{"embeddable":true,"href":"https:\/\/www.micro4asia.eu\/vi\/wp-json\/wp\/v2\/users\/1"}],"replies":[{"embeddable":true,"href":"https:\/\/www.micro4asia.eu\/vi\/wp-json\/wp\/v2\/comments?post=7271"}],"version-history":[{"count":3,"href":"https:\/\/www.micro4asia.eu\/vi\/wp-json\/wp\/v2\/pages\/7271\/revisions"}],"predecessor-version":[{"id":7313,"href":"https:\/\/www.micro4asia.eu\/vi\/wp-json\/wp\/v2\/pages\/7271\/revisions\/7313"}],"up":[{"embeddable":true,"href":"https:\/\/www.micro4asia.eu\/vi\/wp-json\/wp\/v2\/pages\/7269"}],"wp:attachment":[{"href":"https:\/\/www.micro4asia.eu\/vi\/wp-json\/wp\/v2\/media?parent=7271"}],"curies":[{"name":"wp","href":"https:\/\/api.w.org\/{rel}","templated":true}]}}