{"id":7273,"date":"2026-03-21T22:37:22","date_gmt":"2026-03-21T22:37:22","guid":{"rendered":"https:\/\/www.micro4asia.eu\/partners\/buh\/"},"modified":"2026-05-09T18:16:32","modified_gmt":"2026-05-09T18:16:32","slug":"buh","status":"publish","type":"page","link":"https:\/\/www.micro4asia.eu\/vi\/partners\/buh\/","title":{"rendered":"\u0110\u1ea1i h\u1ecdc Ng\u00e2n h\u00e0ng TP. H\u1ed3 Ch\u00ed Minh (BUH)"},"content":{"rendered":"<div class=\"wpb-content-wrapper\"><p>[vc_row row_content_width=&#8221;grid&#8221; css=&#8221;.vc_custom_unidu_clean_wrap{padding-top:50px !important;padding-bottom:70px !important;}&#8221;][vc_column width=&#8221;1\/3&#8243;][vc_column_text css=&#8221;&#8221;]<\/p>\n<div class=\"micro4asia-partner-card-clean\">\n<div class=\"micro4asia-partner-card-logo\"><img decoding=\"async\" src=\"https:\/\/www.micro4asia.eu\/wp-content\/uploads\/2026\/03\/BUH_transparent-300x96.png\" alt=\"Banking University of Ho Chi Minh City (BUH)\" \/><\/div>\n<div class=\"micro4asia-partner-card-divider\"><\/div>\n<p class=\"micro4asia-partner-card-btn-wrap\"><a class=\"micro4asia-partner-card-btn\" href=\"https:\/\/www.buh.edu.vn\/\" target=\"_blank\" rel=\"noopener\">Truy c\u1eadp trang web<br \/>\n<\/a><\/p>\n<p class=\"micro4asia-partner-card-back-wrap\"><a class=\"micro4asia-partner-card-back\" href=\"https:\/\/www.micro4asia.eu\/vi\/partners\/\"><br \/>\n\u2190 Quay l\u1ea1i danh s\u00e1ch \u0111\u1ed1i t\u00e1c<br \/>\n<\/a><\/p>\n<\/div>\n<p>[\/vc_column_text][\/vc_column][vc_column width=&#8221;2\/3&#8243;][vc_column_text css=&#8221;&#8221;]<\/p>\n<div class=\"micro4asia-partner-content-clean\">\n<p><strong><span lang=\"EN-US\" style=\"font-size: 11.0pt;\">\u0110\u1ea1i h\u1ecdc Ng\u00e2n h\u00e0ng TP. H\u1ed3 Ch\u00ed Minh (BUH)<\/span><\/strong><span lang=\"EN-US\" style=\"font-size: 11.0pt;\"><br \/>\n<span class=\"whitespace-normal\">Banking University of Ho Chi Minh City<\/span>, tr\u1ef1c thu\u1ed9c Ng\u00e2n h\u00e0ng Nh\u00e0 n\u01b0\u1edbc Vi\u1ec7t Nam t\u1eeb n\u0103m 1976, l\u00e0 m\u1ed9t c\u01a1 s\u1edf gi\u00e1o d\u1ee5c \u0111\u1ea1i h\u1ecdc chuy\u00ean ng\u00e0nh t\u1eadp trung v\u00e0o t\u00e0i ch\u00ednh, ng\u00e2n h\u00e0ng v\u00e0 c\u00e1c l\u0129nh v\u1ef1c kinh t\u1ebf. Tr\u01b0\u1eddng cung c\u1ea5p nhi\u1ec1u ch\u01b0\u01a1ng tr\u00ecnh \u0111\u00e0o t\u1ea1o v\u1edbi 18 chuy\u00ean ng\u00e0nh v\u00e0 ph\u1ee5c v\u1ee5 h\u01a1n 13.000 sinh vi\u00ean.<\/span><\/p>\n<p><span lang=\"EN-US\" style=\"font-size: 11.0pt;\">BUH c\u00f3 g\u1ea7n 500 c\u00e1n b\u1ed9 gi\u1ea3ng d\u1ea1y v\u00e0 nh\u00e2n s\u1ef1 h\u00e0nh ch\u00ednh, bao g\u1ed3m c\u00e1c nh\u00e0 nghi\u00ean c\u1ee9u v\u00e0 chuy\u00ean gia gi\u00e0u kinh nghi\u1ec7m trong l\u0129nh v\u1ef1c t\u00e0i ch\u00ednh v\u00e0 kinh t\u1ebf. Tr\u01b0\u1eddng ho\u1ea1t \u0111\u1ed9ng tr\u00ean ba c\u01a1 s\u1edf \u0111\u00e0o t\u1ea1o, trong \u0111\u00f3 c\u01a1 s\u1edf l\u1edbn nh\u1ea5t r\u1ed9ng h\u01a1n 11 hecta, cung c\u1ea5p c\u01a1 s\u1edf v\u1eadt ch\u1ea5t hi\u1ec7n \u0111\u1ea1i cho gi\u1ea3ng d\u1ea1y, nghi\u00ean c\u1ee9u v\u00e0 ph\u00e1t tri\u1ec3n sinh vi\u00ean.<\/span><\/p>\n<p><span lang=\"EN-US\" style=\"font-size: 11.0pt;\">\u0110\u01b0\u1ee3c c\u00f4ng nh\u1eadn v\u00ec \u0111\u00f3ng g\u00f3p trong nghi\u00ean c\u1ee9u kinh t\u1ebf, BUH n\u1eb1m trong nh\u00f3m c\u00e1c tr\u01b0\u1eddng \u0111\u1ea1i h\u1ecdc h\u00e0ng \u0111\u1ea7u t\u1ea1i Vi\u1ec7t Nam v\u1ec1 s\u1ed1 l\u01b0\u1ee3ng c\u00f4ng b\u1ed1 qu\u1ed1c t\u1ebf trong l\u0129nh v\u1ef1c kinh t\u1ebf. Trong khu\u00f4n kh\u1ed5 d\u1ef1 \u00e1n MICRO4ASIA, BUH \u0111\u00f3ng g\u00f3p v\u00e0o vi\u1ec7c ph\u00e1t tri\u1ec3n v\u00e0 tri\u1ec3n khai micro-credentials, \u0111\u1ed3ng th\u1eddi h\u1ed7 tr\u1ee3 t\u0103ng c\u01b0\u1eddng n\u0103ng l\u1ef1c h\u1ecdc thu\u1eadt cho c\u00e1c \u0111\u1ed1i t\u00e1c.<\/span><\/p>\n<p><span lang=\"EN-US\" style=\"font-size: 11.0pt;\">Ng\u01b0\u1eddi ph\u1ee5 tr\u00e1ch: Nguyen An Binh<br \/>\nEmail: binhna@hub.edu.vn<\/span><\/p>\n<p><span lang=\"EN-US\" style=\"font-size: 11.0pt;\">Website c\u1ee7a t\u1ed5 ch\u1ee9c:<br \/>\n<\/span><span lang=\"EN-US\"><a href=\"https:\/\/www.buh.edu.vn?utm_source=chatgpt.com\" target=\"_new\"><span style=\"font-size: 11.0pt;\">www.buh.edu.vn<\/span><\/a><\/span><\/p>\n<\/div>\n<p>[\/vc_column_text][\/vc_column][\/vc_row]<\/p>\n<\/div>","protected":false},"excerpt":{"rendered":"<p>[vc_row row_content_width=&#8221;grid&#8221; css=&#8221;.vc_custom_unidu_clean_wrap{padding-top:50px !important;padding-bottom:70px !important;}&#8221;][vc_column width=&#8221;1\/3&#8243;][vc_column_text css=&#8221;&#8221;] Truy c\u1eadp trang web \u2190 Quay l\u1ea1i danh s\u00e1ch \u0111\u1ed1i t\u00e1c [\/vc_column_text][\/vc_column][vc_column width=&#8221;2\/3&#8243;][vc_column_text css=&#8221;&#8221;] \u0110\u1ea1i h\u1ecdc Ng\u00e2n h\u00e0ng TP. H\u1ed3 Ch\u00ed Minh (BUH) Banking University of Ho Chi Minh City, tr\u1ef1c thu\u1ed9c Ng\u00e2n h\u00e0ng Nh\u00e0 n\u01b0\u1edbc Vi\u1ec7t Nam t\u1eeb n\u0103m 1976, l\u00e0 m\u1ed9t c\u01a1 s\u1edf gi\u00e1o d\u1ee5c \u0111\u1ea1i h\u1ecdc chuy\u00ean ng\u00e0nh t\u1eadp trung v\u00e0o t\u00e0i ch\u00ednh, ng\u00e2n h\u00e0ng v\u00e0 c\u00e1c l\u0129nh v\u1ef1c kinh t\u1ebf. Tr\u01b0\u1eddng cung c\u1ea5p nhi\u1ec1u ch\u01b0\u01a1ng tr\u00ecnh \u0111\u00e0o t\u1ea1o v\u1edbi 18 chuy\u00ean ng\u00e0nh v\u00e0 ph\u1ee5c v\u1ee5 h\u01a1n 13.000 sinh vi\u00ean. BUH c\u00f3 g\u1ea7n 500 c\u00e1n b\u1ed9 gi\u1ea3ng d\u1ea1y v\u00e0 nh\u00e2n s\u1ef1 h\u00e0nh ch\u00ednh, bao g\u1ed3m c\u00e1c nh\u00e0 nghi\u00ean c\u1ee9u v\u00e0 chuy\u00ean gia gi\u00e0u kinh nghi\u1ec7m trong l\u0129nh v\u1ef1c t\u00e0i ch\u00ednh v\u00e0 kinh t\u1ebf. Tr\u01b0\u1eddng ho\u1ea1t \u0111\u1ed9ng tr\u00ean ba c\u01a1 s\u1edf \u0111\u00e0o t\u1ea1o, trong \u0111\u00f3 c\u01a1 s\u1edf l\u1edbn nh\u1ea5t r\u1ed9ng h\u01a1n 11 hecta, cung c\u1ea5p c\u01a1 s\u1edf v\u1eadt ch\u1ea5t hi\u1ec7n \u0111\u1ea1i [&hellip;]<\/p>\n","protected":false},"author":1,"featured_media":0,"parent":7269,"menu_order":0,"comment_status":"closed","ping_status":"closed","template":"","meta":{"footnotes":""},"class_list":["post-7273","page","type-page","status-publish","hentry"],"_links":{"self":[{"href":"https:\/\/www.micro4asia.eu\/vi\/wp-json\/wp\/v2\/pages\/7273","targetHints":{"allow":["GET"]}}],"collection":[{"href":"https:\/\/www.micro4asia.eu\/vi\/wp-json\/wp\/v2\/pages"}],"about":[{"href":"https:\/\/www.micro4asia.eu\/vi\/wp-json\/wp\/v2\/types\/page"}],"author":[{"embeddable":true,"href":"https:\/\/www.micro4asia.eu\/vi\/wp-json\/wp\/v2\/users\/1"}],"replies":[{"embeddable":true,"href":"https:\/\/www.micro4asia.eu\/vi\/wp-json\/wp\/v2\/comments?post=7273"}],"version-history":[{"count":2,"href":"https:\/\/www.micro4asia.eu\/vi\/wp-json\/wp\/v2\/pages\/7273\/revisions"}],"predecessor-version":[{"id":7304,"href":"https:\/\/www.micro4asia.eu\/vi\/wp-json\/wp\/v2\/pages\/7273\/revisions\/7304"}],"up":[{"embeddable":true,"href":"https:\/\/www.micro4asia.eu\/vi\/wp-json\/wp\/v2\/pages\/7269"}],"wp:attachment":[{"href":"https:\/\/www.micro4asia.eu\/vi\/wp-json\/wp\/v2\/media?parent=7273"}],"curies":[{"name":"wp","href":"https:\/\/api.w.org\/{rel}","templated":true}]}}