{"id":7275,"date":"2026-03-21T22:42:34","date_gmt":"2026-03-21T22:42:34","guid":{"rendered":"https:\/\/www.micro4asia.eu\/partners\/champassak-university\/"},"modified":"2026-05-09T18:23:50","modified_gmt":"2026-05-09T18:23:50","slug":"champassak-university","status":"publish","type":"page","link":"https:\/\/www.micro4asia.eu\/vi\/partners\/champassak-university\/","title":{"rendered":"\u0110\u1ea1i h\u1ecdc Champassak (CU)"},"content":{"rendered":"<div class=\"wpb-content-wrapper\"><p>[vc_row row_content_width=&#8221;grid&#8221; css=&#8221;.vc_custom_unidu_clean_wrap{padding-top:50px !important;padding-bottom:70px !important;}&#8221;][vc_column width=&#8221;1\/3&#8243;][vc_column_text css=&#8221;&#8221;]<\/p>\n<div class=\"micro4asia-partner-card-clean\">\n<div class=\"micro4asia-partner-card-logo\">\n<p><img decoding=\"async\" src=\"https:\/\/www.micro4asia.eu\/wp-content\/uploads\/2026\/03\/CHAMPASSAK_transparent-300x96.png\" alt=\"Champassak University (CU)\" \/><\/p>\n<\/div>\n<div class=\"micro4asia-partner-card-divider\"><\/div>\n<p class=\"micro4asia-partner-card-btn-wrap\"><a class=\"micro4asia-partner-card-btn\" href=\"#\" target=\"_blank\" rel=\"noopener\">Truy c\u1eadp trang web<br \/>\n<\/a><\/p>\n<p class=\"micro4asia-partner-card-back-wrap\"><a class=\"micro4asia-partner-card-back\" href=\"https:\/\/www.micro4asia.eu\/vi\/partners\/\"><br \/>\n\u2190 Quay l\u1ea1i danh s\u00e1ch \u0111\u1ed1i t\u00e1c<br \/>\n<\/a><\/p>\n<\/div>\n<p>[\/vc_column_text][\/vc_column][vc_column width=&#8221;2\/3&#8243;][vc_column_text css=&#8221;&#8221;]<\/p>\n<div class=\"micro4asia-partner-content-clean\">\n<div class=\"micro4asia-partner-label-clean\">H\u1ed3 s\u01a1 \u0111\u1ed1i t\u00e1c<\/div>\n<h2 class=\"micro4asia-partner-title-clean\">\u0110\u1ea1i h\u1ecdc Champassak (CU)<\/h2>\n<p>\u0110\u1ea1i h\u1ecdc Champassak (CU) l\u00e0 m\u1ed9t c\u01a1 s\u1edf gi\u00e1o d\u1ee5c \u0111\u1ea1i h\u1ecdc c\u00f4ng l\u1eadp t\u1ea1i L\u00e0o, ho\u1ea1t \u0111\u1ed9ng d\u01b0\u1edbi s\u1ef1 qu\u1ea3n l\u00fd c\u1ee7a V\u1ee5 Gi\u00e1o d\u1ee5c \u0110\u1ea1i h\u1ecdc, B\u1ed9 Gi\u00e1o d\u1ee5c v\u00e0 Th\u1ec3 thao. Tr\u01b0\u1eddng \u0111\u00f3ng vai tr\u00f2 quan tr\u1ecdng trong vi\u1ec7c cung c\u1ea5p gi\u00e1o d\u1ee5c \u0111\u1ea1i h\u1ecdc t\u1ea1i mi\u1ec1n Nam L\u00e0o v\u00e0 g\u00f3p ph\u1ea7n ph\u00e1t tri\u1ec3n ngu\u1ed3n nh\u00e2n l\u1ef1c c\u00f3 k\u1ef9 n\u0103ng trong khu v\u1ef1c.<\/p>\n<p>CU cung c\u1ea5p nhi\u1ec1u ch\u01b0\u01a1ng tr\u00ecnh \u0111\u00e0o t\u1ea1o thu\u1ed9c s\u00e1u khoa, bao g\u1ed3m N\u00f4ng nghi\u1ec7p v\u00e0 L\u00e2m nghi\u1ec7p, Gi\u00e1o d\u1ee5c, Kinh t\u1ebf v\u00e0 Qu\u1ea3n l\u00fd, K\u1ef9 thu\u1eadt v\u00e0 Khoa h\u1ecdc T\u1ef1 nhi\u00ean. Tr\u01b0\u1eddng \u0111\u01b0\u1ee3c trang b\u1ecb c\u00e1c c\u01a1 s\u1edf v\u1eadt ch\u1ea5t hi\u1ec7n \u0111\u1ea1i nh\u01b0 ph\u00f2ng th\u00ed nghi\u1ec7m, trung t\u00e2m ICT v\u00e0 c\u00e1c trung t\u00e2m nghi\u00ean c\u1ee9u, tr\u00ecnh di\u1ec5n n\u00f4ng nghi\u1ec7p.<\/p>\n<p>V\u1edbi h\u01a1n 3.500 sinh vi\u00ean v\u00e0 h\u01a1n 400 c\u00e1n b\u1ed9, \u0110\u1ea1i h\u1ecdc Champassak t\u00edch c\u1ef1c tham gia h\u1ee3p t\u00e1c qu\u1ed1c t\u1ebf, duy tr\u00ec nhi\u1ec1u th\u1ecfa thu\u1eadn v\u00e0 quan h\u1ec7 \u0111\u1ed1i t\u00e1c v\u1edbi c\u00e1c t\u1ed5 ch\u1ee9c \u1edf ch\u00e2u \u00c1 v\u00e0 ch\u00e2u \u00c2u. Trong khu\u00f4n kh\u1ed5 d\u1ef1 \u00e1n MICRO4ASIA, CU \u0111\u00f3ng g\u00f3p v\u00e0o vi\u1ec7c ph\u00e1t tri\u1ec3n v\u00e0 tri\u1ec3n khai micro-credentials, \u0111\u1ed3ng th\u1eddi h\u1ed7 tr\u1ee3 n\u00e2ng cao n\u0103ng l\u1ef1c v\u00e0 \u0111\u1ed5i m\u1edbi trong gi\u00e1o d\u1ee5c \u0111\u1ea1i h\u1ecdc.<\/p>\n<p><strong>Ng\u01b0\u1eddi ph\u1ee5 tr\u00e1ch:<\/strong> Sonxay LUANGOUDOM<\/p>\n<p><strong>Email:<\/strong> <a class=\"moz-txt-link-abbreviated\" href=\"mailto:s.luangoudom@cu.edu.la\">s.luangoudom@cu.edu.la<\/a><\/p>\n<p><strong>Website c\u1ee7a t\u1ed5 ch\u1ee9c:<\/strong> <a class=\"moz-txt-link-abbreviated\" href=\"http:\/\/www.cu.edu.la\">www.cu.edu.la<\/a><\/p>\n<\/div>\n<p>[\/vc_column_text][\/vc_column][\/vc_row]<\/p>\n<\/div>","protected":false},"excerpt":{"rendered":"<p>[vc_row row_content_width=&#8221;grid&#8221; css=&#8221;.vc_custom_unidu_clean_wrap{padding-top:50px !important;padding-bottom:70px !important;}&#8221;][vc_column width=&#8221;1\/3&#8243;][vc_column_text css=&#8221;&#8221;] Truy c\u1eadp trang web \u2190 Quay l\u1ea1i danh s\u00e1ch \u0111\u1ed1i t\u00e1c [\/vc_column_text][\/vc_column][vc_column width=&#8221;2\/3&#8243;][vc_column_text css=&#8221;&#8221;] H\u1ed3 s\u01a1 \u0111\u1ed1i t\u00e1c \u0110\u1ea1i h\u1ecdc Champassak (CU) \u0110\u1ea1i h\u1ecdc Champassak (CU) l\u00e0 m\u1ed9t c\u01a1 s\u1edf gi\u00e1o d\u1ee5c \u0111\u1ea1i h\u1ecdc c\u00f4ng l\u1eadp t\u1ea1i L\u00e0o, ho\u1ea1t \u0111\u1ed9ng d\u01b0\u1edbi s\u1ef1 qu\u1ea3n l\u00fd c\u1ee7a V\u1ee5 Gi\u00e1o d\u1ee5c \u0110\u1ea1i h\u1ecdc, B\u1ed9 Gi\u00e1o d\u1ee5c v\u00e0 Th\u1ec3 thao. Tr\u01b0\u1eddng \u0111\u00f3ng vai tr\u00f2 quan tr\u1ecdng trong vi\u1ec7c cung c\u1ea5p gi\u00e1o d\u1ee5c \u0111\u1ea1i h\u1ecdc t\u1ea1i mi\u1ec1n Nam L\u00e0o v\u00e0 g\u00f3p ph\u1ea7n ph\u00e1t tri\u1ec3n ngu\u1ed3n nh\u00e2n l\u1ef1c c\u00f3 k\u1ef9 n\u0103ng trong khu v\u1ef1c. CU cung c\u1ea5p nhi\u1ec1u ch\u01b0\u01a1ng tr\u00ecnh \u0111\u00e0o t\u1ea1o thu\u1ed9c s\u00e1u khoa, bao g\u1ed3m N\u00f4ng nghi\u1ec7p v\u00e0 L\u00e2m nghi\u1ec7p, Gi\u00e1o d\u1ee5c, Kinh t\u1ebf v\u00e0 Qu\u1ea3n l\u00fd, K\u1ef9 thu\u1eadt v\u00e0 Khoa h\u1ecdc T\u1ef1 nhi\u00ean. Tr\u01b0\u1eddng \u0111\u01b0\u1ee3c trang b\u1ecb c\u00e1c c\u01a1 s\u1edf v\u1eadt ch\u1ea5t hi\u1ec7n \u0111\u1ea1i nh\u01b0 ph\u00f2ng th\u00ed nghi\u1ec7m, trung t\u00e2m ICT v\u00e0 c\u00e1c trung t\u00e2m nghi\u00ean [&hellip;]<\/p>\n","protected":false},"author":1,"featured_media":0,"parent":7269,"menu_order":0,"comment_status":"closed","ping_status":"closed","template":"","meta":{"footnotes":""},"class_list":["post-7275","page","type-page","status-publish","hentry"],"_links":{"self":[{"href":"https:\/\/www.micro4asia.eu\/vi\/wp-json\/wp\/v2\/pages\/7275","targetHints":{"allow":["GET"]}}],"collection":[{"href":"https:\/\/www.micro4asia.eu\/vi\/wp-json\/wp\/v2\/pages"}],"about":[{"href":"https:\/\/www.micro4asia.eu\/vi\/wp-json\/wp\/v2\/types\/page"}],"author":[{"embeddable":true,"href":"https:\/\/www.micro4asia.eu\/vi\/wp-json\/wp\/v2\/users\/1"}],"replies":[{"embeddable":true,"href":"https:\/\/www.micro4asia.eu\/vi\/wp-json\/wp\/v2\/comments?post=7275"}],"version-history":[{"count":2,"href":"https:\/\/www.micro4asia.eu\/vi\/wp-json\/wp\/v2\/pages\/7275\/revisions"}],"predecessor-version":[{"id":7308,"href":"https:\/\/www.micro4asia.eu\/vi\/wp-json\/wp\/v2\/pages\/7275\/revisions\/7308"}],"up":[{"embeddable":true,"href":"https:\/\/www.micro4asia.eu\/vi\/wp-json\/wp\/v2\/pages\/7269"}],"wp:attachment":[{"href":"https:\/\/www.micro4asia.eu\/vi\/wp-json\/wp\/v2\/media?parent=7275"}],"curies":[{"name":"wp","href":"https:\/\/api.w.org\/{rel}","templated":true}]}}