{"id":7277,"date":"2026-03-21T22:33:23","date_gmt":"2026-03-21T22:33:23","guid":{"rendered":"https:\/\/www.micro4asia.eu\/partners\/ihf\/"},"modified":"2026-05-09T18:13:56","modified_gmt":"2026-05-09T18:13:56","slug":"ihf","status":"publish","type":"page","link":"https:\/\/www.micro4asia.eu\/vi\/partners\/ihf\/","title":{"rendered":"Vi\u1ec7n \u0110\u00e0o t\u1ea1o Cao c\u1ea5p v\u1ec1 Ch\u00ednh s\u00e1ch C\u1ed9ng \u0111\u1ed3ng (IHF)"},"content":{"rendered":"<div class=\"wpb-content-wrapper\"><p>[vc_row row_content_width=&#8221;grid&#8221; css=&#8221;.vc_custom_unidu_clean_wrap{padding-top:50px !important;padding-bottom:70px !important;}&#8221;][vc_column width=&#8221;1\/3&#8243;][vc_column_text css=&#8221;&#8221;]<\/p>\n<div class=\"micro4asia-partner-card-clean\">\n<div class=\"micro4asia-partner-card-logo\"><img decoding=\"async\" src=\"https:\/\/www.micro4asia.eu\/wp-content\/uploads\/2026\/01\/IHF-Logo_transparent-300x96.png\" alt=\"Institut de Haute Formation aux Politiques Communautaires (IHF)\" \/><\/div>\n<div class=\"micro4asia-partner-card-divider\"><\/div>\n<p class=\"micro4asia-partner-card-btn-wrap\"><a class=\"micro4asia-partner-card-btn\" href=\"https:\/\/www.ihfeurope.eu\/\" target=\"_blank\" rel=\"noopener\">Truy c\u1eadp trang web<br \/>\n<\/a><\/p>\n<p class=\"micro4asia-partner-card-back-wrap\"><a class=\"micro4asia-partner-card-back\" href=\"https:\/\/www.micro4asia.eu\/vi\/partners\/\"><br \/>\n\u2190 Quay l\u1ea1i danh s\u00e1ch \u0111\u1ed1i t\u00e1c<br \/>\n<\/a><\/p>\n<\/div>\n<p>[\/vc_column_text][\/vc_column][vc_column width=&#8221;2\/3&#8243;][vc_column_text css=&#8221;&#8221;]<\/p>\n<div class=\"micro4asia-partner-content-clean\">\n<p><strong><span lang=\"EN-US\" style=\"font-size: 11.0pt;\">Vi\u1ec7n \u0110\u00e0o t\u1ea1o Cao c\u1ea5p v\u1ec1 Ch\u00ednh s\u00e1ch C\u1ed9ng \u0111\u1ed3ng (IHF)<\/span><\/strong><span lang=\"EN-US\" style=\"font-size: 11.0pt;\"><br \/>\n<span class=\"whitespace-normal\">Institut de Haute Formation aux Politiques Communautaires<\/span>, \u0111\u01b0\u1ee3c th\u00e0nh l\u1eadp t\u1ea1i Brussels v\u00e0o n\u0103m 2003, l\u00e0 m\u1ed9t c\u01a1 s\u1edf chuy\u00ean m\u00f4n trong l\u0129nh v\u1ef1c gi\u00e1o d\u1ee5c v\u00e0 \u0111\u00e0o t\u1ea1o ngh\u1ec1 (VET), gi\u00e1o d\u1ee5c ng\u01b0\u1eddi l\u1edbn v\u00e0 gi\u00e1o d\u1ee5c \u0111\u1ea1i h\u1ecdc. V\u1edbi h\u01a1n 5.500 ng\u01b0\u1eddi h\u1ecdc \u0111\u00e3 \u0111\u01b0\u1ee3c \u0111\u00e0o t\u1ea1o, IHF t\u1eadp trung v\u00e0o kh\u1edfi nghi\u1ec7p, k\u1ef9 n\u0103ng s\u1ed1 v\u00e0 k\u1ef9 n\u0103ng m\u1ec1m, c\u0169ng nh\u01b0 c\u00e1c ch\u00ednh s\u00e1ch v\u00e0 quy \u0111\u1ecbnh c\u1ee7a Li\u00ean minh ch\u00e2u \u00c2u.<\/span><\/p>\n<p><span lang=\"EN-US\" style=\"font-size: 11.0pt;\">IHF c\u00f3 nhi\u1ec1u kinh nghi\u1ec7m trong qu\u1ea3n l\u00fd v\u00e0 ph\u1ed5 bi\u1ebfn c\u00e1c d\u1ef1 \u00e1n Erasmus+ N\u00e2ng cao n\u0103ng l\u1ef1c trong gi\u00e1o d\u1ee5c \u0111\u1ea1i h\u1ecdc (CBHE). Th\u00f4ng qua m\u1ea1ng l\u01b0\u1edbi qu\u1ed1c t\u1ebf v\u1eefng m\u1ea1nh, t\u1ed5 ch\u1ee9c \u0111\u00f3ng g\u00f3p v\u00e0o vi\u1ec7c ph\u00e1t tri\u1ec3n c\u00e1c th\u1ef1c h\u00e0nh gi\u00e1o d\u1ee5c \u0111\u1ed5i m\u1edbi v\u00e0 h\u1ed7 tr\u1ee3 h\u1ee3p t\u00e1c gi\u1eefa c\u00e1c c\u01a1 s\u1edf gi\u00e1o d\u1ee5c \u0111\u1ea1i h\u1ecdc v\u00e0 c\u00e1c b\u00ean li\u00ean quan.<\/span><\/p>\n<p><span lang=\"EN-US\" style=\"font-size: 11.0pt;\">L\u00e0 th\u00e0nh vi\u00ean t\u00edch c\u1ef1c c\u1ee7a c\u1ed9ng \u0111\u1ed3ng th\u1ef1c h\u00e0nh DIGCOMP, IHF g\u00f3p ph\u1ea7n th\u00fac \u0111\u1ea9y n\u0103ng l\u1ef1c s\u1ed1 trong gi\u00e1o d\u1ee5c. Trong khu\u00f4n kh\u1ed5 d\u1ef1 \u00e1n MICRO4ASIA, IHF cung c\u1ea5p chuy\u00ean m\u00f4n v\u1ec1 thi\u1ebft k\u1ebf, x\u00e1c th\u1ef1c v\u00e0 tri\u1ec3n khai micro-credentials, c\u0169ng nh\u01b0 c\u00f4ng t\u00e1c truy\u1ec1n th\u00f4ng, t\u00ednh b\u1ec1n v\u1eefng v\u00e0 \u0111i\u1ec1u ch\u1ec9nh ch\u00ednh s\u00e1ch \u1edf c\u1ea5p \u0111\u1ed9 ch\u00e2u \u00c2u.<\/span><\/p>\n<p><span lang=\"EN-US\" style=\"font-size: 11.0pt;\">Ng\u01b0\u1eddi ph\u1ee5 tr\u00e1ch: Francesca Paolini<br \/>\nEmail: euprojects@ihfeurope.eu<\/span><\/p>\n<p><span lang=\"EN-US\" style=\"font-size: 11.0pt;\">Website c\u1ee7a t\u1ed5 ch\u1ee9c:<br \/>\n<\/span><span lang=\"EN-US\"><a href=\"https:\/\/www.ihfeurope.eu?utm_source=chatgpt.com\" target=\"_new\"><span style=\"font-size: 11.0pt;\">www.ihfeurope.eu<\/span><\/a><\/span><\/p>\n<\/div>\n<p>[\/vc_column_text][\/vc_column][\/vc_row]<\/p>\n<\/div>","protected":false},"excerpt":{"rendered":"<p>[vc_row row_content_width=&#8221;grid&#8221; css=&#8221;.vc_custom_unidu_clean_wrap{padding-top:50px !important;padding-bottom:70px !important;}&#8221;][vc_column width=&#8221;1\/3&#8243;][vc_column_text css=&#8221;&#8221;] Truy c\u1eadp trang web \u2190 Quay l\u1ea1i danh s\u00e1ch \u0111\u1ed1i t\u00e1c [\/vc_column_text][\/vc_column][vc_column width=&#8221;2\/3&#8243;][vc_column_text css=&#8221;&#8221;] Vi\u1ec7n \u0110\u00e0o t\u1ea1o Cao c\u1ea5p v\u1ec1 Ch\u00ednh s\u00e1ch C\u1ed9ng \u0111\u1ed3ng (IHF) Institut de Haute Formation aux Politiques Communautaires, \u0111\u01b0\u1ee3c th\u00e0nh l\u1eadp t\u1ea1i Brussels v\u00e0o n\u0103m 2003, l\u00e0 m\u1ed9t c\u01a1 s\u1edf chuy\u00ean m\u00f4n trong l\u0129nh v\u1ef1c gi\u00e1o d\u1ee5c v\u00e0 \u0111\u00e0o t\u1ea1o ngh\u1ec1 (VET), gi\u00e1o d\u1ee5c ng\u01b0\u1eddi l\u1edbn v\u00e0 gi\u00e1o d\u1ee5c \u0111\u1ea1i h\u1ecdc. V\u1edbi h\u01a1n 5.500 ng\u01b0\u1eddi h\u1ecdc \u0111\u00e3 \u0111\u01b0\u1ee3c \u0111\u00e0o t\u1ea1o, IHF t\u1eadp trung v\u00e0o kh\u1edfi nghi\u1ec7p, k\u1ef9 n\u0103ng s\u1ed1 v\u00e0 k\u1ef9 n\u0103ng m\u1ec1m, c\u0169ng nh\u01b0 c\u00e1c ch\u00ednh s\u00e1ch v\u00e0 quy \u0111\u1ecbnh c\u1ee7a Li\u00ean minh ch\u00e2u \u00c2u. IHF c\u00f3 nhi\u1ec1u kinh nghi\u1ec7m trong qu\u1ea3n l\u00fd v\u00e0 ph\u1ed5 bi\u1ebfn c\u00e1c d\u1ef1 \u00e1n Erasmus+ N\u00e2ng cao n\u0103ng l\u1ef1c trong gi\u00e1o d\u1ee5c \u0111\u1ea1i h\u1ecdc (CBHE). Th\u00f4ng qua m\u1ea1ng l\u01b0\u1edbi qu\u1ed1c t\u1ebf v\u1eefng m\u1ea1nh, t\u1ed5 ch\u1ee9c \u0111\u00f3ng g\u00f3p v\u00e0o vi\u1ec7c ph\u00e1t tri\u1ec3n c\u00e1c th\u1ef1c [&hellip;]<\/p>\n","protected":false},"author":1,"featured_media":0,"parent":7269,"menu_order":0,"comment_status":"closed","ping_status":"closed","template":"","meta":{"footnotes":""},"class_list":["post-7277","page","type-page","status-publish","hentry"],"_links":{"self":[{"href":"https:\/\/www.micro4asia.eu\/vi\/wp-json\/wp\/v2\/pages\/7277","targetHints":{"allow":["GET"]}}],"collection":[{"href":"https:\/\/www.micro4asia.eu\/vi\/wp-json\/wp\/v2\/pages"}],"about":[{"href":"https:\/\/www.micro4asia.eu\/vi\/wp-json\/wp\/v2\/types\/page"}],"author":[{"embeddable":true,"href":"https:\/\/www.micro4asia.eu\/vi\/wp-json\/wp\/v2\/users\/1"}],"replies":[{"embeddable":true,"href":"https:\/\/www.micro4asia.eu\/vi\/wp-json\/wp\/v2\/comments?post=7277"}],"version-history":[{"count":2,"href":"https:\/\/www.micro4asia.eu\/vi\/wp-json\/wp\/v2\/pages\/7277\/revisions"}],"predecessor-version":[{"id":7300,"href":"https:\/\/www.micro4asia.eu\/vi\/wp-json\/wp\/v2\/pages\/7277\/revisions\/7300"}],"up":[{"embeddable":true,"href":"https:\/\/www.micro4asia.eu\/vi\/wp-json\/wp\/v2\/pages\/7269"}],"wp:attachment":[{"href":"https:\/\/www.micro4asia.eu\/vi\/wp-json\/wp\/v2\/media?parent=7277"}],"curies":[{"name":"wp","href":"https:\/\/api.w.org\/{rel}","templated":true}]}}