{"id":7279,"date":"2026-03-21T22:29:46","date_gmt":"2026-03-21T22:29:46","guid":{"rendered":"https:\/\/www.micro4asia.eu\/partners\/masaryk-university\/"},"modified":"2026-05-09T18:10:54","modified_gmt":"2026-05-09T18:10:54","slug":"masaryk-university","status":"publish","type":"page","link":"https:\/\/www.micro4asia.eu\/vi\/partners\/masaryk-university\/","title":{"rendered":"\u0110\u1ea1i h\u1ecdc Masaryk (MUNI)"},"content":{"rendered":"<div class=\"wpb-content-wrapper\"><p>[vc_row row_content_width=&#8221;grid&#8221; css=&#8221;.vc_custom_unidu_clean_wrap{padding-top:50px !important;padding-bottom:70px !important;}&#8221;][vc_column width=&#8221;1\/3&#8243;][vc_column_text css=&#8221;&#8221;]<\/p>\n<div class=\"micro4asia-partner-card-clean\">\n<div class=\"micro4asia-partner-card-logo\"><img decoding=\"async\" src=\"https:\/\/www.micro4asia.eu\/wp-content\/uploads\/2026\/03\/MUNI_transparent-300x96.png\" alt=\"Masaryk University (MUNI)\" \/><\/div>\n<div class=\"micro4asia-partner-card-divider\"><\/div>\n<p class=\"micro4asia-partner-card-btn-wrap\"><a class=\"micro4asia-partner-card-btn\" href=\"https:\/\/www.muni.cz\/en\" target=\"_blank\" rel=\"noopener\">Truy c\u1eadp trang web<br \/>\n<\/a><\/p>\n<p class=\"micro4asia-partner-card-back-wrap\"><a class=\"micro4asia-partner-card-back\" href=\"https:\/\/www.micro4asia.eu\/vi\/partners\/\"><br \/>\n\u2190 Quay l\u1ea1i danh s\u00e1ch \u0111\u1ed1i t\u00e1c<br \/>\n<\/a><\/p>\n<\/div>\n<p>[\/vc_column_text][\/vc_column][vc_column width=&#8221;2\/3&#8243;][vc_column_text css=&#8221;&#8221;]<\/p>\n<div class=\"micro4asia-partner-content-clean\">\n<p><strong><span lang=\"EN-US\" style=\"font-size: 11.0pt;\">\u0110\u1ea1i h\u1ecdc Masaryk (MUNI)<\/span><\/strong><span lang=\"EN-US\" style=\"font-size: 11.0pt;\"><br \/>\n<span class=\"whitespace-normal\">Masaryk University<\/span> l\u00e0 tr\u01b0\u1eddng \u0111\u1ea1i h\u1ecdc c\u00f4ng l\u1eadp l\u1edbn th\u1ee9 hai t\u1ea1i C\u1ed9ng h\u00f2a S\u00e9c v\u00e0 l\u00e0 m\u1ed9t c\u01a1 s\u1edf h\u00e0ng \u0111\u1ea7u trong gi\u00e1o d\u1ee5c \u0111\u1ea1i h\u1ecdc v\u00e0 nghi\u00ean c\u1ee9u. Th\u00f4ng qua Khoa Kinh t\u1ebf v\u00e0 H\u00e0nh ch\u00ednh (ECON MUNI), tr\u01b0\u1eddng \u0111\u00f3ng vai tr\u00f2 quan tr\u1ecdng trong ph\u00e1t tri\u1ec3n h\u1ecdc thu\u1eadt, h\u1ee3p t\u00e1c qu\u1ed1c t\u1ebf v\u00e0 nghi\u00ean c\u1ee9u \u1ee9ng d\u1ee5ng.<\/span><\/p>\n<p><span lang=\"EN-US\" style=\"font-size: 11.0pt;\">Khoa Kinh t\u1ebf Doanh nghi\u1ec7p, m\u1ed9t b\u1ed9 ph\u1eadn quan tr\u1ecdng c\u1ee7a ECON MUNI, t\u1eadp trung v\u00e0o qu\u1ea3n tr\u1ecb kinh doanh v\u00e0 tin h\u1ecdc th\u00f4ng qua c\u00e1c ch\u01b0\u01a1ng tr\u00ecnh \u0111\u00e0o t\u1ea1o to\u00e0n di\u1ec7n \u1edf b\u1eadc c\u1eed nh\u00e2n, th\u1ea1c s\u0129 v\u00e0 ti\u1ebfn s\u0129. \u0110\u01b0\u1ee3c th\u00e0nh l\u1eadp v\u00e0o n\u0103m 1999, khoa \u0111\u00e3 x\u00e2y d\u1ef1ng \u0111\u01b0\u1ee3c uy t\u00edn v\u1eefng ch\u1eafc trong nghi\u00ean c\u1ee9u v\u1ec1 ho\u1ea1t \u0111\u1ed9ng doanh nghi\u1ec7p v\u00e0 t\u00e1c \u0111\u1ed9ng kinh t\u1ebf r\u1ed9ng h\u01a1n c\u1ee7a ch\u00fang.<\/span><\/p>\n<p><span lang=\"EN-US\" style=\"font-size: 11.0pt;\">\u0110\u1ea1i h\u1ecdc Masaryk t\u00edch c\u1ef1c tham gia c\u00e1c d\u1ef1 \u00e1n v\u00e0 quan h\u1ec7 \u0111\u1ed1i t\u00e1c qu\u1ed1c t\u1ebf, th\u1ec3 hi\u1ec7n cam k\u1ebft m\u1ea1nh m\u1ebd \u0111\u1ed1i v\u1edbi \u0111\u1ed5i m\u1edbi, l\u00e3nh \u0111\u1ea1o c\u00f3 \u0111\u1ea1o \u0111\u1ee9c v\u00e0 h\u1ecdc t\u1eadp su\u1ed1t \u0111\u1eddi. Trong khu\u00f4n kh\u1ed5 d\u1ef1 \u00e1n MICRO4ASIA, MUNI \u0111\u00f3ng g\u00f3p chuy\u00ean m\u00f4n v\u1ec1 ph\u00e1t tri\u1ec3n ch\u01b0\u01a1ng tr\u00ecnh \u0111\u00e0o t\u1ea1o, x\u00e2y d\u1ef1ng n\u0103ng l\u1ef1c v\u00e0 qu\u1ed1c t\u1ebf h\u00f3a h\u1ec7 th\u1ed1ng gi\u00e1o d\u1ee5c \u0111\u1ea1i h\u1ecdc.<\/span><\/p>\n<p><span lang=\"EN-US\" style=\"font-size: 11.0pt;\">Ng\u01b0\u1eddi ph\u1ee5 tr\u00e1ch: Du\u0161an Mladenovi\u0107<br \/>\nEmail: dusan.mladenovic@econ.muni.cz<\/span><\/p>\n<p><span lang=\"EN-US\" style=\"font-size: 11.0pt;\">Website c\u1ee7a t\u1ed5 ch\u1ee9c:<br \/>\n<\/span><span lang=\"EN-US\"><a href=\"https:\/\/www.muni.cz?utm_source=chatgpt.com\" target=\"_new\"><span style=\"font-size: 11.0pt;\">www.muni.cz<\/span><\/a><\/span><\/p>\n<p>&nbsp;<\/p>\n<\/div>\n<p>[\/vc_column_text][\/vc_column][\/vc_row]<\/p>\n<\/div>","protected":false},"excerpt":{"rendered":"<p>[vc_row row_content_width=&#8221;grid&#8221; css=&#8221;.vc_custom_unidu_clean_wrap{padding-top:50px !important;padding-bottom:70px !important;}&#8221;][vc_column width=&#8221;1\/3&#8243;][vc_column_text css=&#8221;&#8221;] Truy c\u1eadp trang web \u2190 Quay l\u1ea1i danh s\u00e1ch \u0111\u1ed1i t\u00e1c [\/vc_column_text][\/vc_column][vc_column width=&#8221;2\/3&#8243;][vc_column_text css=&#8221;&#8221;] \u0110\u1ea1i h\u1ecdc Masaryk (MUNI) Masaryk University l\u00e0 tr\u01b0\u1eddng \u0111\u1ea1i h\u1ecdc c\u00f4ng l\u1eadp l\u1edbn th\u1ee9 hai t\u1ea1i C\u1ed9ng h\u00f2a S\u00e9c v\u00e0 l\u00e0 m\u1ed9t c\u01a1 s\u1edf h\u00e0ng \u0111\u1ea7u trong gi\u00e1o d\u1ee5c \u0111\u1ea1i h\u1ecdc v\u00e0 nghi\u00ean c\u1ee9u. Th\u00f4ng qua Khoa Kinh t\u1ebf v\u00e0 H\u00e0nh ch\u00ednh (ECON MUNI), tr\u01b0\u1eddng \u0111\u00f3ng vai tr\u00f2 quan tr\u1ecdng trong ph\u00e1t tri\u1ec3n h\u1ecdc thu\u1eadt, h\u1ee3p t\u00e1c qu\u1ed1c t\u1ebf v\u00e0 nghi\u00ean c\u1ee9u \u1ee9ng d\u1ee5ng. Khoa Kinh t\u1ebf Doanh nghi\u1ec7p, m\u1ed9t b\u1ed9 ph\u1eadn quan tr\u1ecdng c\u1ee7a ECON MUNI, t\u1eadp trung v\u00e0o qu\u1ea3n tr\u1ecb kinh doanh v\u00e0 tin h\u1ecdc th\u00f4ng qua c\u00e1c ch\u01b0\u01a1ng tr\u00ecnh \u0111\u00e0o t\u1ea1o to\u00e0n di\u1ec7n \u1edf b\u1eadc c\u1eed nh\u00e2n, th\u1ea1c s\u0129 v\u00e0 ti\u1ebfn s\u0129. \u0110\u01b0\u1ee3c th\u00e0nh l\u1eadp v\u00e0o n\u0103m 1999, khoa \u0111\u00e3 x\u00e2y d\u1ef1ng \u0111\u01b0\u1ee3c uy t\u00edn v\u1eefng ch\u1eafc trong nghi\u00ean c\u1ee9u v\u1ec1 ho\u1ea1t \u0111\u1ed9ng doanh nghi\u1ec7p v\u00e0 [&hellip;]<\/p>\n","protected":false},"author":1,"featured_media":0,"parent":7269,"menu_order":0,"comment_status":"closed","ping_status":"closed","template":"","meta":{"footnotes":""},"class_list":["post-7279","page","type-page","status-publish","hentry"],"_links":{"self":[{"href":"https:\/\/www.micro4asia.eu\/vi\/wp-json\/wp\/v2\/pages\/7279","targetHints":{"allow":["GET"]}}],"collection":[{"href":"https:\/\/www.micro4asia.eu\/vi\/wp-json\/wp\/v2\/pages"}],"about":[{"href":"https:\/\/www.micro4asia.eu\/vi\/wp-json\/wp\/v2\/types\/page"}],"author":[{"embeddable":true,"href":"https:\/\/www.micro4asia.eu\/vi\/wp-json\/wp\/v2\/users\/1"}],"replies":[{"embeddable":true,"href":"https:\/\/www.micro4asia.eu\/vi\/wp-json\/wp\/v2\/comments?post=7279"}],"version-history":[{"count":2,"href":"https:\/\/www.micro4asia.eu\/vi\/wp-json\/wp\/v2\/pages\/7279\/revisions"}],"predecessor-version":[{"id":7294,"href":"https:\/\/www.micro4asia.eu\/vi\/wp-json\/wp\/v2\/pages\/7279\/revisions\/7294"}],"up":[{"embeddable":true,"href":"https:\/\/www.micro4asia.eu\/vi\/wp-json\/wp\/v2\/pages\/7269"}],"wp:attachment":[{"href":"https:\/\/www.micro4asia.eu\/vi\/wp-json\/wp\/v2\/media?parent=7279"}],"curies":[{"name":"wp","href":"https:\/\/api.w.org\/{rel}","templated":true}]}}