{"id":7281,"date":"2026-03-21T22:38:45","date_gmt":"2026-03-21T22:38:45","guid":{"rendered":"https:\/\/www.micro4asia.eu\/partners\/neu\/"},"modified":"2026-05-09T18:27:52","modified_gmt":"2026-05-09T18:27:52","slug":"neu","status":"publish","type":"page","link":"https:\/\/www.micro4asia.eu\/vi\/partners\/neu\/","title":{"rendered":"\u0110\u1ea1i h\u1ecdc Kinh t\u1ebf Qu\u1ed1c d\u00e2n H\u00e0 N\u1ed9i (NEU)"},"content":{"rendered":"<div class=\"wpb-content-wrapper\"><p>[vc_row row_content_width=&#8221;grid&#8221; css=&#8221;.vc_custom_unidu_clean_wrap{padding-top:50px !important;padding-bottom:70px !important;}&#8221;][vc_column width=&#8221;1\/3&#8243;][vc_column_text css=&#8221;&#8221;]<\/p>\n<div class=\"micro4asia-partner-card-clean\">\n<div class=\"micro4asia-partner-card-logo\"><img decoding=\"async\" src=\"https:\/\/www.micro4asia.eu\/wp-content\/uploads\/2026\/03\/NEU_transparent-300x96.png\" alt=\"National Economics University of Hanoi (NEU)\" \/><\/div>\n<div class=\"micro4asia-partner-card-divider\"><\/div>\n<p class=\"micro4asia-partner-card-btn-wrap\"><a class=\"micro4asia-partner-card-btn\" href=\"https:\/\/www.neu.edu.vn\/\" target=\"_blank\" rel=\"noopener\">Truy c\u1eadp trang web<br \/>\n<\/a><\/p>\n<p class=\"micro4asia-partner-card-back-wrap\"><a class=\"micro4asia-partner-card-back\" href=\"https:\/\/www.micro4asia.eu\/vi\/partners\/\"><br \/>\n\u2190 Quay l\u1ea1i danh s\u00e1ch \u0111\u1ed1i t\u00e1c<br \/>\n<\/a><\/p>\n<\/div>\n<p>[\/vc_column_text][\/vc_column][vc_column width=&#8221;2\/3&#8243;][vc_column_text css=&#8221;&#8221;]<\/p>\n<div class=\"micro4asia-partner-content-clean\">\n<h2 class=\"micro4asia-partner-title-clean\">\u0110\u1ea1i h\u1ecdc Kinh t\u1ebf Qu\u1ed1c d\u00e2n H\u00e0 N\u1ed9i (NEU)<\/h2>\n<p>\u0110\u1ea1i h\u1ecdc Kinh t\u1ebf Qu\u1ed1c d\u00e2n H\u00e0 N\u1ed9i (NEU), \u0111\u01b0\u1ee3c th\u00e0nh l\u1eadp v\u00e0o n\u0103m 1956, l\u00e0 m\u1ed9t trong nh\u1eefng c\u01a1 s\u1edf gi\u00e1o d\u1ee5c \u0111\u1ea1i h\u1ecdc h\u00e0ng \u0111\u1ea7u t\u1ea1i Vi\u1ec7t Nam trong c\u00e1c l\u0129nh v\u1ef1c kinh t\u1ebf, qu\u1ea3n l\u00fd v\u00e0 qu\u1ea3n tr\u1ecb kinh doanh. Tr\u01b0\u1eddng \u0111\u1eb7c bi\u1ec7t ch\u00fa tr\u1ecdng \u0111\u1ebfn ch\u1ea5t l\u01b0\u1ee3ng gi\u1ea3ng d\u1ea1y v\u00e0 vi\u1ec7c chu\u1ea9n b\u1ecb cho sinh vi\u00ean \u0111\u00e1p \u1ee9ng th\u1ecb tr\u01b0\u1eddng lao \u0111\u1ed9ng c\u1ea1nh tranh v\u00e0 n\u0103ng \u0111\u1ed9ng.<\/p>\n<p>V\u1edbi c\u1ed9ng \u0111\u1ed3ng h\u1ecdc thu\u1eadt l\u1edbn g\u1ed3m h\u01a1n 1.200 c\u00e1n b\u1ed9, trong \u0111\u00f3 c\u00f3 h\u01a1n 150 gi\u00e1o s\u01b0 v\u00e0 ph\u00f3 gi\u00e1o s\u01b0 c\u00f9ng h\u01a1n 200 ti\u1ebfn s\u0129, NEU \u0111\u00e0o t\u1ea1o h\u01a1n 35.000 sinh vi\u00ean m\u1ed7i n\u0103m th\u00f4ng qua c\u00e1c ch\u01b0\u01a1ng tr\u00ecnh c\u1eed nh\u00e2n, th\u1ea1c s\u0129 v\u00e0 ti\u1ebfn s\u0129.<\/p>\n<p>Trong khu\u00f4n kh\u1ed5 d\u1ef1 \u00e1n MICRO4ASIA, NEU \u0111\u00f3ng g\u00f3p v\u00e0o vi\u1ec7c ph\u00e1t tri\u1ec3n v\u00e0 tri\u1ec3n khai micro-credentials, h\u1ed7 tr\u1ee3 \u0111\u1ed5i m\u1edbi ch\u01b0\u01a1ng tr\u00ecnh \u0111\u00e0o t\u1ea1o v\u00e0 t\u0103ng c\u01b0\u1eddng h\u1ee3p t\u00e1c gi\u1eefa c\u00e1c c\u01a1 s\u1edf gi\u00e1o d\u1ee5c \u0111\u1ea1i h\u1ecdc v\u1edbi th\u1ecb tr\u01b0\u1eddng lao \u0111\u1ed9ng, th\u00fac \u0111\u1ea9y ph\u00e1t tri\u1ec3n k\u1ef9 n\u0103ng v\u00e0 kh\u1ea3 n\u0103ng vi\u1ec7c l\u00e0m.<\/p>\n<p><strong>Ng\u01b0\u1eddi ph\u1ee5 tr\u00e1ch:<\/strong> Tung Dao Thanh<\/p>\n<p><strong>Email:<\/strong> <a href=\"mailto:tungdt@neu.edu.vn\">tungdt@neu.edu.vn<\/a><\/p>\n<p><strong>Website c\u1ee7a t\u1ed5 ch\u1ee9c:<\/strong><br \/>\n<a href=\"https:\/\/www.neu.edu.vn\/\" target=\"_blank\" rel=\"noopener\">www.neu.edu.vn<\/a><\/p>\n<\/div>\n<p>[\/vc_column_text][\/vc_column][\/vc_row]<\/p>\n<\/div>","protected":false},"excerpt":{"rendered":"<p>[vc_row row_content_width=&#8221;grid&#8221; css=&#8221;.vc_custom_unidu_clean_wrap{padding-top:50px !important;padding-bottom:70px !important;}&#8221;][vc_column width=&#8221;1\/3&#8243;][vc_column_text css=&#8221;&#8221;] Truy c\u1eadp trang web \u2190 Quay l\u1ea1i danh s\u00e1ch \u0111\u1ed1i t\u00e1c [\/vc_column_text][\/vc_column][vc_column width=&#8221;2\/3&#8243;][vc_column_text css=&#8221;&#8221;] \u0110\u1ea1i h\u1ecdc Kinh t\u1ebf Qu\u1ed1c d\u00e2n H\u00e0 N\u1ed9i (NEU) \u0110\u1ea1i h\u1ecdc Kinh t\u1ebf Qu\u1ed1c d\u00e2n H\u00e0 N\u1ed9i (NEU), \u0111\u01b0\u1ee3c th\u00e0nh l\u1eadp v\u00e0o n\u0103m 1956, l\u00e0 m\u1ed9t trong nh\u1eefng c\u01a1 s\u1edf gi\u00e1o d\u1ee5c \u0111\u1ea1i h\u1ecdc h\u00e0ng \u0111\u1ea7u t\u1ea1i Vi\u1ec7t Nam trong c\u00e1c l\u0129nh v\u1ef1c kinh t\u1ebf, qu\u1ea3n l\u00fd v\u00e0 qu\u1ea3n tr\u1ecb kinh doanh. Tr\u01b0\u1eddng \u0111\u1eb7c bi\u1ec7t ch\u00fa tr\u1ecdng \u0111\u1ebfn ch\u1ea5t l\u01b0\u1ee3ng gi\u1ea3ng d\u1ea1y v\u00e0 vi\u1ec7c chu\u1ea9n b\u1ecb cho sinh vi\u00ean \u0111\u00e1p \u1ee9ng th\u1ecb tr\u01b0\u1eddng lao \u0111\u1ed9ng c\u1ea1nh tranh v\u00e0 n\u0103ng \u0111\u1ed9ng. V\u1edbi c\u1ed9ng \u0111\u1ed3ng h\u1ecdc thu\u1eadt l\u1edbn g\u1ed3m h\u01a1n 1.200 c\u00e1n b\u1ed9, trong \u0111\u00f3 c\u00f3 h\u01a1n 150 gi\u00e1o s\u01b0 v\u00e0 ph\u00f3 gi\u00e1o s\u01b0 c\u00f9ng h\u01a1n 200 ti\u1ebfn s\u0129, NEU \u0111\u00e0o t\u1ea1o h\u01a1n 35.000 sinh vi\u00ean m\u1ed7i n\u0103m th\u00f4ng qua c\u00e1c ch\u01b0\u01a1ng tr\u00ecnh c\u1eed nh\u00e2n, th\u1ea1c s\u0129 v\u00e0 ti\u1ebfn s\u0129. Trong [&hellip;]<\/p>\n","protected":false},"author":1,"featured_media":0,"parent":7269,"menu_order":0,"comment_status":"closed","ping_status":"closed","template":"","meta":{"footnotes":""},"class_list":["post-7281","page","type-page","status-publish","hentry"],"_links":{"self":[{"href":"https:\/\/www.micro4asia.eu\/vi\/wp-json\/wp\/v2\/pages\/7281","targetHints":{"allow":["GET"]}}],"collection":[{"href":"https:\/\/www.micro4asia.eu\/vi\/wp-json\/wp\/v2\/pages"}],"about":[{"href":"https:\/\/www.micro4asia.eu\/vi\/wp-json\/wp\/v2\/types\/page"}],"author":[{"embeddable":true,"href":"https:\/\/www.micro4asia.eu\/vi\/wp-json\/wp\/v2\/users\/1"}],"replies":[{"embeddable":true,"href":"https:\/\/www.micro4asia.eu\/vi\/wp-json\/wp\/v2\/comments?post=7281"}],"version-history":[{"count":2,"href":"https:\/\/www.micro4asia.eu\/vi\/wp-json\/wp\/v2\/pages\/7281\/revisions"}],"predecessor-version":[{"id":7310,"href":"https:\/\/www.micro4asia.eu\/vi\/wp-json\/wp\/v2\/pages\/7281\/revisions\/7310"}],"up":[{"embeddable":true,"href":"https:\/\/www.micro4asia.eu\/vi\/wp-json\/wp\/v2\/pages\/7269"}],"wp:attachment":[{"href":"https:\/\/www.micro4asia.eu\/vi\/wp-json\/wp\/v2\/media?parent=7281"}],"curies":[{"name":"wp","href":"https:\/\/api.w.org\/{rel}","templated":true}]}}