{"id":7283,"date":"2026-03-21T22:39:59","date_gmt":"2026-03-21T22:39:59","guid":{"rendered":"https:\/\/www.micro4asia.eu\/partners\/nuol\/"},"modified":"2026-05-09T18:28:31","modified_gmt":"2026-05-09T18:28:31","slug":"nuol","status":"publish","type":"page","link":"https:\/\/www.micro4asia.eu\/vi\/partners\/nuol\/","title":{"rendered":"\u0110\u1ea1i h\u1ecdc Qu\u1ed1c gia L\u00e0o (NUOL)"},"content":{"rendered":"<div class=\"wpb-content-wrapper\"><p>[vc_row row_content_width=&#8221;grid&#8221; css=&#8221;.vc_custom_unidu_clean_wrap{padding-top:50px !important;padding-bottom:70px !important;}&#8221;][vc_column width=&#8221;1\/3&#8243;][vc_column_text css=&#8221;&#8221;]<\/p>\n<div class=\"micro4asia-partner-card-clean\">\n<div class=\"micro4asia-partner-card-logo\"><img decoding=\"async\" src=\"https:\/\/www.micro4asia.eu\/wp-content\/uploads\/2026\/03\/NUOL_transparent-1-300x96.png\" alt=\"National University of Laos (NUOL)\" \/><\/div>\n<div class=\"micro4asia-partner-card-divider\"><\/div>\n<p class=\"micro4asia-partner-card-btn-wrap\"><a class=\"micro4asia-partner-card-btn\" href=\"https:\/\/www.nuol.edu.la\/\" target=\"_blank\" rel=\"noopener\">Truy c\u1eadp trang web<br \/>\n<\/a><\/p>\n<p class=\"micro4asia-partner-card-back-wrap\"><a class=\"micro4asia-partner-card-back\" href=\"https:\/\/www.micro4asia.eu\/vi\/partners\/\"><br \/>\n\u2190 Quay l\u1ea1i danh s\u00e1ch \u0111\u1ed1i t\u00e1c<br \/>\n<\/a><\/p>\n<\/div>\n<p>[\/vc_column_text][\/vc_column][vc_column width=&#8221;2\/3&#8243;][vc_column_text css=&#8221;&#8221;]<\/p>\n<div class=\"micro4asia-partner-content-clean\">\n<h2 class=\"micro4asia-partner-title-clean\">\u0110\u1ea1i h\u1ecdc Qu\u1ed1c gia L\u00e0o (NUOL)<\/h2>\n<p>\u0110\u1ea1i h\u1ecdc Qu\u1ed1c gia L\u00e0o (NUOL), \u0111\u01b0\u1ee3c th\u00e0nh l\u1eadp v\u00e0o n\u0103m 1996 t\u1ea1i Vi\u00eang Ch\u0103n, l\u00e0 m\u1ed9t c\u01a1 s\u1edf gi\u00e1o d\u1ee5c \u0111\u1ea1i h\u1ecdc c\u00f4ng l\u1eadp h\u00e0ng \u0111\u1ea7u \u0111\u01b0\u1ee3c B\u1ed9 Gi\u00e1o d\u1ee5c v\u00e0 Th\u1ec3 thao L\u00e0o c\u00f4ng nh\u1eadn. Tr\u01b0\u1eddng \u0111\u00f3ng vai tr\u00f2 quan tr\u1ecdng trong s\u1ef1 ph\u00e1t tri\u1ec3n gi\u00e1o d\u1ee5c \u0111\u1ea1i h\u1ecdc v\u00e0 ngu\u1ed3n nh\u00e2n l\u1ef1c c\u1ee7a \u0111\u1ea5t n\u01b0\u1edbc.<\/p>\n<p>NUOL ph\u1ee5c v\u1ee5 kho\u1ea3ng t\u1eeb 25.000 \u0111\u1ebfn 30.000 sinh vi\u00ean v\u00e0 cung c\u1ea5p nhi\u1ec1u ch\u01b0\u01a1ng tr\u00ecnh \u0111\u00e0o t\u1ea1o \u0111a d\u1ea1ng, bao g\u1ed3m c\u1eed nh\u00e2n, th\u1ea1c s\u0129 v\u00e0 ti\u1ebfn s\u0129 trong nhi\u1ec1u l\u0129nh v\u1ef1c kh\u00e1c nhau. Tr\u01b0\u1eddng cam k\u1ebft h\u01b0\u1edbng t\u1edbi s\u1ef1 xu\u1ea5t s\u1eafc trong h\u1ecdc thu\u1eadt, ph\u00e1t tri\u1ec3n nghi\u00ean c\u1ee9u v\u00e0 h\u1ee3p t\u00e1c qu\u1ed1c t\u1ebf.<\/p>\n<p>V\u1edbi c\u00e1c c\u01a1 s\u1edf v\u1eadt ch\u1ea5t hi\u1ec7n \u0111\u1ea1i nh\u01b0 th\u01b0 vi\u1ec7n, k\u00fd t\u00fac x\u00e1 sinh vi\u00ean, c\u01a1 s\u1edf h\u1ea1 t\u1ea7ng th\u1ec3 thao v\u00e0 h\u1ed7 tr\u1ee3 c\u00e1c ch\u01b0\u01a1ng tr\u00ecnh trao \u0111\u1ed5i, NUOL cung c\u1ea5p m\u1ed9t m\u00f4i tr\u01b0\u1eddng h\u1ecdc thu\u1eadt to\u00e0n di\u1ec7n. Trong khu\u00f4n kh\u1ed5 d\u1ef1 \u00e1n MICRO4ASIA, NUOL \u0111\u00f3ng g\u00f3p v\u00e0o vi\u1ec7c tri\u1ec3n khai v\u00e0 x\u00e1c th\u1ef1c micro-credentials, \u0111\u1ed3ng th\u1eddi h\u1ed7 tr\u1ee3 ph\u00e1t tri\u1ec3n c\u00e1c l\u1ed9 tr\u00ecnh h\u1ecdc t\u1eadp linh ho\u1ea1t v\u00e0 \u0111\u01b0\u1ee3c c\u00f4ng nh\u1eadn qu\u1ed1c t\u1ebf.<\/p>\n<p><strong>Ng\u01b0\u1eddi ph\u1ee5 tr\u00e1ch:<\/strong> Pakaiphone Syphoxay<\/p>\n<p><strong>Email:<\/strong> <em>syphoxay1881@gmail.com<\/em><\/p>\n<p><strong>Website c\u1ee7a t\u1ed5 ch\u1ee9c:<\/strong><br \/>\n<a href=\"https:\/\/www.nuol.edu.la\/\" target=\"_blank\" rel=\"noopener\">www.nuol.edu.la<\/a><\/p>\n<\/div>\n<p>[\/vc_column_text][\/vc_column][\/vc_row]<\/p>\n<\/div>","protected":false},"excerpt":{"rendered":"<p>[vc_row row_content_width=&#8221;grid&#8221; css=&#8221;.vc_custom_unidu_clean_wrap{padding-top:50px !important;padding-bottom:70px !important;}&#8221;][vc_column width=&#8221;1\/3&#8243;][vc_column_text css=&#8221;&#8221;] Truy c\u1eadp trang web \u2190 Quay l\u1ea1i danh s\u00e1ch \u0111\u1ed1i t\u00e1c [\/vc_column_text][\/vc_column][vc_column width=&#8221;2\/3&#8243;][vc_column_text css=&#8221;&#8221;] \u0110\u1ea1i h\u1ecdc Qu\u1ed1c gia L\u00e0o (NUOL) \u0110\u1ea1i h\u1ecdc Qu\u1ed1c gia L\u00e0o (NUOL), \u0111\u01b0\u1ee3c th\u00e0nh l\u1eadp v\u00e0o n\u0103m 1996 t\u1ea1i Vi\u00eang Ch\u0103n, l\u00e0 m\u1ed9t c\u01a1 s\u1edf gi\u00e1o d\u1ee5c \u0111\u1ea1i h\u1ecdc c\u00f4ng l\u1eadp h\u00e0ng \u0111\u1ea7u \u0111\u01b0\u1ee3c B\u1ed9 Gi\u00e1o d\u1ee5c v\u00e0 Th\u1ec3 thao L\u00e0o c\u00f4ng nh\u1eadn. Tr\u01b0\u1eddng \u0111\u00f3ng vai tr\u00f2 quan tr\u1ecdng trong s\u1ef1 ph\u00e1t tri\u1ec3n gi\u00e1o d\u1ee5c \u0111\u1ea1i h\u1ecdc v\u00e0 ngu\u1ed3n nh\u00e2n l\u1ef1c c\u1ee7a \u0111\u1ea5t n\u01b0\u1edbc. NUOL ph\u1ee5c v\u1ee5 kho\u1ea3ng t\u1eeb 25.000 \u0111\u1ebfn 30.000 sinh vi\u00ean v\u00e0 cung c\u1ea5p nhi\u1ec1u ch\u01b0\u01a1ng tr\u00ecnh \u0111\u00e0o t\u1ea1o \u0111a d\u1ea1ng, bao g\u1ed3m c\u1eed nh\u00e2n, th\u1ea1c s\u0129 v\u00e0 ti\u1ebfn s\u0129 trong nhi\u1ec1u l\u0129nh v\u1ef1c kh\u00e1c nhau. Tr\u01b0\u1eddng cam k\u1ebft h\u01b0\u1edbng t\u1edbi s\u1ef1 xu\u1ea5t s\u1eafc trong h\u1ecdc thu\u1eadt, ph\u00e1t tri\u1ec3n nghi\u00ean c\u1ee9u v\u00e0 h\u1ee3p t\u00e1c qu\u1ed1c t\u1ebf. V\u1edbi c\u00e1c c\u01a1 s\u1edf v\u1eadt ch\u1ea5t hi\u1ec7n \u0111\u1ea1i nh\u01b0 th\u01b0 [&hellip;]<\/p>\n","protected":false},"author":1,"featured_media":0,"parent":7269,"menu_order":0,"comment_status":"closed","ping_status":"closed","template":"","meta":{"footnotes":""},"class_list":["post-7283","page","type-page","status-publish","hentry"],"_links":{"self":[{"href":"https:\/\/www.micro4asia.eu\/vi\/wp-json\/wp\/v2\/pages\/7283","targetHints":{"allow":["GET"]}}],"collection":[{"href":"https:\/\/www.micro4asia.eu\/vi\/wp-json\/wp\/v2\/pages"}],"about":[{"href":"https:\/\/www.micro4asia.eu\/vi\/wp-json\/wp\/v2\/types\/page"}],"author":[{"embeddable":true,"href":"https:\/\/www.micro4asia.eu\/vi\/wp-json\/wp\/v2\/users\/1"}],"replies":[{"embeddable":true,"href":"https:\/\/www.micro4asia.eu\/vi\/wp-json\/wp\/v2\/comments?post=7283"}],"version-history":[{"count":2,"href":"https:\/\/www.micro4asia.eu\/vi\/wp-json\/wp\/v2\/pages\/7283\/revisions"}],"predecessor-version":[{"id":7312,"href":"https:\/\/www.micro4asia.eu\/vi\/wp-json\/wp\/v2\/pages\/7283\/revisions\/7312"}],"up":[{"embeddable":true,"href":"https:\/\/www.micro4asia.eu\/vi\/wp-json\/wp\/v2\/pages\/7269"}],"wp:attachment":[{"href":"https:\/\/www.micro4asia.eu\/vi\/wp-json\/wp\/v2\/media?parent=7283"}],"curies":[{"name":"wp","href":"https:\/\/api.w.org\/{rel}","templated":true}]}}