{"id":7285,"date":"2026-03-21T22:23:58","date_gmt":"2026-03-21T22:23:58","guid":{"rendered":"https:\/\/www.micro4asia.eu\/partners\/university-of-dubrovnik\/"},"modified":"2026-05-09T18:11:58","modified_gmt":"2026-05-09T18:11:58","slug":"university-of-dubrovnik","status":"publish","type":"page","link":"https:\/\/www.micro4asia.eu\/vi\/partners\/university-of-dubrovnik\/","title":{"rendered":"\u0110\u1ea1i h\u1ecdc Dubrovnik (UNIDU)"},"content":{"rendered":"<div class=\"wpb-content-wrapper\"><p>[vc_row row_content_width=&#8221;grid&#8221; css=&#8221;.vc_custom_unidu_clean_wrap{padding-top:50px !important;padding-bottom:70px !important;}&#8221;][vc_column width=&#8221;1\/3&#8243;][vc_column_text css=&#8221;&#8221;]<\/p>\n<div class=\"micro4asia-partner-card-clean\">\n<div class=\"micro4asia-partner-card-logo\"><img decoding=\"async\" src=\"https:\/\/www.micro4asia.eu\/wp-content\/uploads\/2026\/03\/UNIDU_transparent-300x96.png\" alt=\"University of Dubrovnik\" \/><\/div>\n<div class=\"micro4asia-partner-card-divider\"><\/div>\n<p class=\"micro4asia-partner-card-btn-wrap\"><a class=\"micro4asia-partner-card-btn\" href=\"https:\/\/www.unidu.hr\/\" target=\"_blank\" rel=\"noopener\">Truy c\u1eadp trang web<\/a><\/p>\n<p class=\"micro4asia-partner-card-back-wrap\"><a class=\"micro4asia-partner-card-back\" href=\"https:\/\/www.micro4asia.eu\/vi\/partners\/\">\u2190 Quay l\u1ea1i danh s\u00e1ch \u0111\u1ed1i t\u00e1c<\/a><\/p>\n<\/div>\n<p>[\/vc_column_text][\/vc_column][vc_column width=&#8221;2\/3&#8243;][vc_column_text css=&#8221;&#8221;]<\/p>\n<div class=\"micro4asia-partner-content-clean\">\n<p><strong><span lang=\"EN-US\" style=\"font-size: 11.0pt;\">\u0110\u1ea1i h\u1ecdc Dubrovnik (UNIDU)<\/span><\/strong><span lang=\"EN-US\" style=\"font-size: 11.0pt;\"><br \/>\n<span class=\"whitespace-normal\">University of Dubrovnik<\/span> \u0111\u01b0\u1ee3c th\u00e0nh l\u1eadp v\u00e0o n\u0103m 2003 v\u00e0 t\u1ecda l\u1ea1c t\u1ea1i Dubrovnik, Croatia \u2014 m\u1ed9t th\u00e0nh ph\u1ed1 \u0111\u01b0\u1ee3c UNESCO c\u00f4ng nh\u1eadn l\u00e0 Di s\u1ea3n Th\u1ebf gi\u1edbi tr\u00ean b\u1edd bi\u1ec3n Adriatic. Tr\u01b0\u1eddng \u0111\u01b0\u1ee3c t\u1ed5 ch\u1ee9c th\u00e0nh s\u00e1u khoa v\u00e0 cung c\u1ea5p m\u00f4i tr\u01b0\u1eddng h\u1ecdc thu\u1eadt hi\u1ec7n \u0111\u1ea1i cho kho\u1ea3ng 2.000 sinh vi\u00ean.<\/span><\/p>\n<p><span lang=\"EN-US\" style=\"font-size: 11.0pt;\">UNIDU \u0111\u01b0\u1ee3c c\u00f4ng nh\u1eadn l\u00e0 m\u1ed9t trong nh\u1eefng c\u01a1 s\u1edf gi\u00e1o d\u1ee5c \u0111\u1ea1i h\u1ecdc ti\u00ean phong t\u1ea1i Croatia trong l\u0129nh v\u1ef1c micro-credentials (ch\u1ee9ng ch\u1ec9 vi m\u00f4). Th\u00f4ng qua kinh nghi\u1ec7m trong ph\u00e1t tri\u1ec3n, thi\u1ebft k\u1ebf v\u00e0 c\u00f4ng nh\u1eadn micro-credentials, tr\u01b0\u1eddng \u0111\u00f3ng g\u00f3p chuy\u00ean m\u00f4n quan tr\u1ecdng cho d\u1ef1 \u00e1n MICRO4ASIA v\u00e0 h\u1ed7 tr\u1ee3 trao \u0111\u1ed5i tri th\u1ee9c trong b\u1ed1i c\u1ea3nh ch\u00e2u \u00c2u.<\/span><\/p>\n<p><span lang=\"EN-US\" style=\"font-size: 11.0pt;\">Tr\u01b0\u1eddng c\u0169ng t\u00edch c\u1ef1c tham gia h\u1ee3p t\u00e1c qu\u1ed1c t\u1ebf, chuy\u1ec3n \u0111\u1ed5i s\u1ed1 v\u00e0 \u0111\u1ed5i m\u1edbi trong gi\u00e1o d\u1ee5c \u0111\u1ea1i h\u1ecdc, g\u00f3p ph\u1ea7n t\u1ea1o ra c\u00e1c c\u01a1 h\u1ed9i h\u1ecdc t\u1eadp bao tr\u00f9m, linh ho\u1ea1t v\u00e0 h\u01b0\u1edbng t\u1edbi t\u01b0\u01a1ng lai.<\/span><\/p>\n<p><span lang=\"EN-US\" style=\"font-size: 11.0pt;\">Ng\u01b0\u1eddi ph\u1ee5 tr\u00e1ch: Anja Grabovac<br \/>\nEmail: anja.grabovac@unidu.hr<\/span><\/p>\n<p><span lang=\"EN-US\" style=\"font-size: 11.0pt;\">Website c\u1ee7a t\u1ed5 ch\u1ee9c:<br \/>\n<\/span><span lang=\"EN-US\"><a href=\"https:\/\/www.unidu.hr?utm_source=chatgpt.com\" target=\"_new\"><span style=\"font-size: 11.0pt;\">www.unidu.hr<\/span><\/a><\/span><\/p>\n<\/div>\n<p>[\/vc_column_text][\/vc_column][\/vc_row]<\/p>\n<\/div>","protected":false},"excerpt":{"rendered":"<p>[vc_row row_content_width=&#8221;grid&#8221; css=&#8221;.vc_custom_unidu_clean_wrap{padding-top:50px !important;padding-bottom:70px !important;}&#8221;][vc_column width=&#8221;1\/3&#8243;][vc_column_text css=&#8221;&#8221;] Truy c\u1eadp trang web \u2190 Quay l\u1ea1i danh s\u00e1ch \u0111\u1ed1i t\u00e1c [\/vc_column_text][\/vc_column][vc_column width=&#8221;2\/3&#8243;][vc_column_text css=&#8221;&#8221;] \u0110\u1ea1i h\u1ecdc Dubrovnik (UNIDU) University of Dubrovnik \u0111\u01b0\u1ee3c th\u00e0nh l\u1eadp v\u00e0o n\u0103m 2003 v\u00e0 t\u1ecda l\u1ea1c t\u1ea1i Dubrovnik, Croatia \u2014 m\u1ed9t th\u00e0nh ph\u1ed1 \u0111\u01b0\u1ee3c UNESCO c\u00f4ng nh\u1eadn l\u00e0 Di s\u1ea3n Th\u1ebf gi\u1edbi tr\u00ean b\u1edd bi\u1ec3n Adriatic. Tr\u01b0\u1eddng \u0111\u01b0\u1ee3c t\u1ed5 ch\u1ee9c th\u00e0nh s\u00e1u khoa v\u00e0 cung c\u1ea5p m\u00f4i tr\u01b0\u1eddng h\u1ecdc thu\u1eadt hi\u1ec7n \u0111\u1ea1i cho kho\u1ea3ng 2.000 sinh vi\u00ean. UNIDU \u0111\u01b0\u1ee3c c\u00f4ng nh\u1eadn l\u00e0 m\u1ed9t trong nh\u1eefng c\u01a1 s\u1edf gi\u00e1o d\u1ee5c \u0111\u1ea1i h\u1ecdc ti\u00ean phong t\u1ea1i Croatia trong l\u0129nh v\u1ef1c micro-credentials (ch\u1ee9ng ch\u1ec9 vi m\u00f4). Th\u00f4ng qua kinh nghi\u1ec7m trong ph\u00e1t tri\u1ec3n, thi\u1ebft k\u1ebf v\u00e0 c\u00f4ng nh\u1eadn micro-credentials, tr\u01b0\u1eddng \u0111\u00f3ng g\u00f3p chuy\u00ean m\u00f4n quan tr\u1ecdng cho d\u1ef1 \u00e1n MICRO4ASIA v\u00e0 h\u1ed7 tr\u1ee3 trao \u0111\u1ed5i tri th\u1ee9c trong b\u1ed1i c\u1ea3nh ch\u00e2u \u00c2u. Tr\u01b0\u1eddng c\u0169ng t\u00edch c\u1ef1c tham gia h\u1ee3p t\u00e1c qu\u1ed1c t\u1ebf, [&hellip;]<\/p>\n","protected":false},"author":1,"featured_media":0,"parent":7269,"menu_order":0,"comment_status":"closed","ping_status":"closed","template":"","meta":{"footnotes":""},"class_list":["post-7285","page","type-page","status-publish","hentry"],"_links":{"self":[{"href":"https:\/\/www.micro4asia.eu\/vi\/wp-json\/wp\/v2\/pages\/7285","targetHints":{"allow":["GET"]}}],"collection":[{"href":"https:\/\/www.micro4asia.eu\/vi\/wp-json\/wp\/v2\/pages"}],"about":[{"href":"https:\/\/www.micro4asia.eu\/vi\/wp-json\/wp\/v2\/types\/page"}],"author":[{"embeddable":true,"href":"https:\/\/www.micro4asia.eu\/vi\/wp-json\/wp\/v2\/users\/1"}],"replies":[{"embeddable":true,"href":"https:\/\/www.micro4asia.eu\/vi\/wp-json\/wp\/v2\/comments?post=7285"}],"version-history":[{"count":2,"href":"https:\/\/www.micro4asia.eu\/vi\/wp-json\/wp\/v2\/pages\/7285\/revisions"}],"predecessor-version":[{"id":7296,"href":"https:\/\/www.micro4asia.eu\/vi\/wp-json\/wp\/v2\/pages\/7285\/revisions\/7296"}],"up":[{"embeddable":true,"href":"https:\/\/www.micro4asia.eu\/vi\/wp-json\/wp\/v2\/pages\/7269"}],"wp:attachment":[{"href":"https:\/\/www.micro4asia.eu\/vi\/wp-json\/wp\/v2\/media?parent=7285"}],"curies":[{"name":"wp","href":"https:\/\/api.w.org\/{rel}","templated":true}]}}