{"id":7287,"date":"2026-03-21T22:36:37","date_gmt":"2026-03-21T22:36:37","guid":{"rendered":"https:\/\/www.micro4asia.eu\/partners\/ueh\/"},"modified":"2026-05-09T18:15:23","modified_gmt":"2026-05-09T18:15:23","slug":"ueh","status":"publish","type":"page","link":"https:\/\/www.micro4asia.eu\/vi\/partners\/ueh\/","title":{"rendered":"\u0110\u1ea1i h\u1ecdc Kinh t\u1ebf TP. H\u1ed3 Ch\u00ed Minh (UEH)"},"content":{"rendered":"<div class=\"wpb-content-wrapper\"><p>[vc_row row_content_width=&#8221;grid&#8221; css=&#8221;.vc_custom_unidu_clean_wrap{padding-top:50px !important;padding-bottom:70px !important;}&#8221;][vc_column width=&#8221;1\/3&#8243;][vc_column_text css=&#8221;&#8221;]<\/p>\n<div class=\"micro4asia-partner-card-clean\">\n<div class=\"micro4asia-partner-card-logo\"><img decoding=\"async\" src=\"https:\/\/www.micro4asia.eu\/wp-content\/uploads\/2026\/03\/UEH_transparent-300x96.png\" alt=\"University of Economics of Ho Chi Minh City (UEH)\" \/><\/div>\n<div class=\"micro4asia-partner-card-divider\"><\/div>\n<p class=\"micro4asia-partner-card-btn-wrap\"><a class=\"micro4asia-partner-card-btn\" href=\"https:\/\/www.ueh.edu.vn\/\" target=\"_blank\" rel=\"noopener\">Truy c\u1eadp trang web<br \/>\n<\/a><\/p>\n<p class=\"micro4asia-partner-card-back-wrap\"><a class=\"micro4asia-partner-card-back\" href=\"https:\/\/www.micro4asia.eu\/vi\/partners\/\"><br \/>\n\u2190 Quay l\u1ea1i danh s\u00e1ch \u0111\u1ed1i t\u00e1c<br \/>\n<\/a><\/p>\n<\/div>\n<p>[\/vc_column_text][\/vc_column][vc_column width=&#8221;2\/3&#8243;][vc_column_text css=&#8221;&#8221;]<\/p>\n<div class=\"micro4asia-partner-content-clean\">\n<p><strong><span lang=\"EN-US\" style=\"font-size: 11.0pt;\">\u0110\u1ea1i h\u1ecdc Kinh t\u1ebf TP. H\u1ed3 Ch\u00ed Minh (UEH)<\/span><\/strong><span lang=\"EN-US\" style=\"font-size: 11.0pt;\"><br \/>\n<span class=\"whitespace-normal\">University of Economics Ho Chi Minh City<\/span> l\u00e0 m\u1ed9t c\u01a1 s\u1edf gi\u00e1o d\u1ee5c \u0111\u1ea1i h\u1ecdc h\u00e0ng \u0111\u1ea7u t\u1ea1i Vi\u1ec7t Nam, \u0111\u01b0\u1ee3c c\u00f4ng nh\u1eadn nh\u1edd th\u00e0nh t\u00edch h\u1ecdc thu\u1eadt m\u1ea1nh m\u1ebd v\u00e0 k\u1ebft qu\u1ea3 nghi\u00ean c\u1ee9u qu\u1ed1c t\u1ebf n\u1ed5i b\u1eadt. Tr\u01b0\u1eddng \u0111\u00e3 x\u00e2y d\u1ef1ng m\u1ea1ng l\u01b0\u1edbi r\u1ed9ng l\u1edbn v\u1edbi h\u01a1n 125 \u0111\u1ed1i t\u00e1c qu\u1ed1c t\u1ebf v\u00e0 t\u00edch c\u1ef1c \u0111\u00f3ng g\u00f3p v\u00e0o c\u1ed9ng \u0111\u1ed3ng h\u1ecdc thu\u1eadt to\u00e0n c\u1ea7u th\u00f4ng qua c\u00e1c c\u00f4ng b\u1ed1 khoa h\u1ecdc v\u00e0 nghi\u00ean c\u1ee9u \u1ee9ng d\u1ee5ng.<\/span><\/p>\n<p><span lang=\"EN-US\" style=\"font-size: 11.0pt;\">UEH \u0111\u01b0\u1ee3c h\u1ed7 tr\u1ee3 b\u1edfi \u0111\u1ed9i ng\u0169 gi\u1ea3ng vi\u00ean c\u00f3 tr\u00ecnh \u0111\u1ed9 cao, \u0111\u01b0\u1ee3c \u0111\u00e0o t\u1ea1o t\u1ea1i nhi\u1ec1u c\u01a1 s\u1edf gi\u00e1o d\u1ee5c uy t\u00edn tr\u00ean th\u1ebf gi\u1edbi. Tr\u01b0\u1eddng \u0111\u00e3 \u0111\u00e0o t\u1ea1o nhi\u1ec1u th\u1ebf h\u1ec7 sinh vi\u00ean trong l\u0129nh v\u1ef1c kinh t\u1ebf v\u00e0 qu\u1ea3n l\u00fd, trong \u0111\u00f3 nhi\u1ec1u c\u1ef1u sinh vi\u00ean \u0111ang gi\u1eef c\u00e1c v\u1ecb tr\u00ed quan tr\u1ecdng trong ch\u00ednh ph\u1ee7, c\u00e1c c\u01a1 s\u1edf gi\u00e1o d\u1ee5c \u0111\u1ea1i h\u1ecdc v\u00e0 c\u00e1c t\u1ed5 ch\u1ee9c qu\u1ed1c t\u1ebf.<\/span><\/p>\n<p><span lang=\"EN-US\" style=\"font-size: 11.0pt;\">Trong chi\u1ebfn l\u01b0\u1ee3c ph\u00e1t tri\u1ec3n c\u1ee7a m\u00ecnh, UEH \u0111ang chuy\u1ec3n \u0111\u1ed5i th\u00e0nh m\u1ed9t \u0111\u1ea1i h\u1ecdc \u0111a ng\u00e0nh v\u00e0 ph\u00e1t tri\u1ec3n b\u1ec1n v\u1eefng. Trong khu\u00f4n kh\u1ed5 d\u1ef1 \u00e1n MICRO4ASIA, UEH \u0111\u00f3ng g\u00f3p v\u00e0o vi\u1ec7c ph\u00e1t tri\u1ec3n v\u00e0 tri\u1ec3n khai micro-credentials, h\u1ed7 tr\u1ee3 h\u1ee3p t\u00e1c qu\u1ed1c t\u1ebf v\u00e0 th\u00fac \u0111\u1ea9y c\u00e1c ph\u01b0\u01a1ng ph\u00e1p \u0111\u1ed5i m\u1edbi trong h\u1ecdc t\u1eadp su\u1ed1t \u0111\u1eddi v\u00e0 ph\u00e1t tri\u1ec3n k\u1ef9 n\u0103ng.<\/span><\/p>\n<p><span lang=\"EN-US\" style=\"font-size: 11.0pt;\">Ng\u01b0\u1eddi ph\u1ee5 tr\u00e1ch: Y\u1ebfn Ho\u00e0ng<br \/>\nEmail: yenhh@ueh.edu.vn<\/span><\/p>\n<p><span lang=\"EN-US\" style=\"font-size: 11.0pt;\">Website c\u1ee7a t\u1ed5 ch\u1ee9c:<br \/>\n<\/span><span lang=\"EN-US\"><a href=\"https:\/\/www.ueh.edu.vn?utm_source=chatgpt.com\" target=\"_new\"><span style=\"font-size: 11.0pt;\">www.ueh.edu.vn<\/span><\/a><\/span><\/p>\n<\/div>\n<p>[\/vc_column_text][\/vc_column][\/vc_row]<\/p>\n<\/div>","protected":false},"excerpt":{"rendered":"<p>[vc_row row_content_width=&#8221;grid&#8221; css=&#8221;.vc_custom_unidu_clean_wrap{padding-top:50px !important;padding-bottom:70px !important;}&#8221;][vc_column width=&#8221;1\/3&#8243;][vc_column_text css=&#8221;&#8221;] Truy c\u1eadp trang web \u2190 Quay l\u1ea1i danh s\u00e1ch \u0111\u1ed1i t\u00e1c [\/vc_column_text][\/vc_column][vc_column width=&#8221;2\/3&#8243;][vc_column_text css=&#8221;&#8221;] \u0110\u1ea1i h\u1ecdc Kinh t\u1ebf TP. H\u1ed3 Ch\u00ed Minh (UEH) University of Economics Ho Chi Minh City l\u00e0 m\u1ed9t c\u01a1 s\u1edf gi\u00e1o d\u1ee5c \u0111\u1ea1i h\u1ecdc h\u00e0ng \u0111\u1ea7u t\u1ea1i Vi\u1ec7t Nam, \u0111\u01b0\u1ee3c c\u00f4ng nh\u1eadn nh\u1edd th\u00e0nh t\u00edch h\u1ecdc thu\u1eadt m\u1ea1nh m\u1ebd v\u00e0 k\u1ebft qu\u1ea3 nghi\u00ean c\u1ee9u qu\u1ed1c t\u1ebf n\u1ed5i b\u1eadt. Tr\u01b0\u1eddng \u0111\u00e3 x\u00e2y d\u1ef1ng m\u1ea1ng l\u01b0\u1edbi r\u1ed9ng l\u1edbn v\u1edbi h\u01a1n 125 \u0111\u1ed1i t\u00e1c qu\u1ed1c t\u1ebf v\u00e0 t\u00edch c\u1ef1c \u0111\u00f3ng g\u00f3p v\u00e0o c\u1ed9ng \u0111\u1ed3ng h\u1ecdc thu\u1eadt to\u00e0n c\u1ea7u th\u00f4ng qua c\u00e1c c\u00f4ng b\u1ed1 khoa h\u1ecdc v\u00e0 nghi\u00ean c\u1ee9u \u1ee9ng d\u1ee5ng. UEH \u0111\u01b0\u1ee3c h\u1ed7 tr\u1ee3 b\u1edfi \u0111\u1ed9i ng\u0169 gi\u1ea3ng vi\u00ean c\u00f3 tr\u00ecnh \u0111\u1ed9 cao, \u0111\u01b0\u1ee3c \u0111\u00e0o t\u1ea1o t\u1ea1i nhi\u1ec1u c\u01a1 s\u1edf gi\u00e1o d\u1ee5c uy t\u00edn tr\u00ean th\u1ebf gi\u1edbi. Tr\u01b0\u1eddng \u0111\u00e3 \u0111\u00e0o t\u1ea1o nhi\u1ec1u th\u1ebf h\u1ec7 sinh vi\u00ean trong l\u0129nh v\u1ef1c kinh t\u1ebf v\u00e0 [&hellip;]<\/p>\n","protected":false},"author":1,"featured_media":0,"parent":7269,"menu_order":0,"comment_status":"closed","ping_status":"closed","template":"","meta":{"footnotes":""},"class_list":["post-7287","page","type-page","status-publish","hentry"],"_links":{"self":[{"href":"https:\/\/www.micro4asia.eu\/vi\/wp-json\/wp\/v2\/pages\/7287","targetHints":{"allow":["GET"]}}],"collection":[{"href":"https:\/\/www.micro4asia.eu\/vi\/wp-json\/wp\/v2\/pages"}],"about":[{"href":"https:\/\/www.micro4asia.eu\/vi\/wp-json\/wp\/v2\/types\/page"}],"author":[{"embeddable":true,"href":"https:\/\/www.micro4asia.eu\/vi\/wp-json\/wp\/v2\/users\/1"}],"replies":[{"embeddable":true,"href":"https:\/\/www.micro4asia.eu\/vi\/wp-json\/wp\/v2\/comments?post=7287"}],"version-history":[{"count":2,"href":"https:\/\/www.micro4asia.eu\/vi\/wp-json\/wp\/v2\/pages\/7287\/revisions"}],"predecessor-version":[{"id":7302,"href":"https:\/\/www.micro4asia.eu\/vi\/wp-json\/wp\/v2\/pages\/7287\/revisions\/7302"}],"up":[{"embeddable":true,"href":"https:\/\/www.micro4asia.eu\/vi\/wp-json\/wp\/v2\/pages\/7269"}],"wp:attachment":[{"href":"https:\/\/www.micro4asia.eu\/vi\/wp-json\/wp\/v2\/media?parent=7287"}],"curies":[{"name":"wp","href":"https:\/\/api.w.org\/{rel}","templated":true}]}}