{"id":7289,"date":"2026-03-21T22:31:32","date_gmt":"2026-03-21T22:31:32","guid":{"rendered":"https:\/\/www.micro4asia.eu\/partners\/university-of-siena\/"},"modified":"2026-05-09T18:12:59","modified_gmt":"2026-05-09T18:12:59","slug":"university-of-siena","status":"publish","type":"page","link":"https:\/\/www.micro4asia.eu\/vi\/partners\/university-of-siena\/","title":{"rendered":"\u0110\u1ea1i h\u1ecdc Siena (UNISI)"},"content":{"rendered":"<div class=\"wpb-content-wrapper\"><p>[vc_row row_content_width=&#8221;grid&#8221; css=&#8221;.vc_custom_unidu_clean_wrap{padding-top:50px !important;padding-bottom:70px !important;}&#8221;][vc_column width=&#8221;1\/3&#8243;][vc_column_text css=&#8221;&#8221;]<\/p>\n<div class=\"micro4asia-partner-card-clean\">\n<div class=\"micro4asia-partner-card-logo\"><img decoding=\"async\" src=\"https:\/\/www.micro4asia.eu\/wp-content\/uploads\/2026\/03\/UNISI_transparent-300x96.png\" alt=\"University of Siena (UNISI)\" \/><\/div>\n<div class=\"micro4asia-partner-card-divider\"><\/div>\n<p class=\"micro4asia-partner-card-btn-wrap\"><a class=\"micro4asia-partner-card-btn\" href=\"https:\/\/www.unisi.it\/\" target=\"_blank\" rel=\"noopener\">Truy c\u1eadp trang web<br \/>\n<\/a><\/p>\n<p class=\"micro4asia-partner-card-back-wrap\"><a class=\"micro4asia-partner-card-back\" href=\"https:\/\/www.micro4asia.eu\/vi\/partners\/\"><br \/>\n\u2190 Quay l\u1ea1i danh s\u00e1ch \u0111\u1ed1i t\u00e1c<br \/>\n<\/a><\/p>\n<\/div>\n<p>[\/vc_column_text][\/vc_column][vc_column width=&#8221;2\/3&#8243;][vc_column_text css=&#8221;&#8221;]<\/p>\n<div class=\"micro4asia-partner-content-clean\">\n<p><strong><span lang=\"EN-US\" style=\"font-size: 11.0pt;\">\u0110\u1ea1i h\u1ecdc Siena (UNISI)<\/span><\/strong><span lang=\"EN-US\" style=\"font-size: 11.0pt;\"><br \/>\n<span class=\"whitespace-normal\">University of Siena<\/span> \u0111\u01b0\u1ee3c th\u00e0nh l\u1eadp v\u00e0o n\u0103m 1240 v\u00e0 l\u00e0 m\u1ed9t trong nh\u1eefng tr\u01b0\u1eddng \u0111\u1ea1i h\u1ecdc l\u00e2u \u0111\u1eddi nh\u1ea5t ch\u00e2u \u00c2u, \u0111\u1ed3ng th\u1eddi l\u00e0 m\u1ed9t c\u01a1 s\u1edf gi\u00e1o d\u1ee5c \u0111\u1ea1i h\u1ecdc c\u00f4ng l\u1eadp uy t\u00edn t\u1ea1i \u00dd. V\u1edbi kho\u1ea3ng 20.000 sinh vi\u00ean, tr\u01b0\u1eddng cung c\u1ea5p \u0111a d\u1ea1ng c\u00e1c ch\u01b0\u01a1ng tr\u00ecnh \u0111\u00e0o t\u1ea1o thu\u1ed9c nhi\u1ec1u l\u0129nh v\u1ef1c nh\u01b0 kinh t\u1ebf, lu\u1eadt, k\u1ef9 thu\u1eadt, nh\u00e2n v\u0103n, y h\u1ecdc v\u00e0 khoa h\u1ecdc t\u1ef1 nhi\u00ean.<\/span><\/p>\n<p><span lang=\"EN-US\" style=\"font-size: 11.0pt;\">UNISI \u0111\u01b0\u1ee3c c\u00f4ng nh\u1eadn nh\u1edd truy\u1ec1n th\u1ed1ng h\u1ecdc thu\u1eadt v\u1eefng ch\u1eafc v\u00e0 ch\u1ea5t l\u01b0\u1ee3ng nghi\u00ean c\u1ee9u cao, \u0111\u1eb7c bi\u1ec7t trong c\u00e1c l\u0129nh v\u1ef1c kinh t\u1ebf, ng\u00e2n h\u00e0ng v\u00e0 t\u00e0i ch\u00ednh. Tr\u01b0\u1eddng ho\u1ea1t \u0111\u1ed9ng th\u00f4ng qua nhi\u1ec1u khoa v\u00e0 cung c\u1ea5p c\u00e1c ch\u01b0\u01a1ng tr\u00ecnh c\u1eed nh\u00e2n, th\u1ea1c s\u0129 v\u00e0 ch\u01b0\u01a1ng tr\u00ecnh li\u00ean th\u00f4ng d\u00e0i h\u1ea1n, \u0111\u00f3ng g\u00f3p quan tr\u1ecdng cho s\u1ef1 ph\u00e1t tri\u1ec3n h\u1ecdc thu\u1eadt \u1edf c\u1ea3 c\u1ea5p qu\u1ed1c gia v\u00e0 qu\u1ed1c t\u1ebf.<\/span><\/p>\n<p><span lang=\"EN-US\" style=\"font-size: 11.0pt;\">Trong khu\u00f4n kh\u1ed5 d\u1ef1 \u00e1n MICRO4ASIA, \u0110\u1ea1i h\u1ecdc Siena \u0111\u00f3ng vai tr\u00f2 quan tr\u1ecdng trong vi\u1ec7c h\u1ed7 tr\u1ee3 c\u00e1c \u0111\u1ed1i t\u00e1c t\u1ea1i c\u00e1c qu\u1ed1c gia tham gia ph\u00e1t tri\u1ec3n micro-credentials, \u0111\u1eb7c bi\u1ec7t trong c\u00e1c l\u0129nh v\u1ef1c kinh t\u1ebf, t\u00e0i ch\u00ednh v\u00e0 kinh doanh. Chuy\u00ean m\u00f4n c\u1ee7a tr\u01b0\u1eddng g\u00f3p ph\u1ea7n t\u0103ng c\u01b0\u1eddng n\u0103ng l\u1ef1c, chuy\u1ec3n giao tri th\u1ee9c v\u00e0 qu\u1ed1c t\u1ebf h\u00f3a h\u1ec7 th\u1ed1ng gi\u00e1o d\u1ee5c \u0111\u1ea1i h\u1ecdc.<\/span><\/p>\n<p><span lang=\"EN-US\" style=\"font-size: 11.0pt;\">Ng\u01b0\u1eddi ph\u1ee5 tr\u00e1ch: Prof. Maurizio Pompella<br \/>\nEmail: maurizio.pompella@unisi.it<\/span><\/p>\n<p><span lang=\"EN-US\" style=\"font-size: 11.0pt;\">Website c\u1ee7a t\u1ed5 ch\u1ee9c:<br \/>\n<\/span><span lang=\"EN-US\"><a href=\"https:\/\/www.unisi.it?utm_source=chatgpt.com\" target=\"_new\"><span style=\"font-size: 11.0pt;\">www.unisi.it<\/span><\/a><\/span><\/p>\n<\/div>\n<p>[\/vc_column_text][\/vc_column][\/vc_row]<\/p>\n<\/div>","protected":false},"excerpt":{"rendered":"<p>[vc_row row_content_width=&#8221;grid&#8221; css=&#8221;.vc_custom_unidu_clean_wrap{padding-top:50px !important;padding-bottom:70px !important;}&#8221;][vc_column width=&#8221;1\/3&#8243;][vc_column_text css=&#8221;&#8221;] Truy c\u1eadp trang web \u2190 Quay l\u1ea1i danh s\u00e1ch \u0111\u1ed1i t\u00e1c [\/vc_column_text][\/vc_column][vc_column width=&#8221;2\/3&#8243;][vc_column_text css=&#8221;&#8221;] \u0110\u1ea1i h\u1ecdc Siena (UNISI) University of Siena \u0111\u01b0\u1ee3c th\u00e0nh l\u1eadp v\u00e0o n\u0103m 1240 v\u00e0 l\u00e0 m\u1ed9t trong nh\u1eefng tr\u01b0\u1eddng \u0111\u1ea1i h\u1ecdc l\u00e2u \u0111\u1eddi nh\u1ea5t ch\u00e2u \u00c2u, \u0111\u1ed3ng th\u1eddi l\u00e0 m\u1ed9t c\u01a1 s\u1edf gi\u00e1o d\u1ee5c \u0111\u1ea1i h\u1ecdc c\u00f4ng l\u1eadp uy t\u00edn t\u1ea1i \u00dd. V\u1edbi kho\u1ea3ng 20.000 sinh vi\u00ean, tr\u01b0\u1eddng cung c\u1ea5p \u0111a d\u1ea1ng c\u00e1c ch\u01b0\u01a1ng tr\u00ecnh \u0111\u00e0o t\u1ea1o thu\u1ed9c nhi\u1ec1u l\u0129nh v\u1ef1c nh\u01b0 kinh t\u1ebf, lu\u1eadt, k\u1ef9 thu\u1eadt, nh\u00e2n v\u0103n, y h\u1ecdc v\u00e0 khoa h\u1ecdc t\u1ef1 nhi\u00ean. UNISI \u0111\u01b0\u1ee3c c\u00f4ng nh\u1eadn nh\u1edd truy\u1ec1n th\u1ed1ng h\u1ecdc thu\u1eadt v\u1eefng ch\u1eafc v\u00e0 ch\u1ea5t l\u01b0\u1ee3ng nghi\u00ean c\u1ee9u cao, \u0111\u1eb7c bi\u1ec7t trong c\u00e1c l\u0129nh v\u1ef1c kinh t\u1ebf, ng\u00e2n h\u00e0ng v\u00e0 t\u00e0i ch\u00ednh. Tr\u01b0\u1eddng ho\u1ea1t \u0111\u1ed9ng th\u00f4ng qua nhi\u1ec1u khoa v\u00e0 cung c\u1ea5p c\u00e1c ch\u01b0\u01a1ng tr\u00ecnh c\u1eed nh\u00e2n, th\u1ea1c s\u0129 v\u00e0 ch\u01b0\u01a1ng tr\u00ecnh li\u00ean th\u00f4ng d\u00e0i [&hellip;]<\/p>\n","protected":false},"author":1,"featured_media":0,"parent":7269,"menu_order":0,"comment_status":"closed","ping_status":"closed","template":"","meta":{"footnotes":""},"class_list":["post-7289","page","type-page","status-publish","hentry"],"_links":{"self":[{"href":"https:\/\/www.micro4asia.eu\/vi\/wp-json\/wp\/v2\/pages\/7289","targetHints":{"allow":["GET"]}}],"collection":[{"href":"https:\/\/www.micro4asia.eu\/vi\/wp-json\/wp\/v2\/pages"}],"about":[{"href":"https:\/\/www.micro4asia.eu\/vi\/wp-json\/wp\/v2\/types\/page"}],"author":[{"embeddable":true,"href":"https:\/\/www.micro4asia.eu\/vi\/wp-json\/wp\/v2\/users\/1"}],"replies":[{"embeddable":true,"href":"https:\/\/www.micro4asia.eu\/vi\/wp-json\/wp\/v2\/comments?post=7289"}],"version-history":[{"count":2,"href":"https:\/\/www.micro4asia.eu\/vi\/wp-json\/wp\/v2\/pages\/7289\/revisions"}],"predecessor-version":[{"id":7298,"href":"https:\/\/www.micro4asia.eu\/vi\/wp-json\/wp\/v2\/pages\/7289\/revisions\/7298"}],"up":[{"embeddable":true,"href":"https:\/\/www.micro4asia.eu\/vi\/wp-json\/wp\/v2\/pages\/7269"}],"wp:attachment":[{"href":"https:\/\/www.micro4asia.eu\/vi\/wp-json\/wp\/v2\/media?parent=7289"}],"curies":[{"name":"wp","href":"https:\/\/api.w.org\/{rel}","templated":true}]}}